{"id":880,"date":"2012-04-19T15:09:21","date_gmt":"2012-04-19T20:09:21","guid":{"rendered":"https:\/\/polschool.com\/?page_id=880"},"modified":"2026-04-17T07:24:35","modified_gmt":"2026-04-17T12:24:35","slug":"registration","status":"publish","type":"page","link":"https:\/\/polschool.com\/en\/registration\/","title":{"rendered":"Register"},"content":{"rendered":"<h4 style=\"text-align: left;\" align=\"center\"><span style=\"color: navy;\"><strong>Enrollment for the 2026-27 School Year:<\/strong><\/span><\/h4>\n<p style=\"text-align: left;\" align=\"center\"><span style=\"color: navy;\"><strong><img loading=\"lazy\" decoding=\"async\" class=\"alignright size-full wp-image-8470\" src=\"https:\/\/polschool.com\/wp-content\/uploads\/2021\/04\/dzieci-w-szkole.jpg\" alt=\"\" width=\"267\" height=\"189\" \/><\/strong><\/span><\/p>\n<p><span class=\"HwtZe\" lang=\"en\"><span class=\"jCAhz ChMk0b\"><span class=\"ryNqvb\">To enroll for the 2026-27 school year, please fill out the <a href=\"https:\/\/forms.office.com\/r\/rJzmNCGdWK?origin=lprLink\" target=\"_blank\" rel=\"noopener\"><strong>registration form<\/strong><\/a>. The registration fee is <strong>$300 per family<\/strong> and is due upon registration. This fee is included in the tuition.<\/span><\/span><\/span><\/p>\n<h4 style=\"text-align: left;\" align=\"center\"><span style=\"color: navy;\"><strong>Required Documents<\/strong><\/span><\/h4>\n<h5>New Students:<\/h5>\n<ul>\n<li>Birth certificate (for review)<\/li>\n<li>Certificate from the previous school<\/li>\n<\/ul>\n<h5>PRCUA Members &#8211; PRCUA Insurance Policy Number<\/h5>\n<h4 style=\"text-align: left;\" align=\"center\"><span style=\"color: navy;\"><strong><a href=\"https:\/\/polschool.com\/oplaty\/\" target=\"_blank\" rel=\"noopener\">Pricing<\/a> and <\/strong><\/span><strong><a href=\"https:\/\/polschool.com\/program-nauczania\/\" target=\"_blank\" rel=\"noopener\">Curriculum<\/a><\/strong><\/h4>\n<h4><span style=\"color: navy;\"><strong>Payment Methods<\/strong><\/span><\/h4>\n<ul>\n<li>Cash<\/li>\n<li><strong>Zelle:<\/strong> Send payments to <a href=\"mailto:president@polschool.com\">president@polschool.com<\/a><\/li>\n<li><a href=\"https:\/\/www.zeffy.com\/en-US\/ticketing\/rejestracja-20262027-registration--20262027\" target=\"_blank\" rel=\"noopener\">Credit Card trough Zeffy<\/a><\/li>\n<li><strong>Check:<\/strong> Payable to JPII Polish School<\/li>\n<\/ul>\n<p>Mail checks to:<br \/>\n<em> Polska Szko\u0142a im. \u015bw. Jana Paw\u0142a II<\/em><br \/>\n<em> 608 Sobieski Street<\/em><br \/>\n<em> Lemont, IL 60439<\/em><\/p>\n<h4><span style=\"color: navy;\"><strong>Tuition Payment Deadlines:<\/strong><\/span><\/h4>\n<ul>\n<li><strong>Full Payment:<\/strong> By September 30, 2026<\/li>\n<li><strong>Late Fee:<\/strong> $50 after October 1, 2026<\/li>\n<li><strong>Final Deadline:<\/strong> October 30, 2026. Unpaid balances will result in suspension of school privileges.<\/li>\n<\/ul>\n<h4><span style=\"color: navy;\"><strong>Refund Policy:<\/strong><\/span><\/h4>\n<ul>\n<li><strong>Withdrawal by September 30:<\/strong> Tuition refund minus the $300 registration fee.<\/li>\n<li><strong>Withdrawal by October 31:<\/strong> Tuition refund minus 50% of the tuition fee.<\/li>\n<li><strong>After November 1:<\/strong> No tuition refund.<\/li>\n<\/ul>\n<p style=\"text-align: justify;\"><span style=\"color: #ff0000;\"><em>Religious classes in Polish are offered at the <a href=\"https:\/\/re.stcyril.org\/\">parish of St. Cyril and Methodius<\/a> on Fridays. Classes start at 5:00 PM, and students can continue their education in the Polish school afterwards. Contact: Mrs. Monika Leja, phone: 630-257-9314, email:\u00a0<a href=\"mailto:stcyrilRE@sscmlemont.org\">stcyrilRE@sscmlemont.org<\/a>.<\/em><\/span><\/p>\n<p>&nbsp;<\/p>\n<p><iframe loading=\"lazy\" style=\"border: none; max-width: 100%; max-height: 100vh;\" src=\"https:\/\/forms.office.com\/r\/rJzmNCGdWK?embed=true\" width=\"640px\" height=\"600px\" frameborder=\"0\" marginwidth=\"0\" marginheight=\"0\" allowfullscreen=\"allowfullscreen\"><span data-mce-type=\"bookmark\" style=\"display: inline-block; width: 0px; overflow: hidden; line-height: 0;\" class=\"mce_SELRES_start\">\ufeff<\/span><span data-mce-type=\"bookmark\" style=\"display: inline-block; width: 0px; overflow: hidden; line-height: 0;\" class=\"mce_SELRES_start\">\ufeff<\/span> <\/iframe><\/p>\n","protected":false},"excerpt":{"rendered":"<p>Enrollment for the 2026-27 School Year: To enroll for the 2026-27 school year, please fill out the registration form. The registration fee is $300 per family and is due upon registration. This fee is included in the tuition. Required Documents New Students: Birth certificate (for review) Certificate from the previous school PRCUA Members &#8211; PRCUA &hellip; <\/p>\n<p><a class=\"more-link btn\" href=\"https:\/\/polschool.com\/en\/registration\/\">Continue reading<\/a><\/p>\n","protected":false},"author":11,"featured_media":15451,"parent":0,"menu_order":82,"comment_status":"closed","ping_status":"closed","template":"","meta":{"footnotes":""},"class_list":["post-880","page","type-page","status-publish","has-post-thumbnail","hentry","nodate","item-wrap"],"yoast_head":"<!-- This site is optimized with the Yoast SEO plugin v27.6 - https:\/\/yoast.com\/product\/yoast-seo-wordpress\/ -->\n<title>Register - Polska Szko\u0142a w Lemont<\/title>\n<meta name=\"description\" content=\"Polska Szkola Lemont registration 2026\/2027\" \/>\n<meta name=\"robots\" content=\"index, follow, max-snippet:-1, max-image-preview:large, max-video-preview:-1\" \/>\n<link rel=\"canonical\" href=\"https:\/\/polschool.com\/en\/registration\/\" \/>\n<meta property=\"og:locale\" content=\"en_US\" \/>\n<meta property=\"og:type\" content=\"article\" \/>\n<meta property=\"og:title\" content=\"Register - Polska Szko\u0142a w Lemont\" \/>\n<meta property=\"og:description\" content=\"Polska Szkola Lemont registration 2026\/2027\" \/>\n<meta property=\"og:url\" content=\"https:\/\/polschool.com\/en\/registration\/\" \/>\n<meta property=\"og:site_name\" content=\"Polska Szko\u0142a w Lemont\" \/>\n<meta property=\"article:publisher\" content=\"https:\/\/www.facebook.com\/pages\/category\/Elementary-School\/John-Paul-II-Polish-School-Polska-Szkola-im-Jana-Pawla-II-195616273803039\/\" \/>\n<meta property=\"article:modified_time\" content=\"2026-04-17T12:24:35+00:00\" \/>\n<meta property=\"og:image\" content=\"https:\/\/polschool.com\/wp-content\/uploads\/2024\/12\/bannermaineng-1.png\" \/>\n\t<meta property=\"og:image:width\" content=\"3750\" \/>\n\t<meta property=\"og:image:height\" content=\"807\" \/>\n\t<meta property=\"og:image:type\" content=\"image\/png\" \/>\n<meta name=\"twitter:card\" content=\"summary_large_image\" \/>\n<meta name=\"twitter:label1\" content=\"Est. reading time\" \/>\n\t<meta name=\"twitter:data1\" content=\"2 minutes\" \/>\n<script type=\"application\/ld+json\" class=\"yoast-schema-graph\">{\"@context\":\"https:\\\/\\\/schema.org\",\"@graph\":[{\"@type\":\"WebPage\",\"@id\":\"https:\\\/\\\/polschool.com\\\/en\\\/registration\\\/\",\"url\":\"https:\\\/\\\/polschool.com\\\/en\\\/registration\\\/\",\"name\":\"Register - Polska Szko\u0142a w Lemont\",\"isPartOf\":{\"@id\":\"https:\\\/\\\/www.polschool.com\\\/en\\\/#website\"},\"primaryImageOfPage\":{\"@id\":\"https:\\\/\\\/polschool.com\\\/en\\\/registration\\\/#primaryimage\"},\"image\":{\"@id\":\"https:\\\/\\\/polschool.com\\\/en\\\/registration\\\/#primaryimage\"},\"thumbnailUrl\":\"https:\\\/\\\/polschool.com\\\/wp-content\\\/uploads\\\/2024\\\/12\\\/bannermaineng-1.png\",\"datePublished\":\"2012-04-19T20:09:21+00:00\",\"dateModified\":\"2026-04-17T12:24:35+00:00\",\"description\":\"Polska Szkola Lemont registration 2026\\\/2027\",\"breadcrumb\":{\"@id\":\"https:\\\/\\\/polschool.com\\\/en\\\/registration\\\/#breadcrumb\"},\"inLanguage\":\"en-US\",\"potentialAction\":[{\"@type\":\"ReadAction\",\"target\":[\"https:\\\/\\\/polschool.com\\\/en\\\/registration\\\/\"]}]},{\"@type\":\"ImageObject\",\"inLanguage\":\"en-US\",\"@id\":\"https:\\\/\\\/polschool.com\\\/en\\\/registration\\\/#primaryimage\",\"url\":\"https:\\\/\\\/polschool.com\\\/wp-content\\\/uploads\\\/2024\\\/12\\\/bannermaineng-1.png\",\"contentUrl\":\"https:\\\/\\\/polschool.com\\\/wp-content\\\/uploads\\\/2024\\\/12\\\/bannermaineng-1.png\",\"width\":3750,\"height\":807},{\"@type\":\"BreadcrumbList\",\"@id\":\"https:\\\/\\\/polschool.com\\\/en\\\/registration\\\/#breadcrumb\",\"itemListElement\":[{\"@type\":\"ListItem\",\"position\":1,\"name\":\"Home\",\"item\":\"https:\\\/\\\/polschool.com\\\/en\\\/\"},{\"@type\":\"ListItem\",\"position\":2,\"name\":\"Register\"}]},{\"@type\":\"WebSite\",\"@id\":\"https:\\\/\\\/www.polschool.com\\\/en\\\/#website\",\"url\":\"https:\\\/\\\/www.polschool.com\\\/en\\\/\",\"name\":\"Polska Szko\u0142a w Lemont\",\"description\":\"im. \u015bw. Jana Paw\u0142a II\",\"potentialAction\":[{\"@type\":\"SearchAction\",\"target\":{\"@type\":\"EntryPoint\",\"urlTemplate\":\"https:\\\/\\\/www.polschool.com\\\/en\\\/?s={search_term_string}\"},\"query-input\":{\"@type\":\"PropertyValueSpecification\",\"valueRequired\":true,\"valueName\":\"search_term_string\"}}],\"inLanguage\":\"en-US\"}]}<\/script>\n<!-- \/ Yoast SEO plugin. -->","yoast_head_json":{"title":"Register - Polska Szko\u0142a w Lemont","description":"Polska Szkola Lemont registration 2026\/2027","robots":{"index":"index","follow":"follow","max-snippet":"max-snippet:-1","max-image-preview":"max-image-preview:large","max-video-preview":"max-video-preview:-1"},"canonical":"https:\/\/polschool.com\/en\/registration\/","og_locale":"en_US","og_type":"article","og_title":"Register - Polska Szko\u0142a w Lemont","og_description":"Polska Szkola Lemont registration 2026\/2027","og_url":"https:\/\/polschool.com\/en\/registration\/","og_site_name":"Polska Szko\u0142a w Lemont","article_publisher":"https:\/\/www.facebook.com\/pages\/category\/Elementary-School\/John-Paul-II-Polish-School-Polska-Szkola-im-Jana-Pawla-II-195616273803039\/","article_modified_time":"2026-04-17T12:24:35+00:00","og_image":[{"width":3750,"height":807,"url":"https:\/\/polschool.com\/wp-content\/uploads\/2024\/12\/bannermaineng-1.png","type":"image\/png"}],"twitter_card":"summary_large_image","twitter_misc":{"Est. reading time":"2 minutes"},"schema":{"@context":"https:\/\/schema.org","@graph":[{"@type":"WebPage","@id":"https:\/\/polschool.com\/en\/registration\/","url":"https:\/\/polschool.com\/en\/registration\/","name":"Register - Polska Szko\u0142a w Lemont","isPartOf":{"@id":"https:\/\/www.polschool.com\/en\/#website"},"primaryImageOfPage":{"@id":"https:\/\/polschool.com\/en\/registration\/#primaryimage"},"image":{"@id":"https:\/\/polschool.com\/en\/registration\/#primaryimage"},"thumbnailUrl":"https:\/\/polschool.com\/wp-content\/uploads\/2024\/12\/bannermaineng-1.png","datePublished":"2012-04-19T20:09:21+00:00","dateModified":"2026-04-17T12:24:35+00:00","description":"Polska Szkola Lemont registration 2026\/2027","breadcrumb":{"@id":"https:\/\/polschool.com\/en\/registration\/#breadcrumb"},"inLanguage":"en-US","potentialAction":[{"@type":"ReadAction","target":["https:\/\/polschool.com\/en\/registration\/"]}]},{"@type":"ImageObject","inLanguage":"en-US","@id":"https:\/\/polschool.com\/en\/registration\/#primaryimage","url":"https:\/\/polschool.com\/wp-content\/uploads\/2024\/12\/bannermaineng-1.png","contentUrl":"https:\/\/polschool.com\/wp-content\/uploads\/2024\/12\/bannermaineng-1.png","width":3750,"height":807},{"@type":"BreadcrumbList","@id":"https:\/\/polschool.com\/en\/registration\/#breadcrumb","itemListElement":[{"@type":"ListItem","position":1,"name":"Home","item":"https:\/\/polschool.com\/en\/"},{"@type":"ListItem","position":2,"name":"Register"}]},{"@type":"WebSite","@id":"https:\/\/www.polschool.com\/en\/#website","url":"https:\/\/www.polschool.com\/en\/","name":"Polska Szko\u0142a w Lemont","description":"im. \u015bw. Jana Paw\u0142a II","potentialAction":[{"@type":"SearchAction","target":{"@type":"EntryPoint","urlTemplate":"https:\/\/www.polschool.com\/en\/?s={search_term_string}"},"query-input":{"@type":"PropertyValueSpecification","valueRequired":true,"valueName":"search_term_string"}}],"inLanguage":"en-US"}]}},"_links":{"self":[{"href":"https:\/\/polschool.com\/en\/wp-json\/wp\/v2\/pages\/880","targetHints":{"allow":["GET"]}}],"collection":[{"href":"https:\/\/polschool.com\/en\/wp-json\/wp\/v2\/pages"}],"about":[{"href":"https:\/\/polschool.com\/en\/wp-json\/wp\/v2\/types\/page"}],"author":[{"embeddable":true,"href":"https:\/\/polschool.com\/en\/wp-json\/wp\/v2\/users\/11"}],"replies":[{"embeddable":true,"href":"https:\/\/polschool.com\/en\/wp-json\/wp\/v2\/comments?post=880"}],"version-history":[{"count":24,"href":"https:\/\/polschool.com\/en\/wp-json\/wp\/v2\/pages\/880\/revisions"}],"predecessor-version":[{"id":16688,"href":"https:\/\/polschool.com\/en\/wp-json\/wp\/v2\/pages\/880\/revisions\/16688"}],"wp:featuredmedia":[{"embeddable":true,"href":"https:\/\/polschool.com\/en\/wp-json\/wp\/v2\/media\/15451"}],"wp:attachment":[{"href":"https:\/\/polschool.com\/en\/wp-json\/wp\/v2\/media?parent=880"}],"curies":[{"name":"wp","href":"https:\/\/api.w.org\/{rel}","templated":true}]}}