{"id":754,"date":"2012-03-01T23:57:37","date_gmt":"2012-03-02T05:57:37","guid":{"rendered":"https:\/\/polschool.com\/?page_id=754"},"modified":"2026-03-08T21:14:00","modified_gmt":"2026-03-09T02:14:00","slug":"polanie","status":"publish","type":"page","link":"https:\/\/polschool.com\/en\/about-us\/polanie\/","title":{"rendered":"Polanie Dance Group"},"content":{"rendered":"<p style=\"text-align: justify;\">Polanie is a vibrant Polish folk-dance group for children, affiliated with St. John Paul II Polish School in Lemont, IL. Our mission is to introduce young dancers to the rich traditions of Poland through the captivating dances from five ethnographically diverse regions: Greater Poland, Lesser Poland, Mazovia, Silesia, and Pomerania.<\/p>\n<p style=\"text-align: left;\">Founded in 2000, Polanie has celebrated over two decades of success on the folk dance stage. Our ensemble, under the artistic direction and choreography of Micha\u0142 Dziadkowiec, is led by professional dance instructors dedicated to bringing the beauty of Polish culture to life.<\/p>\n<h3><img loading=\"lazy\" decoding=\"async\" class=\"size-large wp-image-8522 aligncenter\" src=\"https:\/\/polschool.com\/wp-content\/uploads\/2024\/11\/polanie2024.jpg\" alt=\"\" width=\"555\" height=\"284\" \/><\/h3>\n<hr \/>\n<h4 style=\"text-align: justify;\">History and Achievements of the Ensemble<\/h4>\n<p style=\"text-align: justify;\">Since its inception, Polanie and St. John Paul II Polish School have been supported by the Polish Roman Catholic Union of America (PRCUA). As a part of the PRCUA, dancers gain access to exclusive benefits, including financial support in the form of annual subsidies that help offset dance class fees.<\/p>\n<p style=\"text-align: justify;\">Through PRCUA, dancers can also access scholarships, participate in sports tournaments, attend the Cinderella and Prince Ball, and join in other cultural events, enriching their Polish-American experience. These opportunities extend into higher education, where dancers may apply for academic scholarships provided by the PRCUA.<\/p>\n<hr \/>\n<h4 style=\"text-align: justify;\">Classes &amp; Age Groups<\/h4>\n<p style=\"text-align: justify;\">Classes take place on Saturdays from 1:00 PM to 3:30 PM, immediately following the Polish school session. Our dancers are divided into three age groups:<\/p>\n<ul style=\"text-align: left;\">\n<li>Group A (Oldest): Ages 11\u201314 (M. Dziadkowiec)<\/li>\n<li>Group B (Middle): Ages 8\u201310 (P. Szyrzyna)<\/li>\n<li>Group C (Youngest): Ages 4\u20137 (D. Gornikowski)<\/li>\n<\/ul>\n<hr \/>\n<h4 style=\"text-align: justify;\">Performances &amp; Collaborations<\/h4>\n<p style=\"text-align: justify;\">In collaboration with St. John Paul II Polish School, Polanie performs at numerous events throughout the school year, bringing Polish culture to the community. The ensemble also participates in the International Children\u2019s Folk Dance Festival in Iwonicz-Zdr\u00f3j, where they showcase their talents on a global stage.<\/p>\n<p style=\"text-align: justify;\"><strong>Performances<\/strong><\/p>\n<p><strong><a title=\"Jase\u0142ka 2024\" href=\"https:\/\/www.flickr.com\/photos\/polschool\/54219370133\/in\/album-72177720322736639\" data-flickr-embed=\"true\"><img decoding=\"async\" class=\"alignleft\" style=\"max-width: 100%; height: 204px; border: 1px solid #cccccc; border-radius: 5px;\" src=\"https:\/\/polschool.com\/wp-content\/uploads\/2025\/01\/54219370133_d1098d2818_k-e1736282711872.jpg\" alt=\"Jase\u0142ka 2024\" width=\"204\" \/><\/a><\/strong><\/p>\n<ul>\n<li style=\"text-align: justify;\"><strong>Friday, December 20<\/strong> \u2013 Nativity Play at the Polish School. Please bring the children no later than 7:00 PM.<\/li>\n<li style=\"text-align: justify;\"><strong>Saturday, December 21<\/strong> \u2013 Nativity Play at the Polish School. Please bring the children no later than 11:00 AM.<\/li>\n<li style=\"text-align: justify;\"><strong>Sunday, December 22<\/strong> \u2013 Polish Club Christmas Wafer Sharing Event. Please bring the children no later than 12:00 PM.<\/li>\n<li style=\"text-align: justify;\"><strong>Thursday, February 13<\/strong> \u2013 Lemont Park District \u2013 Culture Fair (Ms. Patrycja and Mr. Mikey&#8217;s group). Time TBD.<\/li>\n<li style=\"text-align: justify;\"><strong>Saturday, February 15<\/strong> \u2013 Carnival Ball celebrating the school\u2019s 45th anniversary at Crystal Grand, Lemont. Time TBD.<\/li>\n<\/ul>\n<p><iframe loading=\"lazy\" src=\"https:\/\/forms.office.com\/Pages\/ResponsePage.aspx?id=eZR_-sLbYEKCEC4hxgLTWwnlgX3kMklCqbyd4NWZm7ZUME1BMFBETkk2U0NYMlZLV1dKQ1cyNE8zUi4u&amp;embed=true\" width=\"640px\" height=\"640px\" frameborder=\"0\" marginwidth=\"0\" marginheight=\"0\" allowfullscreen=\"allowfullscreen\" data-mce-fragment=\"1\"><br \/>\n<\/iframe><\/p>\n","protected":false},"excerpt":{"rendered":"<p>Polanie is a vibrant Polish folk-dance group for children, affiliated with St. John Paul II Polish School in Lemont, IL. Our mission is to introduce young dancers to the rich traditions of Poland through the captivating dances from five ethnographically diverse regions: Greater Poland, Lesser Poland, Mazovia, Silesia, and Pomerania. Founded in 2000, Polanie has &hellip; <\/p>\n<p><a class=\"more-link btn\" href=\"https:\/\/polschool.com\/en\/about-us\/polanie\/\">Continue reading<\/a><\/p>\n","protected":false},"author":11,"featured_media":15420,"parent":37,"menu_order":63,"comment_status":"closed","ping_status":"closed","template":"","meta":{"footnotes":""},"class_list":["post-754","page","type-page","status-publish","has-post-thumbnail","hentry","nodate","item-wrap"],"yoast_head":"<!-- This site is optimized with the Yoast SEO plugin v27.6 - https:\/\/yoast.com\/product\/yoast-seo-wordpress\/ -->\n<title>Polanie Dance Group - Polska Szko\u0142a w Lemont<\/title>\n<meta name=\"description\" content=\"Polska Szkola Lemont\" \/>\n<meta name=\"robots\" content=\"index, follow, max-snippet:-1, max-image-preview:large, max-video-preview:-1\" \/>\n<link rel=\"canonical\" href=\"https:\/\/polschool.com\/en\/about-us\/polanie\/\" \/>\n<meta property=\"og:locale\" content=\"en_US\" \/>\n<meta property=\"og:type\" content=\"article\" \/>\n<meta property=\"og:title\" content=\"Polanie Dance Group - Polska Szko\u0142a w Lemont\" \/>\n<meta property=\"og:description\" content=\"Polska Szkola Lemont\" \/>\n<meta property=\"og:url\" content=\"https:\/\/polschool.com\/en\/about-us\/polanie\/\" \/>\n<meta property=\"og:site_name\" content=\"Polska Szko\u0142a w Lemont\" \/>\n<meta property=\"article:publisher\" content=\"https:\/\/www.facebook.com\/pages\/category\/Elementary-School\/John-Paul-II-Polish-School-Polska-Szkola-im-Jana-Pawla-II-195616273803039\/\" \/>\n<meta property=\"article:modified_time\" content=\"2026-03-09T02:14:00+00:00\" \/>\n<meta property=\"og:image\" content=\"https:\/\/polschool.com\/wp-content\/uploads\/2024\/12\/banner-polanie-1024x218.png\" \/>\n\t<meta property=\"og:image:width\" content=\"1024\" \/>\n\t<meta property=\"og:image:height\" content=\"218\" \/>\n\t<meta property=\"og:image:type\" content=\"image\/png\" \/>\n<meta name=\"twitter:card\" content=\"summary_large_image\" \/>\n<meta name=\"twitter:label1\" content=\"Est. reading time\" \/>\n\t<meta name=\"twitter:data1\" content=\"3 minutes\" \/>\n<script type=\"application\/ld+json\" class=\"yoast-schema-graph\">{\"@context\":\"https:\\\/\\\/schema.org\",\"@graph\":[{\"@type\":\"WebPage\",\"@id\":\"https:\\\/\\\/polschool.com\\\/en\\\/about-us\\\/polanie\\\/\",\"url\":\"https:\\\/\\\/polschool.com\\\/en\\\/about-us\\\/polanie\\\/\",\"name\":\"Polanie Dance Group - Polska Szko\u0142a w Lemont\",\"isPartOf\":{\"@id\":\"https:\\\/\\\/www.polschool.com\\\/en\\\/#website\"},\"primaryImageOfPage\":{\"@id\":\"https:\\\/\\\/polschool.com\\\/en\\\/about-us\\\/polanie\\\/#primaryimage\"},\"image\":{\"@id\":\"https:\\\/\\\/polschool.com\\\/en\\\/about-us\\\/polanie\\\/#primaryimage\"},\"thumbnailUrl\":\"https:\\\/\\\/polschool.com\\\/wp-content\\\/uploads\\\/2024\\\/12\\\/banner-polanie.png\",\"datePublished\":\"2012-03-02T05:57:37+00:00\",\"dateModified\":\"2026-03-09T02:14:00+00:00\",\"description\":\"Polska Szkola Lemont\",\"breadcrumb\":{\"@id\":\"https:\\\/\\\/polschool.com\\\/en\\\/about-us\\\/polanie\\\/#breadcrumb\"},\"inLanguage\":\"en-US\",\"potentialAction\":[{\"@type\":\"ReadAction\",\"target\":[\"https:\\\/\\\/polschool.com\\\/en\\\/about-us\\\/polanie\\\/\"]}]},{\"@type\":\"ImageObject\",\"inLanguage\":\"en-US\",\"@id\":\"https:\\\/\\\/polschool.com\\\/en\\\/about-us\\\/polanie\\\/#primaryimage\",\"url\":\"https:\\\/\\\/polschool.com\\\/wp-content\\\/uploads\\\/2024\\\/12\\\/banner-polanie.png\",\"contentUrl\":\"https:\\\/\\\/polschool.com\\\/wp-content\\\/uploads\\\/2024\\\/12\\\/banner-polanie.png\",\"width\":3750,\"height\":799},{\"@type\":\"BreadcrumbList\",\"@id\":\"https:\\\/\\\/polschool.com\\\/en\\\/about-us\\\/polanie\\\/#breadcrumb\",\"itemListElement\":[{\"@type\":\"ListItem\",\"position\":1,\"name\":\"Home\",\"item\":\"https:\\\/\\\/polschool.com\\\/en\\\/\"},{\"@type\":\"ListItem\",\"position\":2,\"name\":\"About\",\"item\":\"https:\\\/\\\/polschool.com\\\/en\\\/\"},{\"@type\":\"ListItem\",\"position\":3,\"name\":\"Polanie Dance Group\"}]},{\"@type\":\"WebSite\",\"@id\":\"https:\\\/\\\/www.polschool.com\\\/en\\\/#website\",\"url\":\"https:\\\/\\\/www.polschool.com\\\/en\\\/\",\"name\":\"Polska Szko\u0142a w Lemont\",\"description\":\"im. \u015bw. Jana Paw\u0142a II\",\"potentialAction\":[{\"@type\":\"SearchAction\",\"target\":{\"@type\":\"EntryPoint\",\"urlTemplate\":\"https:\\\/\\\/www.polschool.com\\\/en\\\/?s={search_term_string}\"},\"query-input\":{\"@type\":\"PropertyValueSpecification\",\"valueRequired\":true,\"valueName\":\"search_term_string\"}}],\"inLanguage\":\"en-US\"}]}<\/script>\n<!-- \/ Yoast SEO plugin. -->","yoast_head_json":{"title":"Polanie Dance Group - Polska Szko\u0142a w Lemont","description":"Polska Szkola Lemont","robots":{"index":"index","follow":"follow","max-snippet":"max-snippet:-1","max-image-preview":"max-image-preview:large","max-video-preview":"max-video-preview:-1"},"canonical":"https:\/\/polschool.com\/en\/about-us\/polanie\/","og_locale":"en_US","og_type":"article","og_title":"Polanie Dance Group - Polska Szko\u0142a w Lemont","og_description":"Polska Szkola Lemont","og_url":"https:\/\/polschool.com\/en\/about-us\/polanie\/","og_site_name":"Polska Szko\u0142a w Lemont","article_publisher":"https:\/\/www.facebook.com\/pages\/category\/Elementary-School\/John-Paul-II-Polish-School-Polska-Szkola-im-Jana-Pawla-II-195616273803039\/","article_modified_time":"2026-03-09T02:14:00+00:00","og_image":[{"width":1024,"height":218,"url":"https:\/\/polschool.com\/wp-content\/uploads\/2024\/12\/banner-polanie-1024x218.png","type":"image\/png"}],"twitter_card":"summary_large_image","twitter_misc":{"Est. reading time":"3 minutes"},"schema":{"@context":"https:\/\/schema.org","@graph":[{"@type":"WebPage","@id":"https:\/\/polschool.com\/en\/about-us\/polanie\/","url":"https:\/\/polschool.com\/en\/about-us\/polanie\/","name":"Polanie Dance Group - Polska Szko\u0142a w Lemont","isPartOf":{"@id":"https:\/\/www.polschool.com\/en\/#website"},"primaryImageOfPage":{"@id":"https:\/\/polschool.com\/en\/about-us\/polanie\/#primaryimage"},"image":{"@id":"https:\/\/polschool.com\/en\/about-us\/polanie\/#primaryimage"},"thumbnailUrl":"https:\/\/polschool.com\/wp-content\/uploads\/2024\/12\/banner-polanie.png","datePublished":"2012-03-02T05:57:37+00:00","dateModified":"2026-03-09T02:14:00+00:00","description":"Polska Szkola Lemont","breadcrumb":{"@id":"https:\/\/polschool.com\/en\/about-us\/polanie\/#breadcrumb"},"inLanguage":"en-US","potentialAction":[{"@type":"ReadAction","target":["https:\/\/polschool.com\/en\/about-us\/polanie\/"]}]},{"@type":"ImageObject","inLanguage":"en-US","@id":"https:\/\/polschool.com\/en\/about-us\/polanie\/#primaryimage","url":"https:\/\/polschool.com\/wp-content\/uploads\/2024\/12\/banner-polanie.png","contentUrl":"https:\/\/polschool.com\/wp-content\/uploads\/2024\/12\/banner-polanie.png","width":3750,"height":799},{"@type":"BreadcrumbList","@id":"https:\/\/polschool.com\/en\/about-us\/polanie\/#breadcrumb","itemListElement":[{"@type":"ListItem","position":1,"name":"Home","item":"https:\/\/polschool.com\/en\/"},{"@type":"ListItem","position":2,"name":"About","item":"https:\/\/polschool.com\/en\/"},{"@type":"ListItem","position":3,"name":"Polanie Dance Group"}]},{"@type":"WebSite","@id":"https:\/\/www.polschool.com\/en\/#website","url":"https:\/\/www.polschool.com\/en\/","name":"Polska Szko\u0142a w Lemont","description":"im. \u015bw. Jana Paw\u0142a II","potentialAction":[{"@type":"SearchAction","target":{"@type":"EntryPoint","urlTemplate":"https:\/\/www.polschool.com\/en\/?s={search_term_string}"},"query-input":{"@type":"PropertyValueSpecification","valueRequired":true,"valueName":"search_term_string"}}],"inLanguage":"en-US"}]}},"_links":{"self":[{"href":"https:\/\/polschool.com\/en\/wp-json\/wp\/v2\/pages\/754","targetHints":{"allow":["GET"]}}],"collection":[{"href":"https:\/\/polschool.com\/en\/wp-json\/wp\/v2\/pages"}],"about":[{"href":"https:\/\/polschool.com\/en\/wp-json\/wp\/v2\/types\/page"}],"author":[{"embeddable":true,"href":"https:\/\/polschool.com\/en\/wp-json\/wp\/v2\/users\/11"}],"replies":[{"embeddable":true,"href":"https:\/\/polschool.com\/en\/wp-json\/wp\/v2\/comments?post=754"}],"version-history":[{"count":21,"href":"https:\/\/polschool.com\/en\/wp-json\/wp\/v2\/pages\/754\/revisions"}],"predecessor-version":[{"id":16604,"href":"https:\/\/polschool.com\/en\/wp-json\/wp\/v2\/pages\/754\/revisions\/16604"}],"up":[{"embeddable":true,"href":"https:\/\/polschool.com\/en\/wp-json\/wp\/v2\/pages\/37"}],"wp:featuredmedia":[{"embeddable":true,"href":"https:\/\/polschool.com\/en\/wp-json\/wp\/v2\/media\/15420"}],"wp:attachment":[{"href":"https:\/\/polschool.com\/en\/wp-json\/wp\/v2\/media?parent=754"}],"curies":[{"name":"wp","href":"https:\/\/api.w.org\/{rel}","templated":true}]}}