{"id":4009,"date":"2015-03-11T15:21:49","date_gmt":"2015-03-11T20:21:49","guid":{"rendered":"https:\/\/polschool.com\/?page_id=4009"},"modified":"2016-08-31T13:32:41","modified_gmt":"2016-08-31T18:32:41","slug":"drawing-club","status":"publish","type":"page","link":"https:\/\/polschool.com\/en\/about-us\/drawing-club\/","title":{"rendered":"Art Club"},"content":{"rendered":"<p>All students interested in drawing, painting, cutting,<\/p>\n<p><img loading=\"lazy\" decoding=\"async\" class=\"alignright size-full wp-image-3960\" src=\"https:\/\/polschool.com\/wp-content\/uploads\/2015\/03\/images-11.jpeg\" alt=\"images-1\" width=\"311\" height=\"162\" srcset=\"https:\/\/polschool.com\/wp-content\/uploads\/2015\/03\/images-11.jpeg 311w, https:\/\/polschool.com\/wp-content\/uploads\/2015\/03\/images-11-99x52.jpeg 99w, https:\/\/polschool.com\/wp-content\/uploads\/2015\/03\/images-11-300x156.jpeg 300w\" sizes=\"auto, (max-width: 311px) 100vw, 311px\" \/>and creating art are welcome to join our club of young artists<\/p>\n<p><span style=\"color: #0000ff;\">We meet every Saturday from 12:45 &#8211; 1:30 p.m.<\/span><\/p>\n<p>Our Art\u00a0Club is instructed by a qualified teacher: Mrs. Margaret Radzik.<\/p>\n<p>Art\u00a0Club was established with younger and older classes in mind who show interest in drawing, painting, or creating different works of art. Artistic activities allow children to freely express their own thoughts, develop their imagination and learn self-confidence where they can develop new artistic skills.<\/p>\n<p>In class, students will gain new skills and interesting art techniques,<img loading=\"lazy\" decoding=\"async\" class=\"alignright size-full wp-image-3962\" src=\"https:\/\/polschool.com\/wp-content\/uploads\/2015\/03\/images.jpeg\" alt=\"images\" width=\"254\" height=\"198\" srcset=\"https:\/\/polschool.com\/wp-content\/uploads\/2015\/03\/images.jpeg 254w, https:\/\/polschool.com\/wp-content\/uploads\/2015\/03\/images-99x77.jpeg 99w\" sizes=\"auto, (max-width: 254px) 100vw, 254px\" \/> acquire teamwork skills, as well as respect for the work of their own and colleagues. We encourage you to participate in our drawing club, hoping that these activities will give you the joy and satisfaction you deserve.<\/p>\n<h3 style=\"text-align: center;\"><\/h3>\n<p>&nbsp;<\/p>\n<h3 style=\"text-align: center;\"><span style=\"color: #3366ff;\">Join Us Today!<\/span><\/h3>\n<p>&nbsp;<\/p>\n<p>&nbsp;<\/p>\n<p>&nbsp;<\/p>\n<p><img loading=\"lazy\" decoding=\"async\" class=\"alignleft wp-image-3968\" src=\"https:\/\/polschool.com\/wp-content\/uploads\/2015\/03\/IMG_4136-300x225.jpg\" alt=\"IMG_4136\" width=\"270\" height=\"203\" srcset=\"https:\/\/polschool.com\/wp-content\/uploads\/2015\/03\/IMG_4136-300x225.jpg 300w, https:\/\/polschool.com\/wp-content\/uploads\/2015\/03\/IMG_4136-99x74.jpg 99w, https:\/\/polschool.com\/wp-content\/uploads\/2015\/03\/IMG_4136-1024x768.jpg 1024w\" sizes=\"auto, (max-width: 270px) 100vw, 270px\" \/><\/p>\n<p><img loading=\"lazy\" decoding=\"async\" class=\"alignright wp-image-3969\" src=\"https:\/\/polschool.com\/wp-content\/uploads\/2015\/03\/IMG_4131-300x225.jpg\" alt=\"IMG_4131\" width=\"274\" height=\"205\" srcset=\"https:\/\/polschool.com\/wp-content\/uploads\/2015\/03\/IMG_4131-300x225.jpg 300w, https:\/\/polschool.com\/wp-content\/uploads\/2015\/03\/IMG_4131-99x74.jpg 99w, https:\/\/polschool.com\/wp-content\/uploads\/2015\/03\/IMG_4131-1024x768.jpg 1024w\" sizes=\"auto, (max-width: 274px) 100vw, 274px\" \/><\/p>\n<p>&nbsp;<\/p>\n<p>&nbsp;<\/p>\n<p>&nbsp;<\/p>\n<p>&nbsp;<\/p>\n<p>&nbsp;<\/p>\n<p>&nbsp;<\/p>\n<p>&nbsp;<\/p>\n<p><img loading=\"lazy\" decoding=\"async\" class=\"alignleft wp-image-3976\" src=\"https:\/\/polschool.com\/wp-content\/uploads\/2015\/03\/IMG_4135-300x225.jpg\" alt=\"IMG_4135\" width=\"276\" height=\"207\" srcset=\"https:\/\/polschool.com\/wp-content\/uploads\/2015\/03\/IMG_4135-300x225.jpg 300w, https:\/\/polschool.com\/wp-content\/uploads\/2015\/03\/IMG_4135-99x74.jpg 99w, https:\/\/polschool.com\/wp-content\/uploads\/2015\/03\/IMG_4135-1024x768.jpg 1024w\" sizes=\"auto, (max-width: 276px) 100vw, 276px\" \/><\/p>\n","protected":false},"excerpt":{"rendered":"<p>All students interested in drawing, painting, cutting, and creating art are welcome to join our club of young artists We meet every Saturday from 12:45 &#8211; 1:30 p.m. Our Art\u00a0Club is instructed by a qualified teacher: Mrs. Margaret Radzik. Art\u00a0Club was established with younger and older classes in mind who show interest in drawing, painting, &hellip; <\/p>\n<p><a class=\"more-link btn\" href=\"https:\/\/polschool.com\/en\/about-us\/drawing-club\/\">Continue reading<\/a><\/p>\n","protected":false},"author":11,"featured_media":0,"parent":37,"menu_order":72,"comment_status":"closed","ping_status":"closed","template":"","meta":{"footnotes":""},"class_list":["post-4009","page","type-page","status-publish","hentry","nodate","item-wrap"],"yoast_head":"<!-- This site is optimized with the Yoast SEO plugin v27.6 - https:\/\/yoast.com\/product\/yoast-seo-wordpress\/ -->\n<title>Art Club - Polska Szko\u0142a w Lemont<\/title>\n<meta name=\"description\" content=\"Polska Szkola Lemont\" \/>\n<meta name=\"robots\" content=\"index, follow, max-snippet:-1, max-image-preview:large, max-video-preview:-1\" \/>\n<link rel=\"canonical\" href=\"https:\/\/polschool.com\/en\/about-us\/drawing-club\/\" \/>\n<meta property=\"og:locale\" content=\"en_US\" \/>\n<meta property=\"og:type\" content=\"article\" \/>\n<meta property=\"og:title\" content=\"Art Club - Polska Szko\u0142a w Lemont\" \/>\n<meta property=\"og:description\" content=\"Polska Szkola Lemont\" \/>\n<meta property=\"og:url\" content=\"https:\/\/polschool.com\/en\/about-us\/drawing-club\/\" \/>\n<meta property=\"og:site_name\" content=\"Polska Szko\u0142a w Lemont\" \/>\n<meta property=\"article:publisher\" content=\"https:\/\/www.facebook.com\/pages\/category\/Elementary-School\/John-Paul-II-Polish-School-Polska-Szkola-im-Jana-Pawla-II-195616273803039\/\" \/>\n<meta property=\"article:modified_time\" content=\"2016-08-31T18:32:41+00:00\" \/>\n<meta property=\"og:image\" content=\"https:\/\/polschool.com\/wp-content\/uploads\/2015\/03\/images-11.jpeg\" \/>\n<meta name=\"twitter:card\" content=\"summary_large_image\" \/>\n<meta name=\"twitter:label1\" content=\"Est. reading time\" \/>\n\t<meta name=\"twitter:data1\" content=\"1 minute\" \/>\n<script type=\"application\/ld+json\" class=\"yoast-schema-graph\">{\"@context\":\"https:\\\/\\\/schema.org\",\"@graph\":[{\"@type\":\"WebPage\",\"@id\":\"https:\\\/\\\/polschool.com\\\/en\\\/about-us\\\/drawing-club\\\/\",\"url\":\"https:\\\/\\\/polschool.com\\\/en\\\/about-us\\\/drawing-club\\\/\",\"name\":\"Art Club - Polska Szko\u0142a w Lemont\",\"isPartOf\":{\"@id\":\"https:\\\/\\\/www.polschool.com\\\/en\\\/#website\"},\"primaryImageOfPage\":{\"@id\":\"https:\\\/\\\/polschool.com\\\/en\\\/about-us\\\/drawing-club\\\/#primaryimage\"},\"image\":{\"@id\":\"https:\\\/\\\/polschool.com\\\/en\\\/about-us\\\/drawing-club\\\/#primaryimage\"},\"thumbnailUrl\":\"https:\\\/\\\/polschool.com\\\/wp-content\\\/uploads\\\/2015\\\/03\\\/images-11.jpeg\",\"datePublished\":\"2015-03-11T20:21:49+00:00\",\"dateModified\":\"2016-08-31T18:32:41+00:00\",\"description\":\"Polska Szkola Lemont\",\"breadcrumb\":{\"@id\":\"https:\\\/\\\/polschool.com\\\/en\\\/about-us\\\/drawing-club\\\/#breadcrumb\"},\"inLanguage\":\"en-US\",\"potentialAction\":[{\"@type\":\"ReadAction\",\"target\":[\"https:\\\/\\\/polschool.com\\\/en\\\/about-us\\\/drawing-club\\\/\"]}]},{\"@type\":\"ImageObject\",\"inLanguage\":\"en-US\",\"@id\":\"https:\\\/\\\/polschool.com\\\/en\\\/about-us\\\/drawing-club\\\/#primaryimage\",\"url\":\"https:\\\/\\\/polschool.com\\\/wp-content\\\/uploads\\\/2015\\\/03\\\/images-11.jpeg\",\"contentUrl\":\"https:\\\/\\\/polschool.com\\\/wp-content\\\/uploads\\\/2015\\\/03\\\/images-11.jpeg\"},{\"@type\":\"BreadcrumbList\",\"@id\":\"https:\\\/\\\/polschool.com\\\/en\\\/about-us\\\/drawing-club\\\/#breadcrumb\",\"itemListElement\":[{\"@type\":\"ListItem\",\"position\":1,\"name\":\"Home\",\"item\":\"https:\\\/\\\/polschool.com\\\/en\\\/\"},{\"@type\":\"ListItem\",\"position\":2,\"name\":\"About\",\"item\":\"https:\\\/\\\/polschool.com\\\/en\\\/\"},{\"@type\":\"ListItem\",\"position\":3,\"name\":\"Art Club\"}]},{\"@type\":\"WebSite\",\"@id\":\"https:\\\/\\\/www.polschool.com\\\/en\\\/#website\",\"url\":\"https:\\\/\\\/www.polschool.com\\\/en\\\/\",\"name\":\"Polska Szko\u0142a w Lemont\",\"description\":\"im. \u015bw. Jana Paw\u0142a II\",\"potentialAction\":[{\"@type\":\"SearchAction\",\"target\":{\"@type\":\"EntryPoint\",\"urlTemplate\":\"https:\\\/\\\/www.polschool.com\\\/en\\\/?s={search_term_string}\"},\"query-input\":{\"@type\":\"PropertyValueSpecification\",\"valueRequired\":true,\"valueName\":\"search_term_string\"}}],\"inLanguage\":\"en-US\"}]}<\/script>\n<!-- \/ Yoast SEO plugin. -->","yoast_head_json":{"title":"Art Club - Polska Szko\u0142a w Lemont","description":"Polska Szkola Lemont","robots":{"index":"index","follow":"follow","max-snippet":"max-snippet:-1","max-image-preview":"max-image-preview:large","max-video-preview":"max-video-preview:-1"},"canonical":"https:\/\/polschool.com\/en\/about-us\/drawing-club\/","og_locale":"en_US","og_type":"article","og_title":"Art Club - Polska Szko\u0142a w Lemont","og_description":"Polska Szkola Lemont","og_url":"https:\/\/polschool.com\/en\/about-us\/drawing-club\/","og_site_name":"Polska Szko\u0142a w Lemont","article_publisher":"https:\/\/www.facebook.com\/pages\/category\/Elementary-School\/John-Paul-II-Polish-School-Polska-Szkola-im-Jana-Pawla-II-195616273803039\/","article_modified_time":"2016-08-31T18:32:41+00:00","og_image":[{"url":"https:\/\/polschool.com\/wp-content\/uploads\/2015\/03\/images-11.jpeg","type":"","width":"","height":""}],"twitter_card":"summary_large_image","twitter_misc":{"Est. reading time":"1 minute"},"schema":{"@context":"https:\/\/schema.org","@graph":[{"@type":"WebPage","@id":"https:\/\/polschool.com\/en\/about-us\/drawing-club\/","url":"https:\/\/polschool.com\/en\/about-us\/drawing-club\/","name":"Art Club - Polska Szko\u0142a w Lemont","isPartOf":{"@id":"https:\/\/www.polschool.com\/en\/#website"},"primaryImageOfPage":{"@id":"https:\/\/polschool.com\/en\/about-us\/drawing-club\/#primaryimage"},"image":{"@id":"https:\/\/polschool.com\/en\/about-us\/drawing-club\/#primaryimage"},"thumbnailUrl":"https:\/\/polschool.com\/wp-content\/uploads\/2015\/03\/images-11.jpeg","datePublished":"2015-03-11T20:21:49+00:00","dateModified":"2016-08-31T18:32:41+00:00","description":"Polska Szkola Lemont","breadcrumb":{"@id":"https:\/\/polschool.com\/en\/about-us\/drawing-club\/#breadcrumb"},"inLanguage":"en-US","potentialAction":[{"@type":"ReadAction","target":["https:\/\/polschool.com\/en\/about-us\/drawing-club\/"]}]},{"@type":"ImageObject","inLanguage":"en-US","@id":"https:\/\/polschool.com\/en\/about-us\/drawing-club\/#primaryimage","url":"https:\/\/polschool.com\/wp-content\/uploads\/2015\/03\/images-11.jpeg","contentUrl":"https:\/\/polschool.com\/wp-content\/uploads\/2015\/03\/images-11.jpeg"},{"@type":"BreadcrumbList","@id":"https:\/\/polschool.com\/en\/about-us\/drawing-club\/#breadcrumb","itemListElement":[{"@type":"ListItem","position":1,"name":"Home","item":"https:\/\/polschool.com\/en\/"},{"@type":"ListItem","position":2,"name":"About","item":"https:\/\/polschool.com\/en\/"},{"@type":"ListItem","position":3,"name":"Art Club"}]},{"@type":"WebSite","@id":"https:\/\/www.polschool.com\/en\/#website","url":"https:\/\/www.polschool.com\/en\/","name":"Polska Szko\u0142a w Lemont","description":"im. \u015bw. Jana Paw\u0142a II","potentialAction":[{"@type":"SearchAction","target":{"@type":"EntryPoint","urlTemplate":"https:\/\/www.polschool.com\/en\/?s={search_term_string}"},"query-input":{"@type":"PropertyValueSpecification","valueRequired":true,"valueName":"search_term_string"}}],"inLanguage":"en-US"}]}},"_links":{"self":[{"href":"https:\/\/polschool.com\/en\/wp-json\/wp\/v2\/pages\/4009","targetHints":{"allow":["GET"]}}],"collection":[{"href":"https:\/\/polschool.com\/en\/wp-json\/wp\/v2\/pages"}],"about":[{"href":"https:\/\/polschool.com\/en\/wp-json\/wp\/v2\/types\/page"}],"author":[{"embeddable":true,"href":"https:\/\/polschool.com\/en\/wp-json\/wp\/v2\/users\/11"}],"replies":[{"embeddable":true,"href":"https:\/\/polschool.com\/en\/wp-json\/wp\/v2\/comments?post=4009"}],"version-history":[{"count":0,"href":"https:\/\/polschool.com\/en\/wp-json\/wp\/v2\/pages\/4009\/revisions"}],"up":[{"embeddable":true,"href":"https:\/\/polschool.com\/en\/wp-json\/wp\/v2\/pages\/37"}],"wp:attachment":[{"href":"https:\/\/polschool.com\/en\/wp-json\/wp\/v2\/media?parent=4009"}],"curies":[{"name":"wp","href":"https:\/\/api.w.org\/{rel}","templated":true}]}}