{"id":3959,"date":"2015-03-10T18:38:45","date_gmt":"2015-03-10T23:38:45","guid":{"rendered":"https:\/\/polschool.com\/?page_id=3959"},"modified":"2023-09-05T12:37:28","modified_gmt":"2023-09-05T17:37:28","slug":"kolko-plastyczne","status":"publish","type":"page","link":"https:\/\/polschool.com\/en\/o-nas\/kolko-plastyczne\/","title":{"rendered":"K\u00f3\u0142ko Plastyczne"},"content":{"rendered":"<p>Wszystkich uczni\u00f3w zainteresowanych rysowaniem, malowaniem, wycinaniem,<img loading=\"lazy\" decoding=\"async\" class=\"alignright size-medium wp-image-3960\" src=\"https:\/\/polschool.com\/wp-content\/uploads\/2015\/03\/images-11-300x156.jpeg\" alt=\"images-1\" width=\"300\" height=\"156\" srcset=\"https:\/\/polschool.com\/wp-content\/uploads\/2015\/03\/images-11-300x156.jpeg 300w, https:\/\/polschool.com\/wp-content\/uploads\/2015\/03\/images-11-99x52.jpeg 99w, https:\/\/polschool.com\/wp-content\/uploads\/2015\/03\/images-11.jpeg 311w\" sizes=\"auto, (max-width: 300px) 100vw, 300px\" \/><br \/>\nlub tworzeniem zapraszamy do naszego k\u00f3\u0142ka plastycznego<\/p>\n<p><span style=\"color: #333399;\">w ka\u017cd\u0105 sobot\u0119 od godz. <strong>12:45 &#8211; 1:45 p.m<\/strong>.<\/span><\/p>\n<p>K\u00f3\u0142ko plastyczne jest prowadzone przez mgr. Ma\u0142gorzat\u0119 Radzik.<\/p>\n<p>K\u00f3\u0142ko plastyczne zosta\u0142o za\u0142o\u017cone\u00a0z my\u015bl\u0105 o uczniach klas m\u0142odszych i starszych, kt\u00f3rzy wykazuj\u0105 zainteresowania w rysowaniu, malowaniu, lub tworzenia r\u00f3\u017cnych prac. Dzia\u0142ania plastyczne pobudzaj\u0105 dzieci do swobodnego wyra\u017cania w\u0142asnych my\u015bli, rozwijaj\u0105 wyobra\u017ani\u0119 i ucz\u0105 wiary we w\u0142asne si\u0142y gdzie mog\u0105 rozwija\u0107 swoje zdolno\u015bci plastyczne i artystyczne.<\/p>\n<p><img loading=\"lazy\" decoding=\"async\" class=\"alignright size-full wp-image-3962\" src=\"https:\/\/polschool.com\/wp-content\/uploads\/2015\/03\/images.jpeg\" alt=\"images\" width=\"254\" height=\"198\" srcset=\"https:\/\/polschool.com\/wp-content\/uploads\/2015\/03\/images.jpeg 254w, https:\/\/polschool.com\/wp-content\/uploads\/2015\/03\/images-99x77.jpeg 99w\" sizes=\"auto, (max-width: 254px) 100vw, 254px\" \/><br \/>\nNa zaj\u0119ciach uczniowie zdobywaj\u0105 umiej\u0119tno\u015bci pos\u0142ugiwania si\u0119 r\u00f3\u017cnymi,\u00a0nowymi i ciekawymi technikami plastycznymi, nabywaj\u0105 umiej\u0119tno\u015bci pracy zespo\u0142owej, jak tak\u017ce poszanowania prac w\u0142asnych i koleg\u00f3w.<\/p>\n<p>Zach\u0119camy do uczestnictwa w zaj\u0119ciach k\u00f3\u0142ka plastycznego maj\u0105c nadziej\u0119, \u017ce zaj\u0119cia te dadz\u0105 uczniom zadowolenie, rado\u015b\u0107, oraz przynios\u0105 im wielk\u0105 satysfakcj\u0119.<\/p>\n<h3 style=\"text-align: center;\"><\/h3>\n<h3 style=\"text-align: center;\"><span style=\"color: #3366ff;\">Do\u0142\u0105cz Do Nas Ju\u017c Dzi\u015b!<\/span><\/h3>\n<p style=\"text-align: center;\">\n<div class=\"one_half\">\n<img loading=\"lazy\" decoding=\"async\" class=\"alignright wp-image-3969\" src=\"https:\/\/polschool.com\/wp-content\/uploads\/2015\/03\/IMG_4131-300x225.jpg\" alt=\"IMG_4131\" width=\"263\" height=\"197\" srcset=\"https:\/\/polschool.com\/wp-content\/uploads\/2015\/03\/IMG_4131-300x225.jpg 300w, https:\/\/polschool.com\/wp-content\/uploads\/2015\/03\/IMG_4131-99x74.jpg 99w, https:\/\/polschool.com\/wp-content\/uploads\/2015\/03\/IMG_4131-1024x768.jpg 1024w\" sizes=\"auto, (max-width: 263px) 100vw, 263px\" \/>\n<\/div>\n<div class=\"one_half last\">\n<img loading=\"lazy\" decoding=\"async\" class=\"alignleft wp-image-3968\" src=\"https:\/\/polschool.com\/wp-content\/uploads\/2015\/03\/IMG_4136-300x225.jpg\" alt=\"IMG_4136\" width=\"268\" height=\"200\" srcset=\"https:\/\/polschool.com\/wp-content\/uploads\/2015\/03\/IMG_4136-300x225.jpg 300w, https:\/\/polschool.com\/wp-content\/uploads\/2015\/03\/IMG_4136-99x74.jpg 99w, https:\/\/polschool.com\/wp-content\/uploads\/2015\/03\/IMG_4136-1024x768.jpg 1024w\" sizes=\"auto, (max-width: 268px) 100vw, 268px\" \/><\/p>\n<\/div>\n<div class=\"one_half\">\n<p style=\"text-align: left;\"><img loading=\"lazy\" decoding=\"async\" class=\"alignright wp-image-3970\" src=\"https:\/\/polschool.com\/wp-content\/uploads\/2015\/03\/IMG_4139-300x225.jpg\" alt=\"IMG_4139\" width=\"265\" height=\"199\" srcset=\"https:\/\/polschool.com\/wp-content\/uploads\/2015\/03\/IMG_4139-300x225.jpg 300w, https:\/\/polschool.com\/wp-content\/uploads\/2015\/03\/IMG_4139-99x74.jpg 99w, https:\/\/polschool.com\/wp-content\/uploads\/2015\/03\/IMG_4139-1024x768.jpg 1024w\" sizes=\"auto, (max-width: 265px) 100vw, 265px\" \/><\/p>\n<\/div>\n<div class=\"one_half last\">\n<p style=\"text-align: left;\"><img loading=\"lazy\" decoding=\"async\" class=\"alignleft wp-image-3976\" src=\"https:\/\/polschool.com\/wp-content\/uploads\/2015\/03\/IMG_4135-300x225.jpg\" alt=\"IMG_4135\" width=\"266\" height=\"199\" srcset=\"https:\/\/polschool.com\/wp-content\/uploads\/2015\/03\/IMG_4135-300x225.jpg 300w, https:\/\/polschool.com\/wp-content\/uploads\/2015\/03\/IMG_4135-99x74.jpg 99w, https:\/\/polschool.com\/wp-content\/uploads\/2015\/03\/IMG_4135-1024x768.jpg 1024w\" sizes=\"auto, (max-width: 266px) 100vw, 266px\" \/><\/p>\n<\/div>\n","protected":false},"excerpt":{"rendered":"<p>Wszystkich uczni\u00f3w zainteresowanych rysowaniem, malowaniem, wycinaniem, lub tworzeniem zapraszamy do naszego k\u00f3\u0142ka plastycznego w ka\u017cd\u0105 sobot\u0119 od godz. 12:45 &#8211; 1:45 p.m. K\u00f3\u0142ko plastyczne jest prowadzone przez mgr. Ma\u0142gorzat\u0119 Radzik. K\u00f3\u0142ko plastyczne zosta\u0142o za\u0142o\u017cone\u00a0z my\u015bl\u0105 o uczniach klas m\u0142odszych i starszych, kt\u00f3rzy wykazuj\u0105 zainteresowania w rysowaniu, malowaniu, lub tworzenia r\u00f3\u017cnych prac. Dzia\u0142ania plastyczne pobudzaj\u0105 dzieci &hellip; <\/p>\n<p><a class=\"more-link btn\" href=\"https:\/\/polschool.com\/en\/o-nas\/kolko-plastyczne\/\">Continue reading<\/a><\/p>\n","protected":false},"author":11,"featured_media":0,"parent":101,"menu_order":74,"comment_status":"closed","ping_status":"closed","template":"","meta":{"footnotes":""},"class_list":["post-3959","page","type-page","status-publish","hentry","nodate","item-wrap"],"yoast_head":"<!-- This site is optimized with the Yoast SEO plugin v27.6 - https:\/\/yoast.com\/product\/yoast-seo-wordpress\/ -->\n<title>K\u00f3\u0142ko Plastyczne - Polska Szko\u0142a w Lemont<\/title>\n<meta name=\"description\" content=\"Polska Szkola Lemont\" \/>\n<meta name=\"robots\" content=\"index, follow, max-snippet:-1, max-image-preview:large, max-video-preview:-1\" \/>\n<link rel=\"canonical\" href=\"https:\/\/polschool.com\/en\/o-nas\/kolko-plastyczne\/\" \/>\n<meta property=\"og:locale\" content=\"en_US\" \/>\n<meta property=\"og:type\" content=\"article\" \/>\n<meta property=\"og:title\" content=\"K\u00f3\u0142ko Plastyczne - Polska Szko\u0142a w Lemont\" \/>\n<meta property=\"og:description\" content=\"Polska Szkola Lemont\" \/>\n<meta property=\"og:url\" content=\"https:\/\/polschool.com\/en\/o-nas\/kolko-plastyczne\/\" \/>\n<meta property=\"og:site_name\" content=\"Polska Szko\u0142a w Lemont\" \/>\n<meta property=\"article:publisher\" content=\"https:\/\/www.facebook.com\/pages\/category\/Elementary-School\/John-Paul-II-Polish-School-Polska-Szkola-im-Jana-Pawla-II-195616273803039\/\" \/>\n<meta property=\"article:modified_time\" content=\"2023-09-05T17:37:28+00:00\" \/>\n<meta property=\"og:image\" content=\"https:\/\/polschool.com\/wp-content\/uploads\/2015\/03\/images-11-300x156.jpeg\" \/>\n<meta name=\"twitter:card\" content=\"summary_large_image\" \/>\n<meta name=\"twitter:label1\" content=\"Est. reading time\" \/>\n\t<meta name=\"twitter:data1\" content=\"2 minutes\" \/>\n<script type=\"application\/ld+json\" class=\"yoast-schema-graph\">{\"@context\":\"https:\\\/\\\/schema.org\",\"@graph\":[{\"@type\":\"WebPage\",\"@id\":\"https:\\\/\\\/polschool.com\\\/en\\\/o-nas\\\/kolko-plastyczne\\\/\",\"url\":\"https:\\\/\\\/polschool.com\\\/en\\\/o-nas\\\/kolko-plastyczne\\\/\",\"name\":\"K\u00f3\u0142ko Plastyczne - Polska Szko\u0142a w Lemont\",\"isPartOf\":{\"@id\":\"https:\\\/\\\/www.polschool.com\\\/en\\\/#website\"},\"primaryImageOfPage\":{\"@id\":\"https:\\\/\\\/polschool.com\\\/en\\\/o-nas\\\/kolko-plastyczne\\\/#primaryimage\"},\"image\":{\"@id\":\"https:\\\/\\\/polschool.com\\\/en\\\/o-nas\\\/kolko-plastyczne\\\/#primaryimage\"},\"thumbnailUrl\":\"https:\\\/\\\/polschool.com\\\/wp-content\\\/uploads\\\/2015\\\/03\\\/images-11-300x156.jpeg\",\"datePublished\":\"2015-03-10T23:38:45+00:00\",\"dateModified\":\"2023-09-05T17:37:28+00:00\",\"description\":\"Polska Szkola Lemont\",\"breadcrumb\":{\"@id\":\"https:\\\/\\\/polschool.com\\\/en\\\/o-nas\\\/kolko-plastyczne\\\/#breadcrumb\"},\"inLanguage\":\"en-US\",\"potentialAction\":[{\"@type\":\"ReadAction\",\"target\":[\"https:\\\/\\\/polschool.com\\\/en\\\/o-nas\\\/kolko-plastyczne\\\/\"]}]},{\"@type\":\"ImageObject\",\"inLanguage\":\"en-US\",\"@id\":\"https:\\\/\\\/polschool.com\\\/en\\\/o-nas\\\/kolko-plastyczne\\\/#primaryimage\",\"url\":\"https:\\\/\\\/polschool.com\\\/wp-content\\\/uploads\\\/2015\\\/03\\\/images-11-300x156.jpeg\",\"contentUrl\":\"https:\\\/\\\/polschool.com\\\/wp-content\\\/uploads\\\/2015\\\/03\\\/images-11-300x156.jpeg\"},{\"@type\":\"BreadcrumbList\",\"@id\":\"https:\\\/\\\/polschool.com\\\/en\\\/o-nas\\\/kolko-plastyczne\\\/#breadcrumb\",\"itemListElement\":[{\"@type\":\"ListItem\",\"position\":1,\"name\":\"Home\",\"item\":\"https:\\\/\\\/polschool.com\\\/en\\\/\"},{\"@type\":\"ListItem\",\"position\":2,\"name\":\"O Nas\",\"item\":\"https:\\\/\\\/polschool.com\\\/en\\\/\"},{\"@type\":\"ListItem\",\"position\":3,\"name\":\"K\u00f3\u0142ko Plastyczne\"}]},{\"@type\":\"WebSite\",\"@id\":\"https:\\\/\\\/www.polschool.com\\\/en\\\/#website\",\"url\":\"https:\\\/\\\/www.polschool.com\\\/en\\\/\",\"name\":\"Polska Szko\u0142a w Lemont\",\"description\":\"im. \u015bw. Jana Paw\u0142a II\",\"potentialAction\":[{\"@type\":\"SearchAction\",\"target\":{\"@type\":\"EntryPoint\",\"urlTemplate\":\"https:\\\/\\\/www.polschool.com\\\/en\\\/?s={search_term_string}\"},\"query-input\":{\"@type\":\"PropertyValueSpecification\",\"valueRequired\":true,\"valueName\":\"search_term_string\"}}],\"inLanguage\":\"en-US\"}]}<\/script>\n<!-- \/ Yoast SEO plugin. -->","yoast_head_json":{"title":"K\u00f3\u0142ko Plastyczne - Polska Szko\u0142a w Lemont","description":"Polska Szkola Lemont","robots":{"index":"index","follow":"follow","max-snippet":"max-snippet:-1","max-image-preview":"max-image-preview:large","max-video-preview":"max-video-preview:-1"},"canonical":"https:\/\/polschool.com\/en\/o-nas\/kolko-plastyczne\/","og_locale":"en_US","og_type":"article","og_title":"K\u00f3\u0142ko Plastyczne - Polska Szko\u0142a w Lemont","og_description":"Polska Szkola Lemont","og_url":"https:\/\/polschool.com\/en\/o-nas\/kolko-plastyczne\/","og_site_name":"Polska Szko\u0142a w Lemont","article_publisher":"https:\/\/www.facebook.com\/pages\/category\/Elementary-School\/John-Paul-II-Polish-School-Polska-Szkola-im-Jana-Pawla-II-195616273803039\/","article_modified_time":"2023-09-05T17:37:28+00:00","og_image":[{"url":"https:\/\/polschool.com\/wp-content\/uploads\/2015\/03\/images-11-300x156.jpeg","type":"","width":"","height":""}],"twitter_card":"summary_large_image","twitter_misc":{"Est. reading time":"2 minutes"},"schema":{"@context":"https:\/\/schema.org","@graph":[{"@type":"WebPage","@id":"https:\/\/polschool.com\/en\/o-nas\/kolko-plastyczne\/","url":"https:\/\/polschool.com\/en\/o-nas\/kolko-plastyczne\/","name":"K\u00f3\u0142ko Plastyczne - Polska Szko\u0142a w Lemont","isPartOf":{"@id":"https:\/\/www.polschool.com\/en\/#website"},"primaryImageOfPage":{"@id":"https:\/\/polschool.com\/en\/o-nas\/kolko-plastyczne\/#primaryimage"},"image":{"@id":"https:\/\/polschool.com\/en\/o-nas\/kolko-plastyczne\/#primaryimage"},"thumbnailUrl":"https:\/\/polschool.com\/wp-content\/uploads\/2015\/03\/images-11-300x156.jpeg","datePublished":"2015-03-10T23:38:45+00:00","dateModified":"2023-09-05T17:37:28+00:00","description":"Polska Szkola Lemont","breadcrumb":{"@id":"https:\/\/polschool.com\/en\/o-nas\/kolko-plastyczne\/#breadcrumb"},"inLanguage":"en-US","potentialAction":[{"@type":"ReadAction","target":["https:\/\/polschool.com\/en\/o-nas\/kolko-plastyczne\/"]}]},{"@type":"ImageObject","inLanguage":"en-US","@id":"https:\/\/polschool.com\/en\/o-nas\/kolko-plastyczne\/#primaryimage","url":"https:\/\/polschool.com\/wp-content\/uploads\/2015\/03\/images-11-300x156.jpeg","contentUrl":"https:\/\/polschool.com\/wp-content\/uploads\/2015\/03\/images-11-300x156.jpeg"},{"@type":"BreadcrumbList","@id":"https:\/\/polschool.com\/en\/o-nas\/kolko-plastyczne\/#breadcrumb","itemListElement":[{"@type":"ListItem","position":1,"name":"Home","item":"https:\/\/polschool.com\/en\/"},{"@type":"ListItem","position":2,"name":"O Nas","item":"https:\/\/polschool.com\/en\/"},{"@type":"ListItem","position":3,"name":"K\u00f3\u0142ko Plastyczne"}]},{"@type":"WebSite","@id":"https:\/\/www.polschool.com\/en\/#website","url":"https:\/\/www.polschool.com\/en\/","name":"Polska Szko\u0142a w Lemont","description":"im. \u015bw. Jana Paw\u0142a II","potentialAction":[{"@type":"SearchAction","target":{"@type":"EntryPoint","urlTemplate":"https:\/\/www.polschool.com\/en\/?s={search_term_string}"},"query-input":{"@type":"PropertyValueSpecification","valueRequired":true,"valueName":"search_term_string"}}],"inLanguage":"en-US"}]}},"_links":{"self":[{"href":"https:\/\/polschool.com\/en\/wp-json\/wp\/v2\/pages\/3959","targetHints":{"allow":["GET"]}}],"collection":[{"href":"https:\/\/polschool.com\/en\/wp-json\/wp\/v2\/pages"}],"about":[{"href":"https:\/\/polschool.com\/en\/wp-json\/wp\/v2\/types\/page"}],"author":[{"embeddable":true,"href":"https:\/\/polschool.com\/en\/wp-json\/wp\/v2\/users\/11"}],"replies":[{"embeddable":true,"href":"https:\/\/polschool.com\/en\/wp-json\/wp\/v2\/comments?post=3959"}],"version-history":[{"count":4,"href":"https:\/\/polschool.com\/en\/wp-json\/wp\/v2\/pages\/3959\/revisions"}],"predecessor-version":[{"id":14318,"href":"https:\/\/polschool.com\/en\/wp-json\/wp\/v2\/pages\/3959\/revisions\/14318"}],"up":[{"embeddable":true,"href":"https:\/\/polschool.com\/en\/wp-json\/wp\/v2\/pages\/101"}],"wp:attachment":[{"href":"https:\/\/polschool.com\/en\/wp-json\/wp\/v2\/media?parent=3959"}],"curies":[{"name":"wp","href":"https:\/\/api.w.org\/{rel}","templated":true}]}}