{"id":3926,"date":"2015-03-06T10:03:09","date_gmt":"2015-03-06T16:03:09","guid":{"rendered":"https:\/\/polschool.com\/?page_id=3926"},"modified":"2024-12-06T08:56:18","modified_gmt":"2024-12-06T14:56:18","slug":"hymn-szkolny","status":"publish","type":"page","link":"https:\/\/polschool.com\/en\/hymn-szkolny\/","title":{"rendered":"School Anthem &#8211; Our Polish School"},"content":{"rendered":"<p>Our Great Polish School so dear,<br \/>\nEach Saturday calls us to gather here.<br \/>\nWe hurry to it when the bell rings loud,<br \/>\nIt\u2019s \u201cLittle Poland\u201d that makes us proud.<\/p>\n<p>Here we uncover its past so grand,<br \/>\nOur fathers\u2019 roots in this cherished land.<br \/>\nThe famed Poles\u2019 stories inspire our aim,<br \/>\nAmong them, the Pope of worldwide fame.<\/p>\n<p><strong>Chorus:<\/strong><br \/>\nOur Patron loved his homeland true,<br \/>\nAnd for her future, he worried too.<br \/>\nHe is our model, our hope, our guide,<br \/>\nWe love him deeply, with hearts open wide.<\/p>\n<hr \/>\n<p>White and red fly our banner high,<br \/>\nWith the Eagle crowned, it greets the sky.<br \/>\nSymbols of courage from days of old,<br \/>\nWhen our brave ancestors were strong and bold.<\/p>\n<p>Beside the flag of America\u2019s pride,<br \/>\nWe honor Poland\u2019s flag with hearts untied.<br \/>\nOh, White Eagle, watch over our land,<br \/>\nWith love for Poland, we always stand.<\/p>\n<p><strong>Chorus:<\/strong><br \/>\nOur Patron loved his homeland true,<br \/>\nAnd for her future, he worried too.<br \/>\nHe is our model, our hope, our guide,<br \/>\nWe love him deeply, with hearts open wide.<\/p>\n<hr \/>\n<p>Thirty years stands our school\u2019s proud name,<br \/>\nOf John Paul II, with lasting fame.<br \/>\nEach day it\u2019s lively, a cheerful scene,<br \/>\nToday it\u2019s solemn, dressed for its sheen.<\/p>\n<p>Many have gained here wisdom wide,<br \/>\nOf Poland\u2019s glory and national pride.<br \/>\nLearning her story from far away,<br \/>\nDreaming of Poland, come what may.<\/p>\n<p><strong>Chorus:<\/strong><br \/>\nOur Patron loved his homeland true,<br \/>\nAnd for her future, he worried too.<br \/>\nHe is our model, our hope, our guide,<br \/>\nWe love him deeply, with hearts open wide.<\/p>\n<p><em>Text: Dr. Kazimiera Skaluba (translated by ChatGPT)<\/em><br \/>\n<em>Music: Mgr. R. Budzyn<\/em><\/p>\n","protected":false},"excerpt":{"rendered":"<p>Our Great Polish School so dear, Each Saturday calls us to gather here. We hurry to it when the bell rings loud, It\u2019s \u201cLittle Poland\u201d that makes us proud. Here we uncover its past so grand, Our fathers\u2019 roots in this cherished land. The famed Poles\u2019 stories inspire our aim, Among them, the Pope of &hellip; <\/p>\n<p><a class=\"more-link btn\" href=\"https:\/\/polschool.com\/en\/hymn-szkolny\/\">Continue reading<\/a><\/p>\n","protected":false},"author":11,"featured_media":0,"parent":0,"menu_order":81,"comment_status":"closed","ping_status":"closed","template":"","meta":{"footnotes":""},"class_list":["post-3926","page","type-page","status-publish","hentry","nodate","item-wrap"],"yoast_head":"<!-- This site is optimized with the Yoast SEO plugin v27.4 - https:\/\/yoast.com\/product\/yoast-seo-wordpress\/ -->\n<title>School Anthem - Our Polish School - Polska Szko\u0142a w Lemont<\/title>\n<meta name=\"description\" content=\"Polska Szkola Lemont\" \/>\n<meta name=\"robots\" content=\"index, follow, max-snippet:-1, max-image-preview:large, max-video-preview:-1\" \/>\n<link rel=\"canonical\" href=\"https:\/\/polschool.com\/en\/hymn-szkolny\/\" \/>\n<meta property=\"og:locale\" content=\"en_US\" \/>\n<meta property=\"og:type\" content=\"article\" \/>\n<meta property=\"og:title\" content=\"School Anthem - Our Polish School - Polska Szko\u0142a w Lemont\" \/>\n<meta property=\"og:description\" content=\"Polska Szkola Lemont\" \/>\n<meta property=\"og:url\" content=\"https:\/\/polschool.com\/en\/hymn-szkolny\/\" \/>\n<meta property=\"og:site_name\" content=\"Polska Szko\u0142a w Lemont\" \/>\n<meta property=\"article:publisher\" content=\"https:\/\/www.facebook.com\/pages\/category\/Elementary-School\/John-Paul-II-Polish-School-Polska-Szkola-im-Jana-Pawla-II-195616273803039\/\" \/>\n<meta property=\"article:modified_time\" content=\"2024-12-06T14:56:18+00:00\" \/>\n<meta name=\"twitter:card\" content=\"summary_large_image\" \/>\n<meta name=\"twitter:label1\" content=\"Est. reading time\" \/>\n\t<meta name=\"twitter:data1\" content=\"2 minutes\" \/>\n<script type=\"application\/ld+json\" class=\"yoast-schema-graph\">{\"@context\":\"https:\\\/\\\/schema.org\",\"@graph\":[{\"@type\":\"WebPage\",\"@id\":\"https:\\\/\\\/polschool.com\\\/en\\\/hymn-szkolny\\\/\",\"url\":\"https:\\\/\\\/polschool.com\\\/en\\\/hymn-szkolny\\\/\",\"name\":\"School Anthem - Our Polish School - Polska Szko\u0142a w Lemont\",\"isPartOf\":{\"@id\":\"https:\\\/\\\/www.polschool.com\\\/en\\\/#website\"},\"datePublished\":\"2015-03-06T16:03:09+00:00\",\"dateModified\":\"2024-12-06T14:56:18+00:00\",\"description\":\"Polska Szkola Lemont\",\"breadcrumb\":{\"@id\":\"https:\\\/\\\/polschool.com\\\/en\\\/hymn-szkolny\\\/#breadcrumb\"},\"inLanguage\":\"en-US\",\"potentialAction\":[{\"@type\":\"ReadAction\",\"target\":[\"https:\\\/\\\/polschool.com\\\/en\\\/hymn-szkolny\\\/\"]}]},{\"@type\":\"BreadcrumbList\",\"@id\":\"https:\\\/\\\/polschool.com\\\/en\\\/hymn-szkolny\\\/#breadcrumb\",\"itemListElement\":[{\"@type\":\"ListItem\",\"position\":1,\"name\":\"Home\",\"item\":\"https:\\\/\\\/polschool.com\\\/en\\\/\"},{\"@type\":\"ListItem\",\"position\":2,\"name\":\"School Anthem &#8211; Our Polish School\"}]},{\"@type\":\"WebSite\",\"@id\":\"https:\\\/\\\/www.polschool.com\\\/en\\\/#website\",\"url\":\"https:\\\/\\\/www.polschool.com\\\/en\\\/\",\"name\":\"Polska Szko\u0142a w Lemont\",\"description\":\"im. \u015bw. Jana Paw\u0142a II\",\"potentialAction\":[{\"@type\":\"SearchAction\",\"target\":{\"@type\":\"EntryPoint\",\"urlTemplate\":\"https:\\\/\\\/www.polschool.com\\\/en\\\/?s={search_term_string}\"},\"query-input\":{\"@type\":\"PropertyValueSpecification\",\"valueRequired\":true,\"valueName\":\"search_term_string\"}}],\"inLanguage\":\"en-US\"}]}<\/script>\n<!-- \/ Yoast SEO plugin. -->","yoast_head_json":{"title":"School Anthem - Our Polish School - Polska Szko\u0142a w Lemont","description":"Polska Szkola Lemont","robots":{"index":"index","follow":"follow","max-snippet":"max-snippet:-1","max-image-preview":"max-image-preview:large","max-video-preview":"max-video-preview:-1"},"canonical":"https:\/\/polschool.com\/en\/hymn-szkolny\/","og_locale":"en_US","og_type":"article","og_title":"School Anthem - Our Polish School - Polska Szko\u0142a w Lemont","og_description":"Polska Szkola Lemont","og_url":"https:\/\/polschool.com\/en\/hymn-szkolny\/","og_site_name":"Polska Szko\u0142a w Lemont","article_publisher":"https:\/\/www.facebook.com\/pages\/category\/Elementary-School\/John-Paul-II-Polish-School-Polska-Szkola-im-Jana-Pawla-II-195616273803039\/","article_modified_time":"2024-12-06T14:56:18+00:00","twitter_card":"summary_large_image","twitter_misc":{"Est. reading time":"2 minutes"},"schema":{"@context":"https:\/\/schema.org","@graph":[{"@type":"WebPage","@id":"https:\/\/polschool.com\/en\/hymn-szkolny\/","url":"https:\/\/polschool.com\/en\/hymn-szkolny\/","name":"School Anthem - Our Polish School - Polska Szko\u0142a w Lemont","isPartOf":{"@id":"https:\/\/www.polschool.com\/en\/#website"},"datePublished":"2015-03-06T16:03:09+00:00","dateModified":"2024-12-06T14:56:18+00:00","description":"Polska Szkola Lemont","breadcrumb":{"@id":"https:\/\/polschool.com\/en\/hymn-szkolny\/#breadcrumb"},"inLanguage":"en-US","potentialAction":[{"@type":"ReadAction","target":["https:\/\/polschool.com\/en\/hymn-szkolny\/"]}]},{"@type":"BreadcrumbList","@id":"https:\/\/polschool.com\/en\/hymn-szkolny\/#breadcrumb","itemListElement":[{"@type":"ListItem","position":1,"name":"Home","item":"https:\/\/polschool.com\/en\/"},{"@type":"ListItem","position":2,"name":"School Anthem &#8211; Our Polish School"}]},{"@type":"WebSite","@id":"https:\/\/www.polschool.com\/en\/#website","url":"https:\/\/www.polschool.com\/en\/","name":"Polska Szko\u0142a w Lemont","description":"im. \u015bw. Jana Paw\u0142a II","potentialAction":[{"@type":"SearchAction","target":{"@type":"EntryPoint","urlTemplate":"https:\/\/www.polschool.com\/en\/?s={search_term_string}"},"query-input":{"@type":"PropertyValueSpecification","valueRequired":true,"valueName":"search_term_string"}}],"inLanguage":"en-US"}]}},"_links":{"self":[{"href":"https:\/\/polschool.com\/en\/wp-json\/wp\/v2\/pages\/3926","targetHints":{"allow":["GET"]}}],"collection":[{"href":"https:\/\/polschool.com\/en\/wp-json\/wp\/v2\/pages"}],"about":[{"href":"https:\/\/polschool.com\/en\/wp-json\/wp\/v2\/types\/page"}],"author":[{"embeddable":true,"href":"https:\/\/polschool.com\/en\/wp-json\/wp\/v2\/users\/11"}],"replies":[{"embeddable":true,"href":"https:\/\/polschool.com\/en\/wp-json\/wp\/v2\/comments?post=3926"}],"version-history":[{"count":4,"href":"https:\/\/polschool.com\/en\/wp-json\/wp\/v2\/pages\/3926\/revisions"}],"predecessor-version":[{"id":15245,"href":"https:\/\/polschool.com\/en\/wp-json\/wp\/v2\/pages\/3926\/revisions\/15245"}],"wp:attachment":[{"href":"https:\/\/polschool.com\/en\/wp-json\/wp\/v2\/media?parent=3926"}],"curies":[{"name":"wp","href":"https:\/\/api.w.org\/{rel}","templated":true}]}}