{"id":386,"date":"2012-02-12T23:27:30","date_gmt":"2012-01-16T05:17:21","guid":{"rendered":"http:\/\/dev.polschool.com\/?page_id=386"},"modified":"2025-09-03T11:26:54","modified_gmt":"2025-09-03T16:26:54","slug":"lemont-p-m","status":"publish","type":"page","link":"https:\/\/polschool.com\/en\/classes\/lemont-p-m\/","title":{"rendered":"Friday P.M"},"content":{"rendered":"<h3>Elementary School<\/h3>\n<h4>Preschool &#8211; Room: <strong>203<\/strong><\/h4>\n<h4><img loading=\"lazy\" decoding=\"async\" class=\" wp-image-9449 alignleft\" src=\"https:\/\/polschool.com\/wp-content\/uploads\/2020\/01\/PSzyrzyna-200x300.jpg\" alt=\"\" width=\"100\" height=\"150\" srcset=\"https:\/\/polschool.com\/wp-content\/uploads\/2020\/01\/PSzyrzyna-200x300.jpg 200w, https:\/\/polschool.com\/wp-content\/uploads\/2020\/01\/PSzyrzyna-82x123.jpg 82w, https:\/\/polschool.com\/wp-content\/uploads\/2020\/01\/PSzyrzyna.jpg 300w\" sizes=\"auto, (max-width: 100px) 100vw, 100px\" \/><\/h4>\n<p>Homeroom Teacher:<strong> Patrycja Szyrzyna<\/strong><br \/>\nEmail: <a href=\"mailto:P.Szyrzyna@polschool.com\"><strong>P.Szyrzyna@polschool.com<\/strong><\/a><\/p>\n<p>&nbsp;<\/p>\n<p>&nbsp;<\/p>\n<p>&nbsp;<\/p>\n<h4>Kindergarten &#8211; Room: 203<\/h4>\n<h4><img loading=\"lazy\" decoding=\"async\" class=\" wp-image-9449 alignleft\" src=\"https:\/\/polschool.com\/wp-content\/uploads\/2020\/01\/PSzyrzyna-200x300.jpg\" alt=\"\" width=\"100\" height=\"150\" srcset=\"https:\/\/polschool.com\/wp-content\/uploads\/2020\/01\/PSzyrzyna-200x300.jpg 200w, https:\/\/polschool.com\/wp-content\/uploads\/2020\/01\/PSzyrzyna-82x123.jpg 82w, https:\/\/polschool.com\/wp-content\/uploads\/2020\/01\/PSzyrzyna.jpg 300w\" sizes=\"auto, (max-width: 100px) 100vw, 100px\" \/><\/h4>\n<p>Homeroom Teacher:<strong> Patrycja Szyrzyna<\/strong><br \/>\nEmail: <a href=\"mailto:P.Szyrzyna@polschool.com\"><strong>P.Szyrzyna@polschool.com<\/strong><\/a><\/p>\n<p>&nbsp;<\/p>\n<p>&nbsp;<\/p>\n<p>&nbsp;<\/p>\n<h4>1st Grade &#8211; Room: <strong>107<\/strong><\/h4>\n<p><img loading=\"lazy\" decoding=\"async\" class=\"wp-image-14295 alignleft\" src=\"https:\/\/polschool.com\/wp-content\/uploads\/2023\/09\/DSC_6543-small.png\" alt=\"\" width=\"100\" height=\"150\" srcset=\"https:\/\/polschool.com\/wp-content\/uploads\/2023\/09\/DSC_6543-small.png 200w, https:\/\/polschool.com\/wp-content\/uploads\/2023\/09\/DSC_6543-small-82x123.png 82w\" sizes=\"auto, (max-width: 100px) 100vw, 100px\" \/>Homeroom Teacher: <strong>Dominika Gornikowski<br \/>\n<\/strong>Email: <a href=\"mailto:D.Gornikowski@polschool.com\"><strong>D.Gornikowski@polschool.com<\/strong><\/a><\/p>\n<p>&nbsp;<\/p>\n<p>&nbsp;<\/p>\n<p>&nbsp;<\/p>\n<h4>2nd Grade &#8211; Room: <strong>104<\/strong><\/h4>\n<p><img loading=\"lazy\" decoding=\"async\" class=\"alignleft\" src=\"https:\/\/polschool.com\/wp-content\/uploads\/2020\/01\/AGal.jpg\" alt=\"\" width=\"100\" height=\"123\" \/>Homeroom Teacher: <strong>Anna Gal<br \/>\n<\/strong>Email: <a href=\"mailto:A.Gal@polschool.com\"><strong>A.Gal@polschool.com<\/strong><\/a><\/p>\n<p>&nbsp;<\/p>\n<p>&nbsp;<\/p>\n<p>&nbsp;<\/p>\n<h4>3rd Grade 3- Room: <strong>108<\/strong><\/h4>\n<h4><img loading=\"lazy\" decoding=\"async\" class=\"wp-image-14491 alignleft\" src=\"https:\/\/polschool.com\/wp-content\/uploads\/2023\/11\/DSC08817-GRAY-small-200x300.jpg\" alt=\"\" width=\"100\" height=\"150\" srcset=\"https:\/\/polschool.com\/wp-content\/uploads\/2023\/11\/DSC08817-GRAY-small-200x300.jpg 200w, https:\/\/polschool.com\/wp-content\/uploads\/2023\/11\/DSC08817-GRAY-small-683x1024.jpg 683w, https:\/\/polschool.com\/wp-content\/uploads\/2023\/11\/DSC08817-GRAY-small-82x123.jpg 82w, https:\/\/polschool.com\/wp-content\/uploads\/2023\/11\/DSC08817-GRAY-small-768x1152.jpg 768w, https:\/\/polschool.com\/wp-content\/uploads\/2023\/11\/DSC08817-GRAY-small-1024x1536.jpg 1024w, https:\/\/polschool.com\/wp-content\/uploads\/2023\/11\/DSC08817-GRAY-small-1365x2048.jpg 1365w, https:\/\/polschool.com\/wp-content\/uploads\/2023\/11\/DSC08817-GRAY-small-555x833.jpg 555w, https:\/\/polschool.com\/wp-content\/uploads\/2023\/11\/DSC08817-GRAY-small-scaled.jpg 1707w\" sizes=\"auto, (max-width: 100px) 100vw, 100px\" \/><\/h4>\n<p>Homeroom Teacher: <strong>Maria Gasior<\/strong><br \/>\nEmail address: <a href=\"mailto:M.Gasior@polschool.com\"><strong>M.Gasior@polschool.com<\/strong><\/a><\/p>\n<p>&nbsp;<\/p>\n<p>&nbsp;<\/p>\n<p>&nbsp;<\/p>\n<h4>4th Grade 4a &#8211; Room: <strong>106<\/strong><\/h4>\n<p><img decoding=\"async\" class=\"alignleft\" src=\"https:\/\/polschool.com\/wp-content\/uploads\/2024\/12\/cieszyn.png\" alt=\"placeholder\" width=\"100\" \/>Homeroom Teacher: <b> Anna Hudson<br \/>\n<\/b>Email: <a href=\"mailto:B.Jezyk@polschool.com\"><strong>a.hudson@polschool.com<\/strong><\/a><\/p>\n<p>&nbsp;<\/p>\n<p>&nbsp;<\/p>\n<p>&nbsp;<\/p>\n<h4>4th Grade 4b &#8211; Room: <strong>105<\/strong><\/h4>\n<p><img loading=\"lazy\" decoding=\"async\" class=\"alignleft\" src=\"https:\/\/polschool.com\/wp-content\/uploads\/2022\/12\/Marian_Gal-png-1.png\" alt=\"\" width=\"100\" height=\"123\" \/>Homeroom Teacher: <strong>Marian Gal<br \/>\n<\/strong>Email address: <a href=\"mailto:M.Gal@polschool.com\"><strong>M.Gal@polschool.com<\/strong><\/a><\/p>\n<p>&nbsp;<\/p>\n<p>&nbsp;<\/p>\n<p>&nbsp;<\/p>\n<h4>5th Grade &#8211; Room: <strong>109<\/strong><\/h4>\n<p><img loading=\"lazy\" decoding=\"async\" class=\"alignleft\" src=\"https:\/\/polschool.com\/wp-content\/uploads\/2020\/01\/MRadzik.jpg\" alt=\"Malgorzata Radzik\" width=\"100\" height=\"123\" \/>Homeroom Teacher: <strong>Ma\u0142gorzata Radzik<\/strong><strong><br \/>\n<\/strong>Email: <a href=\"mailto:M.Radzik@polschool.com\"><strong>M.Radzik@polschool.com<\/strong><\/a><\/p>\n<p>&nbsp;<\/p>\n<p>&nbsp;<\/p>\n<p>&nbsp;<\/p>\n<h4>6th Grade &#8211; Room: <strong>103<\/strong><\/h4>\n<p><img decoding=\"async\" class=\"alignleft\" src=\"https:\/\/polschool.com\/wp-content\/uploads\/2024\/12\/cieszyn.png\" alt=\"placeholder\" width=\"100\" \/>Homeroom Teacher: <b> Edyta Kapusta<br \/>\n<\/b>Email: <a href=\"mailto:B.Jezyk@polschool.com\"><strong>e.kapusta@polschool.com<\/strong><\/a><\/p>\n<p>&nbsp;<\/p>\n<p>&nbsp;<\/p>\n<p>&nbsp;<\/p>\n<h4>7th Grade &#8211; Room: <b>111<\/b><\/h4>\n<p><img loading=\"lazy\" decoding=\"async\" class=\"alignleft\" src=\"https:\/\/polschool.com\/wp-content\/uploads\/2021\/02\/Monika-Wiecek.jpg\" alt=\"\" width=\"100\" height=\"123\" \/>Homeroom Teacher: <b>Monika Wi\u0119cek<br \/>\n<\/b>Email: <a href=\"mailto:M.Wiecek@polschool.com\"><strong>M.Wiecek@polschool.com<\/strong><\/a><\/p>\n<p>&nbsp;<\/p>\n<p>&nbsp;<\/p>\n<p>&nbsp;<\/p>\n<h4>8th Grade &#8211; Room: <strong>205<\/strong><\/h4>\n<p><img loading=\"lazy\" decoding=\"async\" class=\"alignleft\" src=\"https:\/\/polschool.com\/wp-content\/uploads\/2021\/03\/DSC_9784-GRAY-Retusz.jpg\" alt=\"Bozena Bednarczyk\" width=\"100\" height=\"123\" \/>Homeroom Teacher: <strong>Bo\u017cena Bednarczyk<br \/>\n<\/strong>Email: <a href=\"mailto:B.Bednarczyk@polschool.com\"><strong>B.Bednarczyk@polschool.com<\/strong><\/a><\/p>\n<p>&nbsp;<\/p>\n<p>&nbsp;<\/p>\n<p>&nbsp;<\/p>\n<hr \/>\n<h3>High School<\/h3>\n<h4>First Year of High School &#8211; Room: <strong>204<\/strong><\/h4>\n<p><img decoding=\"async\" class=\"alignleft\" src=\"https:\/\/polschool.com\/wp-content\/uploads\/2020\/01\/AWatkins.jpg\" alt=\"\" width=\"100\" \/>Homeroom Teacher: <strong>Anna Watkins<br \/>\n<\/strong>Email: <a href=\"mailto:A.Watkins@polschool.com\"><strong>A.Watkins@polschool.com<\/strong><\/a><\/p>\n<p>&nbsp;<\/p>\n<p>&nbsp;<\/p>\n<p>&nbsp;<\/p>\n<h4>Second Year of High School &#8211; Room: <strong>200<\/strong><\/h4>\n<p><img decoding=\"async\" class=\"alignleft\" src=\"https:\/\/polschool.com\/wp-content\/uploads\/2016\/09\/P.-Dorota-Grzegorzewicz.jpg\" alt=\"\" width=\"100\" \/>Homeroom Teacher: <strong>Dorota Grzegorzewicz<br \/>\n<\/strong>Email: <a href=\"mailto:D.Grzegorzewicz@polschool.com\"><strong>D.Grzegorzewicz@polschool.com<\/strong><\/a><\/p>\n<p>&nbsp;<\/p>\n<p>&nbsp;<\/p>\n<p>&nbsp;<\/p>\n<h4>Third Year of High School &#8211; Room: <strong>110<\/strong><\/h4>\n<p><img decoding=\"async\" class=\"alignleft\" src=\"https:\/\/polschool.com\/wp-content\/uploads\/2020\/01\/MGornikowski.jpg\" alt=\"\" width=\"100\" \/>Homeroom Teacher: <b>Monika G\u00f3rnikowski<br \/>\n<\/b>Email: <a href=\"mailto:M.Gornikowski@polschool.com\"><strong>M.Gornikowski@polschool.com<\/strong><\/a><\/p>\n<p>&nbsp;<\/p>\n<p>&nbsp;<\/p>\n<p>&nbsp;<\/p>\n","protected":false},"excerpt":{"rendered":"<p>Elementary School Preschool &#8211; Room: 203 Homeroom Teacher: Patrycja Szyrzyna Email: P.Szyrzyna@polschool.com &nbsp; &nbsp; &nbsp; Kindergarten &#8211; Room: 203 Homeroom Teacher: Patrycja Szyrzyna Email: P.Szyrzyna@polschool.com &nbsp; &nbsp; &nbsp; 1st Grade &#8211; Room: 107 Homeroom Teacher: Dominika Gornikowski Email: D.Gornikowski@polschool.com &nbsp; &nbsp; &nbsp; 2nd Grade &#8211; Room: 104 Homeroom Teacher: Anna Gal Email: A.Gal@polschool.com &nbsp; &nbsp; &hellip; <\/p>\n<p><a class=\"more-link btn\" href=\"https:\/\/polschool.com\/en\/classes\/lemont-p-m\/\">Continue reading<\/a><\/p>\n","protected":false},"author":11,"featured_media":0,"parent":200,"menu_order":39,"comment_status":"closed","ping_status":"closed","template":"","meta":{"footnotes":""},"class_list":["post-386","page","type-page","status-publish","hentry","nodate","item-wrap"],"yoast_head":"<!-- This site is optimized with the Yoast SEO plugin v27.4 - https:\/\/yoast.com\/product\/yoast-seo-wordpress\/ -->\n<title>Friday P.M - Polska Szko\u0142a w Lemont<\/title>\n<meta name=\"description\" content=\"Polska Szkola Lemont\" \/>\n<meta name=\"robots\" content=\"index, follow, max-snippet:-1, max-image-preview:large, max-video-preview:-1\" \/>\n<link rel=\"canonical\" href=\"https:\/\/polschool.com\/en\/classes\/lemont-p-m\/\" \/>\n<meta property=\"og:locale\" content=\"en_US\" \/>\n<meta property=\"og:type\" content=\"article\" \/>\n<meta property=\"og:title\" content=\"Friday P.M - Polska Szko\u0142a w Lemont\" \/>\n<meta property=\"og:description\" content=\"Polska Szkola Lemont\" \/>\n<meta property=\"og:url\" content=\"https:\/\/polschool.com\/en\/classes\/lemont-p-m\/\" \/>\n<meta property=\"og:site_name\" content=\"Polska Szko\u0142a w Lemont\" \/>\n<meta property=\"article:publisher\" content=\"https:\/\/www.facebook.com\/pages\/category\/Elementary-School\/John-Paul-II-Polish-School-Polska-Szkola-im-Jana-Pawla-II-195616273803039\/\" \/>\n<meta property=\"article:modified_time\" content=\"2025-09-03T16:26:54+00:00\" \/>\n<meta property=\"og:image\" content=\"https:\/\/polschool.com\/wp-content\/uploads\/2020\/01\/PSzyrzyna.jpg\" \/>\n\t<meta property=\"og:image:width\" content=\"300\" \/>\n\t<meta property=\"og:image:height\" content=\"450\" \/>\n\t<meta property=\"og:image:type\" content=\"image\/jpeg\" \/>\n<meta name=\"twitter:card\" content=\"summary_large_image\" \/>\n<meta name=\"twitter:label1\" content=\"Est. reading time\" \/>\n\t<meta name=\"twitter:data1\" content=\"4 minutes\" \/>\n<script type=\"application\/ld+json\" class=\"yoast-schema-graph\">{\"@context\":\"https:\\\/\\\/schema.org\",\"@graph\":[{\"@type\":\"WebPage\",\"@id\":\"https:\\\/\\\/polschool.com\\\/en\\\/classes\\\/lemont-p-m\\\/\",\"url\":\"https:\\\/\\\/polschool.com\\\/en\\\/classes\\\/lemont-p-m\\\/\",\"name\":\"Friday P.M - Polska Szko\u0142a w Lemont\",\"isPartOf\":{\"@id\":\"https:\\\/\\\/www.polschool.com\\\/en\\\/#website\"},\"primaryImageOfPage\":{\"@id\":\"https:\\\/\\\/polschool.com\\\/en\\\/classes\\\/lemont-p-m\\\/#primaryimage\"},\"image\":{\"@id\":\"https:\\\/\\\/polschool.com\\\/en\\\/classes\\\/lemont-p-m\\\/#primaryimage\"},\"thumbnailUrl\":\"https:\\\/\\\/polschool.com\\\/wp-content\\\/uploads\\\/2020\\\/01\\\/PSzyrzyna-200x300.jpg\",\"datePublished\":\"2012-01-16T05:17:21+00:00\",\"dateModified\":\"2025-09-03T16:26:54+00:00\",\"description\":\"Polska Szkola Lemont\",\"breadcrumb\":{\"@id\":\"https:\\\/\\\/polschool.com\\\/en\\\/classes\\\/lemont-p-m\\\/#breadcrumb\"},\"inLanguage\":\"en-US\",\"potentialAction\":[{\"@type\":\"ReadAction\",\"target\":[\"https:\\\/\\\/polschool.com\\\/en\\\/classes\\\/lemont-p-m\\\/\"]}]},{\"@type\":\"ImageObject\",\"inLanguage\":\"en-US\",\"@id\":\"https:\\\/\\\/polschool.com\\\/en\\\/classes\\\/lemont-p-m\\\/#primaryimage\",\"url\":\"https:\\\/\\\/polschool.com\\\/wp-content\\\/uploads\\\/2020\\\/01\\\/PSzyrzyna-200x300.jpg\",\"contentUrl\":\"https:\\\/\\\/polschool.com\\\/wp-content\\\/uploads\\\/2020\\\/01\\\/PSzyrzyna-200x300.jpg\"},{\"@type\":\"BreadcrumbList\",\"@id\":\"https:\\\/\\\/polschool.com\\\/en\\\/classes\\\/lemont-p-m\\\/#breadcrumb\",\"itemListElement\":[{\"@type\":\"ListItem\",\"position\":1,\"name\":\"Home\",\"item\":\"https:\\\/\\\/polschool.com\\\/en\\\/\"},{\"@type\":\"ListItem\",\"position\":2,\"name\":\"Classes\",\"item\":\"https:\\\/\\\/www.polschool.com\\\/en\\\/classes\\\/\"},{\"@type\":\"ListItem\",\"position\":3,\"name\":\"Friday P.M\"}]},{\"@type\":\"WebSite\",\"@id\":\"https:\\\/\\\/www.polschool.com\\\/en\\\/#website\",\"url\":\"https:\\\/\\\/www.polschool.com\\\/en\\\/\",\"name\":\"Polska Szko\u0142a w Lemont\",\"description\":\"im. \u015bw. Jana Paw\u0142a II\",\"potentialAction\":[{\"@type\":\"SearchAction\",\"target\":{\"@type\":\"EntryPoint\",\"urlTemplate\":\"https:\\\/\\\/www.polschool.com\\\/en\\\/?s={search_term_string}\"},\"query-input\":{\"@type\":\"PropertyValueSpecification\",\"valueRequired\":true,\"valueName\":\"search_term_string\"}}],\"inLanguage\":\"en-US\"}]}<\/script>\n<!-- \/ Yoast SEO plugin. -->","yoast_head_json":{"title":"Friday P.M - Polska Szko\u0142a w Lemont","description":"Polska Szkola Lemont","robots":{"index":"index","follow":"follow","max-snippet":"max-snippet:-1","max-image-preview":"max-image-preview:large","max-video-preview":"max-video-preview:-1"},"canonical":"https:\/\/polschool.com\/en\/classes\/lemont-p-m\/","og_locale":"en_US","og_type":"article","og_title":"Friday P.M - Polska Szko\u0142a w Lemont","og_description":"Polska Szkola Lemont","og_url":"https:\/\/polschool.com\/en\/classes\/lemont-p-m\/","og_site_name":"Polska Szko\u0142a w Lemont","article_publisher":"https:\/\/www.facebook.com\/pages\/category\/Elementary-School\/John-Paul-II-Polish-School-Polska-Szkola-im-Jana-Pawla-II-195616273803039\/","article_modified_time":"2025-09-03T16:26:54+00:00","og_image":[{"width":300,"height":450,"url":"https:\/\/polschool.com\/wp-content\/uploads\/2020\/01\/PSzyrzyna.jpg","type":"image\/jpeg"}],"twitter_card":"summary_large_image","twitter_misc":{"Est. reading time":"4 minutes"},"schema":{"@context":"https:\/\/schema.org","@graph":[{"@type":"WebPage","@id":"https:\/\/polschool.com\/en\/classes\/lemont-p-m\/","url":"https:\/\/polschool.com\/en\/classes\/lemont-p-m\/","name":"Friday P.M - Polska Szko\u0142a w Lemont","isPartOf":{"@id":"https:\/\/www.polschool.com\/en\/#website"},"primaryImageOfPage":{"@id":"https:\/\/polschool.com\/en\/classes\/lemont-p-m\/#primaryimage"},"image":{"@id":"https:\/\/polschool.com\/en\/classes\/lemont-p-m\/#primaryimage"},"thumbnailUrl":"https:\/\/polschool.com\/wp-content\/uploads\/2020\/01\/PSzyrzyna-200x300.jpg","datePublished":"2012-01-16T05:17:21+00:00","dateModified":"2025-09-03T16:26:54+00:00","description":"Polska Szkola Lemont","breadcrumb":{"@id":"https:\/\/polschool.com\/en\/classes\/lemont-p-m\/#breadcrumb"},"inLanguage":"en-US","potentialAction":[{"@type":"ReadAction","target":["https:\/\/polschool.com\/en\/classes\/lemont-p-m\/"]}]},{"@type":"ImageObject","inLanguage":"en-US","@id":"https:\/\/polschool.com\/en\/classes\/lemont-p-m\/#primaryimage","url":"https:\/\/polschool.com\/wp-content\/uploads\/2020\/01\/PSzyrzyna-200x300.jpg","contentUrl":"https:\/\/polschool.com\/wp-content\/uploads\/2020\/01\/PSzyrzyna-200x300.jpg"},{"@type":"BreadcrumbList","@id":"https:\/\/polschool.com\/en\/classes\/lemont-p-m\/#breadcrumb","itemListElement":[{"@type":"ListItem","position":1,"name":"Home","item":"https:\/\/polschool.com\/en\/"},{"@type":"ListItem","position":2,"name":"Classes","item":"https:\/\/www.polschool.com\/en\/classes\/"},{"@type":"ListItem","position":3,"name":"Friday P.M"}]},{"@type":"WebSite","@id":"https:\/\/www.polschool.com\/en\/#website","url":"https:\/\/www.polschool.com\/en\/","name":"Polska Szko\u0142a w Lemont","description":"im. \u015bw. Jana Paw\u0142a II","potentialAction":[{"@type":"SearchAction","target":{"@type":"EntryPoint","urlTemplate":"https:\/\/www.polschool.com\/en\/?s={search_term_string}"},"query-input":{"@type":"PropertyValueSpecification","valueRequired":true,"valueName":"search_term_string"}}],"inLanguage":"en-US"}]}},"_links":{"self":[{"href":"https:\/\/polschool.com\/en\/wp-json\/wp\/v2\/pages\/386","targetHints":{"allow":["GET"]}}],"collection":[{"href":"https:\/\/polschool.com\/en\/wp-json\/wp\/v2\/pages"}],"about":[{"href":"https:\/\/polschool.com\/en\/wp-json\/wp\/v2\/types\/page"}],"author":[{"embeddable":true,"href":"https:\/\/polschool.com\/en\/wp-json\/wp\/v2\/users\/11"}],"replies":[{"embeddable":true,"href":"https:\/\/polschool.com\/en\/wp-json\/wp\/v2\/comments?post=386"}],"version-history":[{"count":15,"href":"https:\/\/polschool.com\/en\/wp-json\/wp\/v2\/pages\/386\/revisions"}],"predecessor-version":[{"id":16215,"href":"https:\/\/polschool.com\/en\/wp-json\/wp\/v2\/pages\/386\/revisions\/16215"}],"up":[{"embeddable":true,"href":"https:\/\/polschool.com\/en\/wp-json\/wp\/v2\/pages\/200"}],"wp:attachment":[{"href":"https:\/\/polschool.com\/en\/wp-json\/wp\/v2\/media?parent=386"}],"curies":[{"name":"wp","href":"https:\/\/api.w.org\/{rel}","templated":true}]}}