{"id":33,"date":"2012-02-12T23:47:39","date_gmt":"2012-01-04T09:09:55","guid":{"rendered":"http:\/\/dev.polschool.com\/?page_id=33"},"modified":"2026-03-10T09:16:28","modified_gmt":"2026-03-10T14:16:28","slug":"galleries","status":"publish","type":"page","link":"https:\/\/polschool.com\/en\/galleries\/","title":{"rendered":"Gallery"},"content":{"rendered":"<h3>School Year 2025\/2026<\/h3>\n<table style=\"width: 100%; border-collapse: collapse;\">\n<tbody>\n<tr>\n<td style=\"width: 33%; text-align: center; vertical-align: top; padding: 10px;\"><img loading=\"lazy\" decoding=\"async\" style=\"width: 100%; max-width: 300px; height: auto; border: 1px solid #ccc; border-radius: 5px;\" src=\"https:\/\/live.staticflickr.com\/65535\/54494429258_7185cdab19_n.jpg\" alt=\"Parada 2025\" width=\"320\" height=\"240\" \/><\/td>\n<td style=\"width: 33%; text-align: center; vertical-align: top; padding: 10px;\"><img loading=\"lazy\" decoding=\"async\" style=\"width: 100%; max-width: 300px; height: auto; border: 1px solid #ccc; border-radius: 5px;\" src=\"https:\/\/live.staticflickr.com\/65535\/54482601205_cd837ef3e4_n.jpg\" alt=\"Swieckonko\" width=\"320\" height=\"240\" \/><\/td>\n<td style=\"width: 33%; text-align: center; vertical-align: top; padding: 10px;\"><img decoding=\"async\" style=\"width: 100%; max-width: 300px; height: auto; border: 1px solid #ccc; border-radius: 5px;\" src=\"https:\/\/polschool.com\/wp-content\/uploads\/2025\/05\/493566515_1547882966129442_2383803873365843031_n-e1746111471275.jpg\" alt=\"Lody 2025\" \/><\/td>\n<\/tr>\n<tr>\n<td style=\"width: 33%; text-align: center; vertical-align: top; padding: 10px;\">May 3rd<br \/>\nPolish Parade, Chicago<\/td>\n<td style=\"width: 33%; text-align: center; vertical-align: top; padding: 10px;\">April 27th<br \/>\nPolish Club Easter Brunch<\/td>\n<td style=\"width: 33%; text-align: center; vertical-align: top; padding: 10px;\">April 18-19<br \/>\nIce cream Feast after Eco-Art contest<\/td>\n<\/tr>\n<\/tbody>\n<\/table>\n<div style=\"max-width: 588px; font-size: 12px;\">\n<h4 style=\"text-align: center;\"><a style=\"display: inline-block; width: 250px; background-color: navy; color: white; padding: 10px; border: none; text-decoration: none; font-size: 16px; text-align: center;\" href=\"https:\/\/polschool.com\/en\/2024-2025-gallery\/\" target=\"_blank\" rel=\"noopener\"><br \/>\n2024\/2025<br \/>\n<\/a><\/h4>\n<h4><a href=\"https:\/\/www.flickr.com\/photos\/polschool\/albums\" target=\"_blank\" rel=\"noopener noreferrer\"><br \/>\nVisit the Polish School&#8217;s photo gallery on Flickr!<br \/>\n<\/a><\/h4>\n<\/div>\n","protected":false},"excerpt":{"rendered":"<p>School Year 2025\/2026 May 3rd Polish Parade, Chicago April 27th Polish Club Easter Brunch April 18-19 Ice cream Feast after Eco-Art contest 2024\/2025 Visit the Polish School&#8217;s photo gallery on Flickr!<\/p>\n","protected":false},"author":11,"featured_media":15451,"parent":0,"menu_order":69,"comment_status":"closed","ping_status":"closed","template":"","meta":{"footnotes":""},"class_list":["post-33","page","type-page","status-publish","has-post-thumbnail","hentry","nodate","item-wrap"],"yoast_head":"<!-- This site is optimized with the Yoast SEO plugin v27.4 - https:\/\/yoast.com\/product\/yoast-seo-wordpress\/ -->\n<title>Gallery - Polska Szko\u0142a w Lemont<\/title>\n<meta name=\"description\" content=\"Polska Szkola Lemont\" \/>\n<meta name=\"robots\" content=\"index, follow, max-snippet:-1, max-image-preview:large, max-video-preview:-1\" \/>\n<link rel=\"canonical\" href=\"https:\/\/polschool.com\/en\/galleries\/\" \/>\n<meta property=\"og:locale\" content=\"en_US\" \/>\n<meta property=\"og:type\" content=\"article\" \/>\n<meta property=\"og:title\" content=\"Gallery - Polska Szko\u0142a w Lemont\" \/>\n<meta property=\"og:description\" content=\"Polska Szkola Lemont\" \/>\n<meta property=\"og:url\" content=\"https:\/\/polschool.com\/en\/galleries\/\" \/>\n<meta property=\"og:site_name\" content=\"Polska Szko\u0142a w Lemont\" \/>\n<meta property=\"article:publisher\" content=\"https:\/\/www.facebook.com\/pages\/category\/Elementary-School\/John-Paul-II-Polish-School-Polska-Szkola-im-Jana-Pawla-II-195616273803039\/\" \/>\n<meta property=\"article:modified_time\" content=\"2026-03-10T14:16:28+00:00\" \/>\n<meta property=\"og:image\" content=\"https:\/\/polschool.com\/wp-content\/uploads\/2024\/12\/bannermaineng-1.png\" \/>\n\t<meta property=\"og:image:width\" content=\"3750\" \/>\n\t<meta property=\"og:image:height\" content=\"807\" \/>\n\t<meta property=\"og:image:type\" content=\"image\/png\" \/>\n<meta name=\"twitter:card\" content=\"summary_large_image\" \/>\n<meta name=\"twitter:label1\" content=\"Est. reading time\" \/>\n\t<meta name=\"twitter:data1\" content=\"1 minute\" \/>\n<script type=\"application\/ld+json\" class=\"yoast-schema-graph\">{\"@context\":\"https:\\\/\\\/schema.org\",\"@graph\":[{\"@type\":\"WebPage\",\"@id\":\"https:\\\/\\\/polschool.com\\\/en\\\/galleries\\\/\",\"url\":\"https:\\\/\\\/polschool.com\\\/en\\\/galleries\\\/\",\"name\":\"Gallery - Polska Szko\u0142a w Lemont\",\"isPartOf\":{\"@id\":\"https:\\\/\\\/www.polschool.com\\\/en\\\/#website\"},\"primaryImageOfPage\":{\"@id\":\"https:\\\/\\\/polschool.com\\\/en\\\/galleries\\\/#primaryimage\"},\"image\":{\"@id\":\"https:\\\/\\\/polschool.com\\\/en\\\/galleries\\\/#primaryimage\"},\"thumbnailUrl\":\"https:\\\/\\\/polschool.com\\\/wp-content\\\/uploads\\\/2024\\\/12\\\/bannermaineng-1.png\",\"datePublished\":\"2012-01-04T09:09:55+00:00\",\"dateModified\":\"2026-03-10T14:16:28+00:00\",\"description\":\"Polska Szkola Lemont\",\"breadcrumb\":{\"@id\":\"https:\\\/\\\/polschool.com\\\/en\\\/galleries\\\/#breadcrumb\"},\"inLanguage\":\"en-US\",\"potentialAction\":[{\"@type\":\"ReadAction\",\"target\":[\"https:\\\/\\\/polschool.com\\\/en\\\/galleries\\\/\"]}]},{\"@type\":\"ImageObject\",\"inLanguage\":\"en-US\",\"@id\":\"https:\\\/\\\/polschool.com\\\/en\\\/galleries\\\/#primaryimage\",\"url\":\"https:\\\/\\\/polschool.com\\\/wp-content\\\/uploads\\\/2024\\\/12\\\/bannermaineng-1.png\",\"contentUrl\":\"https:\\\/\\\/polschool.com\\\/wp-content\\\/uploads\\\/2024\\\/12\\\/bannermaineng-1.png\",\"width\":3750,\"height\":807},{\"@type\":\"BreadcrumbList\",\"@id\":\"https:\\\/\\\/polschool.com\\\/en\\\/galleries\\\/#breadcrumb\",\"itemListElement\":[{\"@type\":\"ListItem\",\"position\":1,\"name\":\"Home\",\"item\":\"https:\\\/\\\/polschool.com\\\/en\\\/\"},{\"@type\":\"ListItem\",\"position\":2,\"name\":\"Gallery\"}]},{\"@type\":\"WebSite\",\"@id\":\"https:\\\/\\\/www.polschool.com\\\/en\\\/#website\",\"url\":\"https:\\\/\\\/www.polschool.com\\\/en\\\/\",\"name\":\"Polska Szko\u0142a w Lemont\",\"description\":\"im. \u015bw. Jana Paw\u0142a II\",\"potentialAction\":[{\"@type\":\"SearchAction\",\"target\":{\"@type\":\"EntryPoint\",\"urlTemplate\":\"https:\\\/\\\/www.polschool.com\\\/en\\\/?s={search_term_string}\"},\"query-input\":{\"@type\":\"PropertyValueSpecification\",\"valueRequired\":true,\"valueName\":\"search_term_string\"}}],\"inLanguage\":\"en-US\"}]}<\/script>\n<!-- \/ Yoast SEO plugin. -->","yoast_head_json":{"title":"Gallery - Polska Szko\u0142a w Lemont","description":"Polska Szkola Lemont","robots":{"index":"index","follow":"follow","max-snippet":"max-snippet:-1","max-image-preview":"max-image-preview:large","max-video-preview":"max-video-preview:-1"},"canonical":"https:\/\/polschool.com\/en\/galleries\/","og_locale":"en_US","og_type":"article","og_title":"Gallery - Polska Szko\u0142a w Lemont","og_description":"Polska Szkola Lemont","og_url":"https:\/\/polschool.com\/en\/galleries\/","og_site_name":"Polska Szko\u0142a w Lemont","article_publisher":"https:\/\/www.facebook.com\/pages\/category\/Elementary-School\/John-Paul-II-Polish-School-Polska-Szkola-im-Jana-Pawla-II-195616273803039\/","article_modified_time":"2026-03-10T14:16:28+00:00","og_image":[{"width":3750,"height":807,"url":"https:\/\/polschool.com\/wp-content\/uploads\/2024\/12\/bannermaineng-1.png","type":"image\/png"}],"twitter_card":"summary_large_image","twitter_misc":{"Est. reading time":"1 minute"},"schema":{"@context":"https:\/\/schema.org","@graph":[{"@type":"WebPage","@id":"https:\/\/polschool.com\/en\/galleries\/","url":"https:\/\/polschool.com\/en\/galleries\/","name":"Gallery - Polska Szko\u0142a w Lemont","isPartOf":{"@id":"https:\/\/www.polschool.com\/en\/#website"},"primaryImageOfPage":{"@id":"https:\/\/polschool.com\/en\/galleries\/#primaryimage"},"image":{"@id":"https:\/\/polschool.com\/en\/galleries\/#primaryimage"},"thumbnailUrl":"https:\/\/polschool.com\/wp-content\/uploads\/2024\/12\/bannermaineng-1.png","datePublished":"2012-01-04T09:09:55+00:00","dateModified":"2026-03-10T14:16:28+00:00","description":"Polska Szkola Lemont","breadcrumb":{"@id":"https:\/\/polschool.com\/en\/galleries\/#breadcrumb"},"inLanguage":"en-US","potentialAction":[{"@type":"ReadAction","target":["https:\/\/polschool.com\/en\/galleries\/"]}]},{"@type":"ImageObject","inLanguage":"en-US","@id":"https:\/\/polschool.com\/en\/galleries\/#primaryimage","url":"https:\/\/polschool.com\/wp-content\/uploads\/2024\/12\/bannermaineng-1.png","contentUrl":"https:\/\/polschool.com\/wp-content\/uploads\/2024\/12\/bannermaineng-1.png","width":3750,"height":807},{"@type":"BreadcrumbList","@id":"https:\/\/polschool.com\/en\/galleries\/#breadcrumb","itemListElement":[{"@type":"ListItem","position":1,"name":"Home","item":"https:\/\/polschool.com\/en\/"},{"@type":"ListItem","position":2,"name":"Gallery"}]},{"@type":"WebSite","@id":"https:\/\/www.polschool.com\/en\/#website","url":"https:\/\/www.polschool.com\/en\/","name":"Polska Szko\u0142a w Lemont","description":"im. \u015bw. Jana Paw\u0142a II","potentialAction":[{"@type":"SearchAction","target":{"@type":"EntryPoint","urlTemplate":"https:\/\/www.polschool.com\/en\/?s={search_term_string}"},"query-input":{"@type":"PropertyValueSpecification","valueRequired":true,"valueName":"search_term_string"}}],"inLanguage":"en-US"}]}},"_links":{"self":[{"href":"https:\/\/polschool.com\/en\/wp-json\/wp\/v2\/pages\/33","targetHints":{"allow":["GET"]}}],"collection":[{"href":"https:\/\/polschool.com\/en\/wp-json\/wp\/v2\/pages"}],"about":[{"href":"https:\/\/polschool.com\/en\/wp-json\/wp\/v2\/types\/page"}],"author":[{"embeddable":true,"href":"https:\/\/polschool.com\/en\/wp-json\/wp\/v2\/users\/11"}],"replies":[{"embeddable":true,"href":"https:\/\/polschool.com\/en\/wp-json\/wp\/v2\/comments?post=33"}],"version-history":[{"count":16,"href":"https:\/\/polschool.com\/en\/wp-json\/wp\/v2\/pages\/33\/revisions"}],"predecessor-version":[{"id":16617,"href":"https:\/\/polschool.com\/en\/wp-json\/wp\/v2\/pages\/33\/revisions\/16617"}],"wp:featuredmedia":[{"embeddable":true,"href":"https:\/\/polschool.com\/en\/wp-json\/wp\/v2\/media\/15451"}],"wp:attachment":[{"href":"https:\/\/polschool.com\/en\/wp-json\/wp\/v2\/media?parent=33"}],"curies":[{"name":"wp","href":"https:\/\/api.w.org\/{rel}","templated":true}]}}