{"id":16615,"date":"2026-03-10T09:11:05","date_gmt":"2026-03-10T14:11:05","guid":{"rendered":"https:\/\/polschool.com\/?page_id=16615"},"modified":"2026-03-10T09:15:56","modified_gmt":"2026-03-10T14:15:56","slug":"2024-2025-gallery","status":"publish","type":"page","link":"https:\/\/polschool.com\/en\/2024-2025-gallery\/","title":{"rendered":"2024\/2025 Gallery"},"content":{"rendered":"<h3>School Year 2024\/2025<\/h3>\n<table style=\"width: 100%; border-collapse: collapse;\">\n<tbody>\n<tr>\n<td style=\"width: 33%; text-align: center; vertical-align: top; padding: 10px;\"><a title=\"May 3rd Parade 2025\" href=\"https:\/\/flic.kr\/s\/aHBqjCcKs1\" data-flickr-embed=\"true\"><img loading=\"lazy\" decoding=\"async\" style=\"width: 100%; max-width: 300px; height: auto; border: 1px solid #ccc; border-radius: 5px;\" src=\"https:\/\/live.staticflickr.com\/65535\/54494429258_7185cdab19_n.jpg\" alt=\"May 3rd Parade 2025\" width=\"320\" height=\"240\" \/><\/a><\/td>\n<td style=\"width: 33%; text-align: center; vertical-align: top; padding: 10px;\"><a title=\"Easter Basket Blessing 2025\" href=\"https:\/\/www.flickr.com\/photos\/polschool\/54482601205\/in\/album-72177720325658734\/\" data-flickr-embed=\"true\"><img loading=\"lazy\" decoding=\"async\" style=\"width: 100%; max-width: 300px; height: auto; border: 1px solid #ccc; border-radius: 5px;\" src=\"https:\/\/live.staticflickr.com\/65535\/54482601205_cd837ef3e4_n.jpg\" alt=\"Easter Basket Blessing\" width=\"320\" height=\"240\" \/><\/a><\/td>\n<td style=\"width: 33%; text-align: center; vertical-align: top; padding: 10px;\"><a title=\"Ice Cream Feast 2025\" href=\"https:\/\/www.facebook.com\/share\/p\/16Wt792j34\/\" data-flickr-embed=\"true\"><img decoding=\"async\" style=\"width: 100%; max-width: 300px; height: auto; border: 1px solid #ccc; border-radius: 5px;\" src=\"https:\/\/polschool.com\/wp-content\/uploads\/2025\/05\/493566515_1547882966129442_2383803873365843031_n-e1746111471275.jpg\" alt=\"Ice Cream Feast 2025\" \/><\/a><\/td>\n<\/tr>\n<tr>\n<td style=\"width: 33%; text-align: center; vertical-align: top; padding: 10px;\">May 3rd<br \/>May 3rd Parade in Chicago<\/td>\n<td style=\"width: 33%; text-align: center; vertical-align: top; padding: 10px;\">April 27<br \/>Polish Club Easter Brunch<\/td>\n<td style=\"width: 33%; text-align: center; vertical-align: top; padding: 10px;\">April 18\u201319<br \/>Ice Cream Feast after the Eco-Art Contest<\/td>\n<\/tr>\n<\/tbody>\n<\/table>\n<table style=\"width: 100%; border-collapse: collapse;\">\n<tbody>\n<tr>\n<td style=\"width: 33%; text-align: center; vertical-align: top; padding: 10px;\"><a title=\"Grandparents Day 2025\" href=\"https:\/\/flic.kr\/s\/aHBqjC87eH\" data-flickr-embed=\"true\"><img loading=\"lazy\" decoding=\"async\" style=\"width: 100%; max-width: 300px; height: auto; border: 1px solid #ccc; border-radius: 5px;\" src=\"https:\/\/live.staticflickr.com\/65535\/54364038263_87899e7205.jpg\" alt=\"Grandparents Day 2025\" width=\"320\" height=\"240\" \/><\/a><\/td>\n<td style=\"width: 33%; text-align: center; vertical-align: top; padding: 10px;\"><a title=\"Competition\" href=\"https:\/\/flic.kr\/s\/aHBqjC4dDr\" data-flickr-embed=\"true\"><img decoding=\"async\" style=\"width: 100%; max-width: 300px; height: auto; border: 1px solid #ccc; border-radius: 5px;\" src=\"https:\/\/live.staticflickr.com\/65535\/54358714884_133e671b8f.jpg\" \/><\/a><\/td>\n<td style=\"width: 33%; text-align: center; vertical-align: top; padding: 10px;\"><a title=\"Student Induction Ceremony 01\/25\/25\" href=\"https:\/\/flic.kr\/s\/aHBqjC372N\"><img decoding=\"async\" style=\"width: 100%; max-width: 300px; height: auto; border: 1px solid #ccc; border-radius: 5px;\" src=\"https:\/\/live.staticflickr.com\/65535\/54339688543_47d73cd6a7.jpg\" alt=\"Parents Ball 2025\" \/><\/a><\/td>\n<\/tr>\n<tr>\n<td style=\"width: 33%; text-align: center; vertical-align: top; padding: 10px;\">February 28 \/ March 1<br \/>School Dance Party<\/td>\n<td style=\"width: 33%; text-align: center; vertical-align: top; padding: 10px;\">February 22<br \/>NEXT Conference<\/td>\n<td style=\"width: 33%; text-align: center; vertical-align: top; padding: 10px;\">February 15<br \/>Parents Ball 2025<\/td>\n<\/tr>\n<\/tbody>\n<\/table>\n<table style=\"width: 100%; border-collapse: collapse;\">\n<tbody>\n<tr>\n<td style=\"width: 33%; text-align: center; vertical-align: top; padding: 10px;\"><a title=\"Grandparents Day 2025\" href=\"https:\/\/www.facebook.com\/permalink.php?story_fbid=1485356909048715&amp;id=100027232617263&amp;ref=embed_post\" data-flickr-embed=\"true\"><img loading=\"lazy\" decoding=\"async\" style=\"width: 100%; max-width: 300px; height: auto; border: 1px solid #ccc; border-radius: 5px;\" src=\"https:\/\/polschool.com\/wp-content\/uploads\/2025\/02\/476147505_1485356995715373_2058571475690160135_n-e1738618047217.jpg\" alt=\"Grandparents Day 2025\" width=\"320\" height=\"240\" \/><\/a><\/td>\n<td style=\"width: 33%; text-align: center; vertical-align: top; padding: 10px;\"><a title=\"Recitation Contest\" href=\"https:\/\/www.facebook.com\/permalink.php?story_fbid=1484432532474486&amp;id=100027232617263&amp;ref=embed_post\" data-flickr-embed=\"true\"><img decoding=\"async\" style=\"width: 100%; max-width: 300px; height: auto; border: 1px solid #ccc; border-radius: 5px;\" src=\"https:\/\/polschool.com\/wp-content\/uploads\/2025\/02\/476207381_1484432789141127_2390602012745628952_n.jpg\" \/><\/a><\/td>\n<td style=\"width: 33%; text-align: center; vertical-align: top; padding: 10px;\"><a title=\"Student Induction Ceremony 01\/25\/25\" href=\"https:\/\/www.facebook.com\/permalink.php?story_fbid=pfbid09QunBSCABEn4j9pMmj23Vj9rTcp56nkozovs3ng1U5yL8C3gDYwKqvWg8xXowxyAl&amp;id=100027232617263\"><img decoding=\"async\" style=\"width: 100%; max-width: 300px; height: auto; border: 1px solid #ccc; border-radius: 5px;\" src=\"https:\/\/polschool.com\/wp-content\/uploads\/2025\/02\/pt-e1738617861557.jpg\" alt=\"Student Induction Ceremony 01\/25\/25\" \/><\/a><\/td>\n<\/tr>\n<tr>\n<td style=\"width: 33%; text-align: center; vertical-align: top; padding: 10px;\">February 1<br \/>Grandparents Day<\/td>\n<td style=\"width: 33%; text-align: center; vertical-align: top; padding: 10px;\">February 1 (Saturday)<br \/>Recitation Contest<\/td>\n<td style=\"width: 33%; text-align: center; vertical-align: top; padding: 10px;\">January 31 (Friday)<br \/>Recitation Contest<\/td>\n<\/tr>\n<\/tbody>\n<\/table>\n<table style=\"width: 100%; border-collapse: collapse;\">\n<tbody>\n<tr>\n<td style=\"width: 33%; text-align: center; vertical-align: top; padding: 10px;\"><a title=\"Christmas Pageant 2024\" href=\"https:\/\/www.flickr.com\/photos\/polschool\/54219370133\/in\/album-72177720322736639\" data-flickr-embed=\"true\"><img decoding=\"async\" style=\"max-width: 100%; height: auto; border: 1px solid #ccc; border-radius: 5px;\" src=\"https:\/\/polschool.com\/wp-content\/uploads\/2025\/01\/54219370133_d1098d2818_k-e1736282711872.jpg\" alt=\"Christmas Pageant 2024\" \/><\/a><\/td>\n<td style=\"width: 33%; text-align: center; vertical-align: top; padding: 10px;\"><a href=\"https:\/\/www.facebook.com\/share\/p\/1EwoHKYrq7\/\"><img decoding=\"async\" style=\"width: 100%; max-width: 300px; height: auto; border: 1px solid #ccc; border-radius: 5px;\" src=\"https:\/\/polschool.com\/wp-content\/uploads\/2025\/01\/Mikolaj-sobota-e1736282148998.jpg\" alt=\"St Nicholas Day Saturday\" \/><\/a><\/td>\n<td style=\"width: 33%; text-align: center; vertical-align: top; padding: 10px;\"><a href=\"https:\/\/www.facebook.com\/share\/p\/1DtFm2JYaS\/\"><img decoding=\"async\" style=\"width: 100%; max-width: 300px; height: auto; border: 1px solid #ccc; border-radius: 5px;\" src=\"https:\/\/polschool.com\/wp-content\/uploads\/2025\/01\/Mikolaj-pt-e1736282250208.jpg\" alt=\"St Nicholas Day Friday\" \/><\/a><\/td>\n<\/tr>\n<tr>\n<td style=\"width: 33%; text-align: center; vertical-align: top; padding: 10px;\">December 20\u201321<br \/>Polanie Caroling<\/td>\n<td style=\"width: 33%; text-align: center; vertical-align: top; padding: 10px;\">December 7<br \/>St Nicholas Day (Saturday)<\/td>\n<td style=\"width: 33%; text-align: center; vertical-align: top; padding: 10px;\">December 6<br \/>St Nicholas Day (Friday)<\/td>\n<\/tr>\n<\/tbody>\n<\/table>\n","protected":false},"excerpt":{"rendered":"<p>School Year 2024\/2025 May 3rdMay 3rd Parade in Chicago April 27Polish Club Easter Brunch April 18\u201319Ice Cream Feast after the Eco-Art Contest February 28 \/ March 1School Dance Party February 22NEXT Conference February 15Parents Ball 2025 February 1Grandparents Day February 1 (Saturday)Recitation Contest January 31 (Friday)Recitation Contest December 20\u201321Polanie Caroling December 7St Nicholas Day (Saturday) &hellip; <\/p>\n<p><a class=\"more-link btn\" href=\"https:\/\/polschool.com\/en\/2024-2025-gallery\/\">Continue reading<\/a><\/p>\n","protected":false},"author":11,"featured_media":0,"parent":0,"menu_order":0,"comment_status":"closed","ping_status":"closed","template":"","meta":{"footnotes":""},"class_list":["post-16615","page","type-page","status-publish","hentry","nodate","item-wrap"],"yoast_head":"<!-- This site is optimized with the Yoast SEO plugin v27.4 - https:\/\/yoast.com\/product\/yoast-seo-wordpress\/ -->\n<title>2024\/2025 Gallery - Polska Szko\u0142a w Lemont<\/title>\n<meta name=\"description\" content=\"Polska Szkola Lemont\" \/>\n<meta name=\"robots\" content=\"index, follow, max-snippet:-1, max-image-preview:large, max-video-preview:-1\" \/>\n<link rel=\"canonical\" href=\"https:\/\/polschool.com\/en\/2024-2025-gallery\/\" \/>\n<meta property=\"og:locale\" content=\"en_US\" \/>\n<meta property=\"og:type\" content=\"article\" \/>\n<meta property=\"og:title\" content=\"2024\/2025 Gallery - Polska Szko\u0142a w Lemont\" \/>\n<meta property=\"og:description\" content=\"Polska Szkola Lemont\" \/>\n<meta property=\"og:url\" content=\"https:\/\/polschool.com\/en\/2024-2025-gallery\/\" \/>\n<meta property=\"og:site_name\" content=\"Polska Szko\u0142a w Lemont\" \/>\n<meta property=\"article:publisher\" content=\"https:\/\/www.facebook.com\/pages\/category\/Elementary-School\/John-Paul-II-Polish-School-Polska-Szkola-im-Jana-Pawla-II-195616273803039\/\" \/>\n<meta property=\"article:modified_time\" content=\"2026-03-10T14:15:56+00:00\" \/>\n<meta property=\"og:image\" content=\"https:\/\/live.staticflickr.com\/65535\/54494429258_7185cdab19_n.jpg\" \/>\n<meta name=\"twitter:card\" content=\"summary_large_image\" \/>\n<meta name=\"twitter:label1\" content=\"Est. reading time\" \/>\n\t<meta name=\"twitter:data1\" content=\"3 minutes\" \/>\n<script type=\"application\/ld+json\" class=\"yoast-schema-graph\">{\"@context\":\"https:\\\/\\\/schema.org\",\"@graph\":[{\"@type\":\"WebPage\",\"@id\":\"https:\\\/\\\/polschool.com\\\/en\\\/2024-2025-gallery\\\/\",\"url\":\"https:\\\/\\\/polschool.com\\\/en\\\/2024-2025-gallery\\\/\",\"name\":\"2024\\\/2025 Gallery - Polska Szko\u0142a w Lemont\",\"isPartOf\":{\"@id\":\"https:\\\/\\\/www.polschool.com\\\/en\\\/#website\"},\"primaryImageOfPage\":{\"@id\":\"https:\\\/\\\/polschool.com\\\/en\\\/2024-2025-gallery\\\/#primaryimage\"},\"image\":{\"@id\":\"https:\\\/\\\/polschool.com\\\/en\\\/2024-2025-gallery\\\/#primaryimage\"},\"thumbnailUrl\":\"https:\\\/\\\/live.staticflickr.com\\\/65535\\\/54494429258_7185cdab19_n.jpg\",\"datePublished\":\"2026-03-10T14:11:05+00:00\",\"dateModified\":\"2026-03-10T14:15:56+00:00\",\"description\":\"Polska Szkola Lemont\",\"breadcrumb\":{\"@id\":\"https:\\\/\\\/polschool.com\\\/en\\\/2024-2025-gallery\\\/#breadcrumb\"},\"inLanguage\":\"en-US\",\"potentialAction\":[{\"@type\":\"ReadAction\",\"target\":[\"https:\\\/\\\/polschool.com\\\/en\\\/2024-2025-gallery\\\/\"]}]},{\"@type\":\"ImageObject\",\"inLanguage\":\"en-US\",\"@id\":\"https:\\\/\\\/polschool.com\\\/en\\\/2024-2025-gallery\\\/#primaryimage\",\"url\":\"https:\\\/\\\/live.staticflickr.com\\\/65535\\\/54494429258_7185cdab19_n.jpg\",\"contentUrl\":\"https:\\\/\\\/live.staticflickr.com\\\/65535\\\/54494429258_7185cdab19_n.jpg\"},{\"@type\":\"BreadcrumbList\",\"@id\":\"https:\\\/\\\/polschool.com\\\/en\\\/2024-2025-gallery\\\/#breadcrumb\",\"itemListElement\":[{\"@type\":\"ListItem\",\"position\":1,\"name\":\"Home\",\"item\":\"https:\\\/\\\/polschool.com\\\/en\\\/\"},{\"@type\":\"ListItem\",\"position\":2,\"name\":\"2024\\\/2025 Gallery\"}]},{\"@type\":\"WebSite\",\"@id\":\"https:\\\/\\\/www.polschool.com\\\/en\\\/#website\",\"url\":\"https:\\\/\\\/www.polschool.com\\\/en\\\/\",\"name\":\"Polska Szko\u0142a w Lemont\",\"description\":\"im. \u015bw. Jana Paw\u0142a II\",\"potentialAction\":[{\"@type\":\"SearchAction\",\"target\":{\"@type\":\"EntryPoint\",\"urlTemplate\":\"https:\\\/\\\/www.polschool.com\\\/en\\\/?s={search_term_string}\"},\"query-input\":{\"@type\":\"PropertyValueSpecification\",\"valueRequired\":true,\"valueName\":\"search_term_string\"}}],\"inLanguage\":\"en-US\"}]}<\/script>\n<!-- \/ Yoast SEO plugin. -->","yoast_head_json":{"title":"2024\/2025 Gallery - Polska Szko\u0142a w Lemont","description":"Polska Szkola Lemont","robots":{"index":"index","follow":"follow","max-snippet":"max-snippet:-1","max-image-preview":"max-image-preview:large","max-video-preview":"max-video-preview:-1"},"canonical":"https:\/\/polschool.com\/en\/2024-2025-gallery\/","og_locale":"en_US","og_type":"article","og_title":"2024\/2025 Gallery - Polska Szko\u0142a w Lemont","og_description":"Polska Szkola Lemont","og_url":"https:\/\/polschool.com\/en\/2024-2025-gallery\/","og_site_name":"Polska Szko\u0142a w Lemont","article_publisher":"https:\/\/www.facebook.com\/pages\/category\/Elementary-School\/John-Paul-II-Polish-School-Polska-Szkola-im-Jana-Pawla-II-195616273803039\/","article_modified_time":"2026-03-10T14:15:56+00:00","og_image":[{"url":"https:\/\/live.staticflickr.com\/65535\/54494429258_7185cdab19_n.jpg","type":"","width":"","height":""}],"twitter_card":"summary_large_image","twitter_misc":{"Est. reading time":"3 minutes"},"schema":{"@context":"https:\/\/schema.org","@graph":[{"@type":"WebPage","@id":"https:\/\/polschool.com\/en\/2024-2025-gallery\/","url":"https:\/\/polschool.com\/en\/2024-2025-gallery\/","name":"2024\/2025 Gallery - Polska Szko\u0142a w Lemont","isPartOf":{"@id":"https:\/\/www.polschool.com\/en\/#website"},"primaryImageOfPage":{"@id":"https:\/\/polschool.com\/en\/2024-2025-gallery\/#primaryimage"},"image":{"@id":"https:\/\/polschool.com\/en\/2024-2025-gallery\/#primaryimage"},"thumbnailUrl":"https:\/\/live.staticflickr.com\/65535\/54494429258_7185cdab19_n.jpg","datePublished":"2026-03-10T14:11:05+00:00","dateModified":"2026-03-10T14:15:56+00:00","description":"Polska Szkola Lemont","breadcrumb":{"@id":"https:\/\/polschool.com\/en\/2024-2025-gallery\/#breadcrumb"},"inLanguage":"en-US","potentialAction":[{"@type":"ReadAction","target":["https:\/\/polschool.com\/en\/2024-2025-gallery\/"]}]},{"@type":"ImageObject","inLanguage":"en-US","@id":"https:\/\/polschool.com\/en\/2024-2025-gallery\/#primaryimage","url":"https:\/\/live.staticflickr.com\/65535\/54494429258_7185cdab19_n.jpg","contentUrl":"https:\/\/live.staticflickr.com\/65535\/54494429258_7185cdab19_n.jpg"},{"@type":"BreadcrumbList","@id":"https:\/\/polschool.com\/en\/2024-2025-gallery\/#breadcrumb","itemListElement":[{"@type":"ListItem","position":1,"name":"Home","item":"https:\/\/polschool.com\/en\/"},{"@type":"ListItem","position":2,"name":"2024\/2025 Gallery"}]},{"@type":"WebSite","@id":"https:\/\/www.polschool.com\/en\/#website","url":"https:\/\/www.polschool.com\/en\/","name":"Polska Szko\u0142a w Lemont","description":"im. \u015bw. Jana Paw\u0142a II","potentialAction":[{"@type":"SearchAction","target":{"@type":"EntryPoint","urlTemplate":"https:\/\/www.polschool.com\/en\/?s={search_term_string}"},"query-input":{"@type":"PropertyValueSpecification","valueRequired":true,"valueName":"search_term_string"}}],"inLanguage":"en-US"}]}},"_links":{"self":[{"href":"https:\/\/polschool.com\/en\/wp-json\/wp\/v2\/pages\/16615","targetHints":{"allow":["GET"]}}],"collection":[{"href":"https:\/\/polschool.com\/en\/wp-json\/wp\/v2\/pages"}],"about":[{"href":"https:\/\/polschool.com\/en\/wp-json\/wp\/v2\/types\/page"}],"author":[{"embeddable":true,"href":"https:\/\/polschool.com\/en\/wp-json\/wp\/v2\/users\/11"}],"replies":[{"embeddable":true,"href":"https:\/\/polschool.com\/en\/wp-json\/wp\/v2\/comments?post=16615"}],"version-history":[{"count":1,"href":"https:\/\/polschool.com\/en\/wp-json\/wp\/v2\/pages\/16615\/revisions"}],"predecessor-version":[{"id":16616,"href":"https:\/\/polschool.com\/en\/wp-json\/wp\/v2\/pages\/16615\/revisions\/16616"}],"wp:attachment":[{"href":"https:\/\/polschool.com\/en\/wp-json\/wp\/v2\/media?parent=16615"}],"curies":[{"name":"wp","href":"https:\/\/api.w.org\/{rel}","templated":true}]}}