{"id":15471,"date":"2024-12-20T12:44:21","date_gmt":"2024-12-20T18:44:21","guid":{"rendered":"https:\/\/polschool.com\/program-nauczania\/"},"modified":"2024-12-20T13:32:16","modified_gmt":"2024-12-20T19:32:16","slug":"program-nauczania","status":"publish","type":"page","link":"https:\/\/polschool.com\/en\/program-nauczania\/","title":{"rendered":"The Curriculum"},"content":{"rendered":"<p style=\"text-align: justify;\">The curriculum includes Polish language, history, and geography. We also offer a bilingual program for children who have difficulties learning Polish, especially those who do not have support at home from Polish-speaking parents. Classes are offered on Fridays or Saturdays.<\/p>\n<table style=\"width: 100%; border-collapse: collapse;\">\n<thead>\n<tr>\n<th style=\"width: 70%; text-align: left;\"><em>Primary School Grades P\u20138<\/em><\/th>\n<th style=\"text-align: right;\"><em>Class Hours<\/em><\/th>\n<\/tr>\n<\/thead>\n<tbody>\n<tr>\n<td style=\"text-align: left; padding: 0;\"><em>Fridays<\/em><\/td>\n<td style=\"text-align: right; padding: 0;\"><em>18:00\u201320:45<\/em><\/td>\n<\/tr>\n<tr>\n<td style=\"text-align: left; padding: 0;\"><em>Saturdays<\/em><\/td>\n<td style=\"text-align: right; padding: 0;\"><em>10:00\u201312:45<\/em><\/td>\n<\/tr>\n<\/tbody>\n<\/table>\n<table style=\"width: 100%; border-collapse: collapse;\">\n<thead>\n<tr>\n<th style=\"width: 70%; text-align: left;\"><em>High School Grades 9-11<\/em><\/th>\n<th style=\"text-align: right;\"><em>Class Hours<\/em><\/th>\n<\/tr>\n<\/thead>\n<tbody>\n<tr>\n<td style=\"text-align: left; padding: 0;\"><em>Fridays<\/em><\/td>\n<td style=\"text-align: right; padding: 0;\"><em>17:00\u201320:45<\/em><\/td>\n<\/tr>\n<tr>\n<td style=\"text-align: left; padding: 0;\"><em>Saturdays<\/em><\/td>\n<td style=\"text-align: right; padding: 0;\"><em>9:00\u201312:45<\/em><\/td>\n<\/tr>\n<\/tbody>\n<\/table>\n<h4 style=\"text-align: left;\">Extra-curricular Activities:<\/h4>\n<p style=\"text-align: justify;\">Extra-curricular activities at the Polish Language School of John Paul II in Lemont, IL, offer students the opportunity to develop their talents and passions.<\/p>\n<p style=\"text-align: justify;\"><strong>Dance Club &#8220;Polanie&#8221;<\/strong> is a dynamic dance group that introduces children to the world of traditional folk dance. Students learn popular Polish dances and discover Poland&#8217;s rich cultural heritage. Classes are held on Saturdays from 13:00\u201315:30, and children aged 4 to 7 have the opportunity to perform at school, local, and international events.<\/p>\n<p style=\"text-align: justify;\"><strong>Art Club<\/strong> is a great opportunity for students to develop their creativity. The classes cover a wide range of artistic techniques, such as painting, drawing, and crafts. The Art Club takes place on Saturdays from 12:45\u201313:45, where children can develop their artistic skills in a friendly and creative atmosphere.<\/p>\n<h4 style=\"text-align: justify;\">Religion:<\/h4>\n<p style=\"text-align: justify;\">Religion lessons are conducted by St. Cyril and Methodius Parish on Fridays from 17:00\u201318:00. To register, please contact:<br \/>\n<em>Monika Leja<\/em> <em>Phone: 630-257-9317<\/em> <em>Email: <a href=\"mailto:stcyrilRE@sscmlemont.org\">stcyrilRE@sscmlemont.org<\/a><\/em><\/p>\n","protected":false},"excerpt":{"rendered":"<p>The curriculum includes Polish language, history, and geography. We also offer a bilingual program for children who have difficulties learning Polish, especially those who do not have support at home from Polish-speaking parents. Classes are offered on Fridays or Saturdays. Primary School Grades P\u20138 Class Hours Fridays 18:00\u201320:45 Saturdays 10:00\u201312:45 High School Grades 9-11 Class &hellip; <\/p>\n<p><a class=\"more-link btn\" href=\"https:\/\/polschool.com\/en\/program-nauczania\/\">Continue reading<\/a><\/p>\n","protected":false},"author":8,"featured_media":0,"parent":0,"menu_order":0,"comment_status":"closed","ping_status":"closed","template":"","meta":{"footnotes":""},"class_list":["post-15471","page","type-page","status-publish","hentry","nodate","item-wrap"],"yoast_head":"<!-- This site is optimized with the Yoast SEO plugin v27.6 - https:\/\/yoast.com\/product\/yoast-seo-wordpress\/ -->\n<title>The Curriculum - Polska Szko\u0142a w Lemont<\/title>\n<meta name=\"description\" content=\"Polska Szkola Lemont\" \/>\n<meta name=\"robots\" content=\"index, follow, max-snippet:-1, max-image-preview:large, max-video-preview:-1\" \/>\n<link rel=\"canonical\" href=\"https:\/\/polschool.com\/en\/program-nauczania\/\" \/>\n<meta property=\"og:locale\" content=\"en_US\" \/>\n<meta property=\"og:type\" content=\"article\" \/>\n<meta property=\"og:title\" content=\"The Curriculum - Polska Szko\u0142a w Lemont\" \/>\n<meta property=\"og:description\" content=\"Polska Szkola Lemont\" \/>\n<meta property=\"og:url\" content=\"https:\/\/polschool.com\/en\/program-nauczania\/\" \/>\n<meta property=\"og:site_name\" content=\"Polska Szko\u0142a w Lemont\" \/>\n<meta property=\"article:publisher\" content=\"https:\/\/www.facebook.com\/pages\/category\/Elementary-School\/John-Paul-II-Polish-School-Polska-Szkola-im-Jana-Pawla-II-195616273803039\/\" \/>\n<meta property=\"article:modified_time\" content=\"2024-12-20T19:32:16+00:00\" \/>\n<meta name=\"twitter:card\" content=\"summary_large_image\" \/>\n<meta name=\"twitter:label1\" content=\"Est. reading time\" \/>\n\t<meta name=\"twitter:data1\" content=\"1 minute\" \/>\n<script type=\"application\/ld+json\" class=\"yoast-schema-graph\">{\"@context\":\"https:\\\/\\\/schema.org\",\"@graph\":[{\"@type\":\"WebPage\",\"@id\":\"https:\\\/\\\/polschool.com\\\/en\\\/program-nauczania\\\/\",\"url\":\"https:\\\/\\\/polschool.com\\\/en\\\/program-nauczania\\\/\",\"name\":\"The Curriculum - Polska Szko\u0142a w Lemont\",\"isPartOf\":{\"@id\":\"https:\\\/\\\/www.polschool.com\\\/en\\\/#website\"},\"datePublished\":\"2024-12-20T18:44:21+00:00\",\"dateModified\":\"2024-12-20T19:32:16+00:00\",\"description\":\"Polska Szkola Lemont\",\"breadcrumb\":{\"@id\":\"https:\\\/\\\/polschool.com\\\/en\\\/program-nauczania\\\/#breadcrumb\"},\"inLanguage\":\"en-US\",\"potentialAction\":[{\"@type\":\"ReadAction\",\"target\":[\"https:\\\/\\\/polschool.com\\\/en\\\/program-nauczania\\\/\"]}]},{\"@type\":\"BreadcrumbList\",\"@id\":\"https:\\\/\\\/polschool.com\\\/en\\\/program-nauczania\\\/#breadcrumb\",\"itemListElement\":[{\"@type\":\"ListItem\",\"position\":1,\"name\":\"Home\",\"item\":\"https:\\\/\\\/polschool.com\\\/en\\\/\"},{\"@type\":\"ListItem\",\"position\":2,\"name\":\"The Curriculum\"}]},{\"@type\":\"WebSite\",\"@id\":\"https:\\\/\\\/www.polschool.com\\\/en\\\/#website\",\"url\":\"https:\\\/\\\/www.polschool.com\\\/en\\\/\",\"name\":\"Polska Szko\u0142a w Lemont\",\"description\":\"im. \u015bw. Jana Paw\u0142a II\",\"potentialAction\":[{\"@type\":\"SearchAction\",\"target\":{\"@type\":\"EntryPoint\",\"urlTemplate\":\"https:\\\/\\\/www.polschool.com\\\/en\\\/?s={search_term_string}\"},\"query-input\":{\"@type\":\"PropertyValueSpecification\",\"valueRequired\":true,\"valueName\":\"search_term_string\"}}],\"inLanguage\":\"en-US\"}]}<\/script>\n<!-- \/ Yoast SEO plugin. -->","yoast_head_json":{"title":"The Curriculum - Polska Szko\u0142a w Lemont","description":"Polska Szkola Lemont","robots":{"index":"index","follow":"follow","max-snippet":"max-snippet:-1","max-image-preview":"max-image-preview:large","max-video-preview":"max-video-preview:-1"},"canonical":"https:\/\/polschool.com\/en\/program-nauczania\/","og_locale":"en_US","og_type":"article","og_title":"The Curriculum - Polska Szko\u0142a w Lemont","og_description":"Polska Szkola Lemont","og_url":"https:\/\/polschool.com\/en\/program-nauczania\/","og_site_name":"Polska Szko\u0142a w Lemont","article_publisher":"https:\/\/www.facebook.com\/pages\/category\/Elementary-School\/John-Paul-II-Polish-School-Polska-Szkola-im-Jana-Pawla-II-195616273803039\/","article_modified_time":"2024-12-20T19:32:16+00:00","twitter_card":"summary_large_image","twitter_misc":{"Est. reading time":"1 minute"},"schema":{"@context":"https:\/\/schema.org","@graph":[{"@type":"WebPage","@id":"https:\/\/polschool.com\/en\/program-nauczania\/","url":"https:\/\/polschool.com\/en\/program-nauczania\/","name":"The Curriculum - Polska Szko\u0142a w Lemont","isPartOf":{"@id":"https:\/\/www.polschool.com\/en\/#website"},"datePublished":"2024-12-20T18:44:21+00:00","dateModified":"2024-12-20T19:32:16+00:00","description":"Polska Szkola Lemont","breadcrumb":{"@id":"https:\/\/polschool.com\/en\/program-nauczania\/#breadcrumb"},"inLanguage":"en-US","potentialAction":[{"@type":"ReadAction","target":["https:\/\/polschool.com\/en\/program-nauczania\/"]}]},{"@type":"BreadcrumbList","@id":"https:\/\/polschool.com\/en\/program-nauczania\/#breadcrumb","itemListElement":[{"@type":"ListItem","position":1,"name":"Home","item":"https:\/\/polschool.com\/en\/"},{"@type":"ListItem","position":2,"name":"The Curriculum"}]},{"@type":"WebSite","@id":"https:\/\/www.polschool.com\/en\/#website","url":"https:\/\/www.polschool.com\/en\/","name":"Polska Szko\u0142a w Lemont","description":"im. \u015bw. Jana Paw\u0142a II","potentialAction":[{"@type":"SearchAction","target":{"@type":"EntryPoint","urlTemplate":"https:\/\/www.polschool.com\/en\/?s={search_term_string}"},"query-input":{"@type":"PropertyValueSpecification","valueRequired":true,"valueName":"search_term_string"}}],"inLanguage":"en-US"}]}},"_links":{"self":[{"href":"https:\/\/polschool.com\/en\/wp-json\/wp\/v2\/pages\/15471","targetHints":{"allow":["GET"]}}],"collection":[{"href":"https:\/\/polschool.com\/en\/wp-json\/wp\/v2\/pages"}],"about":[{"href":"https:\/\/polschool.com\/en\/wp-json\/wp\/v2\/types\/page"}],"author":[{"embeddable":true,"href":"https:\/\/polschool.com\/en\/wp-json\/wp\/v2\/users\/8"}],"replies":[{"embeddable":true,"href":"https:\/\/polschool.com\/en\/wp-json\/wp\/v2\/comments?post=15471"}],"version-history":[{"count":4,"href":"https:\/\/polschool.com\/en\/wp-json\/wp\/v2\/pages\/15471\/revisions"}],"predecessor-version":[{"id":15476,"href":"https:\/\/polschool.com\/en\/wp-json\/wp\/v2\/pages\/15471\/revisions\/15476"}],"wp:attachment":[{"href":"https:\/\/polschool.com\/en\/wp-json\/wp\/v2\/media?parent=15471"}],"curies":[{"name":"wp","href":"https:\/\/api.w.org\/{rel}","templated":true}]}}