{"id":15468,"date":"2024-12-20T12:55:56","date_gmt":"2024-12-20T18:55:56","guid":{"rendered":"https:\/\/polschool.com\/oplaty\/"},"modified":"2026-04-17T06:50:35","modified_gmt":"2026-04-17T11:50:35","slug":"oplaty","status":"publish","type":"page","link":"https:\/\/polschool.com\/en\/oplaty\/","title":{"rendered":"Fees"},"content":{"rendered":"<p style=\"text-align: center;\"><em><strong>Tuition Fees<\/strong><\/em><\/p>\n<table style=\"width: 100%; border-collapse: collapse;\">\n<thead>\n<tr>\n<th style=\"width: 70%; text-align: left;\"><em>Number of Children<\/em><\/th>\n<th style=\"text-align: right;\"><em>Tuition Fee<\/em><\/th>\n<\/tr>\n<\/thead>\n<tbody>\n<tr>\n<td style=\"text-align: left; padding: 0;\"><em>1 child<\/em><\/td>\n<td style=\"text-align: right; padding: 0;\"><em>$475<\/em><\/td>\n<\/tr>\n<tr>\n<td style=\"text-align: left; padding: 0;\"><em>2 children<\/em><\/td>\n<td style=\"text-align: right; padding: 0;\"><em>$800<\/em><\/td>\n<\/tr>\n<tr>\n<td style=\"text-align: left; padding: 0;\"><em>3 children<\/em><\/td>\n<td style=\"text-align: right; padding: 0;\"><em>$1,025<\/em><\/td>\n<\/tr>\n<tr>\n<td style=\"text-align: left; padding: 0;\"><em>4 children<\/em><\/td>\n<td style=\"text-align: right; padding: 0;\"><em>$1,150<\/em><\/td>\n<\/tr>\n<tr>\n<td style=\"text-align: left; padding: 0;\"><em>5 children<\/em><\/td>\n<td style=\"text-align: right; padding: 0;\"><em>$1,200<\/em><\/td>\n<\/tr>\n<\/tbody>\n<\/table>\n<p style=\"text-align: center;\"><em><strong>Books<\/strong><\/em><\/p>\n<table>\n<thead>\n<tr>\n<th style=\"width: 70%; text-align: left;\"><em>Grade<\/em><\/th>\n<th style=\"text-align: right;\"><em>Fee<\/em><\/th>\n<\/tr>\n<\/thead>\n<tbody>\n<tr>\n<td style=\"text-align: left; padding: 0;\"><em>Preschool (3 and 4 years)<\/em><\/td>\n<td style=\"text-align: right; padding: 0;\"><em>$35<\/em><\/td>\n<\/tr>\n<tr>\n<td style=\"text-align: left; padding: 0;\"><em>Kindergarten<\/em><\/td>\n<td style=\"text-align: right; padding: 0;\"><em>$50<\/em><\/td>\n<\/tr>\n<tr>\n<td style=\"text-align: left; padding: 0;\"><em>Grades 1, 2, 3,4<\/em><\/td>\n<td style=\"text-align: right; padding: 0;\"><em>$60<\/em><\/td>\n<\/tr>\n<tr>\n<td style=\"text-align: left; padding: 0;\"><em>Grades 5<\/em><\/td>\n<td style=\"text-align: right; padding: 0;\"><em>$70<\/em><\/td>\n<\/tr>\n<tr>\n<td style=\"text-align: left; padding: 0;\"><em>Grade 7<\/em><\/td>\n<td style=\"text-align: right; padding: 0;\"><em>$95<\/em><\/td>\n<\/tr>\n<tr>\n<td style=\"text-align: left; padding: 0;\"><em>Grades 6, 8<\/em><\/td>\n<td style=\"text-align: right; padding: 0;\"><em>$100<\/em><\/td>\n<\/tr>\n<tr>\n<td style=\"text-align: left; padding: 0;\"><em>Grades 9, 10, 11<\/em><\/td>\n<td style=\"text-align: right; padding: 0;\"><em>$50<\/em><\/td>\n<\/tr>\n<tr>\n<td style=\"text-align: left; padding: 0;\"><em>Bilingual Class (Saturday)<\/em><\/td>\n<td style=\"text-align: right; padding: 0;\"><em>$40<\/em><\/td>\n<\/tr>\n<\/tbody>\n<\/table>\n<p style=\"text-align: center;\"><strong><em>Additional Fees<\/em><\/strong><\/p>\n<table style=\"width: 100%; border-collapse: collapse;\">\n<thead>\n<tr>\n<th style=\"width: 70%; text-align: left;\"><em>Activity<\/em><\/th>\n<th style=\"text-align: right;\"><em>Fee<\/em><\/th>\n<\/tr>\n<\/thead>\n<tbody>\n<tr>\n<td style=\"text-align: left; padding: 0;\"><em>First Grade Pinning Ceremony<\/em><\/td>\n<td style=\"text-align: right; padding: 0;\"><em>$30<\/em><\/td>\n<\/tr>\n<tr>\n<td style=\"text-align: left; padding: 0;\"><em>Graduation Gown \u2013 8th Grade<\/em><\/td>\n<td style=\"text-align: right; padding: 0;\"><em>$35<\/em><\/td>\n<\/tr>\n<tr>\n<td style=\"text-align: left; padding: 0;\"><em>Tassel \u2013 8th Grade<\/em><\/td>\n<td style=\"text-align: right; padding: 0;\"><em>$10<\/em><\/td>\n<\/tr>\n<tr>\n<td style=\"text-align: left; padding: 0;\"><em>Graduation Gown \u2013 11th Grade<\/em><\/td>\n<td style=\"text-align: right; padding: 0;\"><em>$35<\/em><\/td>\n<\/tr>\n<tr>\n<td style=\"text-align: left; padding: 0;\"><em>Tassel \u2013 11th Grade<\/em><\/td>\n<td style=\"text-align: right; padding: 0;\"><em>$10<\/em><\/td>\n<\/tr>\n<tr>\n<td style=\"text-align: left; padding: 0;\"><em>Studni\u00f3wka \u2013 11th Grade<\/em><\/td>\n<td style=\"text-align: right; padding: 0;\"><em>$220<\/em><\/td>\n<\/tr>\n<\/tbody>\n<\/table>\n<p style=\"text-align: center;\"><em><strong>Extracurricular Activities<\/strong><\/em><\/p>\n<table style=\"width: 100%; border-collapse: collapse;\">\n<thead>\n<tr>\n<th style=\"width: 70%; text-align: left;\"><em>Activity<\/em><\/th>\n<th style=\"text-align: right;\"><em>Fee<\/em><\/th>\n<\/tr>\n<\/thead>\n<tbody>\n<tr>\n<td style=\"text-align: left; padding: 0;\"><em>Dance Group &#8220;Polanie&#8221; (1 child)<\/em><\/td>\n<td style=\"text-align: right; padding: 0;\"><em>$230<\/em><\/td>\n<\/tr>\n<tr>\n<td style=\"text-align: left; padding: 0;\"><em>Dance Group &#8220;Polanie&#8221; (2 children)<\/em><\/td>\n<td style=\"text-align: right; padding: 0;\"><em>$350<\/em><\/td>\n<\/tr>\n<tr>\n<td style=\"text-align: left; padding: 0;\"><em>Dance Group &#8220;Polanie&#8221; (3 children)<\/em><\/td>\n<td style=\"text-align: right; padding: 0;\"><em>$470<\/em><\/td>\n<\/tr>\n<tr>\n<td style=\"text-align: left; padding: 0;\"><em>Art Club<\/em><\/td>\n<td style=\"text-align: right; padding: 0;\"><em>$110 \/ per child<\/em><\/td>\n<\/tr>\n<\/tbody>\n<\/table>\n","protected":false},"excerpt":{"rendered":"<p>Tuition Fees Number of Children Tuition Fee 1 child $475 2 children $800 3 children $1,025 4 children $1,150 5 children $1,200 Books Grade Fee Preschool (3 and 4 years) $35 Kindergarten $50 Grades 1, 2, 3,4 $60 Grades 5 $70 Grade 7 $95 Grades 6, 8 $100 Grades 9, 10, 11 $50 Bilingual Class &hellip; <\/p>\n<p><a class=\"more-link btn\" href=\"https:\/\/polschool.com\/en\/oplaty\/\">Continue reading<\/a><\/p>\n","protected":false},"author":8,"featured_media":0,"parent":0,"menu_order":0,"comment_status":"closed","ping_status":"closed","template":"","meta":{"footnotes":""},"class_list":["post-15468","page","type-page","status-publish","hentry","nodate","item-wrap"],"yoast_head":"<!-- This site is optimized with the Yoast SEO plugin v27.5 - https:\/\/yoast.com\/product\/yoast-seo-wordpress\/ -->\n<title>Fees - Polska Szko\u0142a w Lemont<\/title>\n<meta name=\"description\" content=\"Polska Szkola Lemont\" \/>\n<meta name=\"robots\" content=\"index, follow, max-snippet:-1, max-image-preview:large, max-video-preview:-1\" \/>\n<link rel=\"canonical\" href=\"https:\/\/polschool.com\/en\/oplaty\/\" \/>\n<meta property=\"og:locale\" content=\"en_US\" \/>\n<meta property=\"og:type\" content=\"article\" \/>\n<meta property=\"og:title\" content=\"Fees - Polska Szko\u0142a w Lemont\" \/>\n<meta property=\"og:description\" content=\"Polska Szkola Lemont\" \/>\n<meta property=\"og:url\" content=\"https:\/\/polschool.com\/en\/oplaty\/\" \/>\n<meta property=\"og:site_name\" content=\"Polska Szko\u0142a w Lemont\" \/>\n<meta property=\"article:publisher\" content=\"https:\/\/www.facebook.com\/pages\/category\/Elementary-School\/John-Paul-II-Polish-School-Polska-Szkola-im-Jana-Pawla-II-195616273803039\/\" \/>\n<meta property=\"article:modified_time\" content=\"2026-04-17T11:50:35+00:00\" \/>\n<meta name=\"twitter:card\" content=\"summary_large_image\" \/>\n<meta name=\"twitter:label1\" content=\"Est. reading time\" \/>\n\t<meta name=\"twitter:data1\" content=\"1 minute\" \/>\n<script type=\"application\/ld+json\" class=\"yoast-schema-graph\">{\"@context\":\"https:\\\/\\\/schema.org\",\"@graph\":[{\"@type\":\"WebPage\",\"@id\":\"https:\\\/\\\/polschool.com\\\/en\\\/oplaty\\\/\",\"url\":\"https:\\\/\\\/polschool.com\\\/en\\\/oplaty\\\/\",\"name\":\"Fees - Polska Szko\u0142a w Lemont\",\"isPartOf\":{\"@id\":\"https:\\\/\\\/www.polschool.com\\\/en\\\/#website\"},\"datePublished\":\"2024-12-20T18:55:56+00:00\",\"dateModified\":\"2026-04-17T11:50:35+00:00\",\"description\":\"Polska Szkola Lemont\",\"breadcrumb\":{\"@id\":\"https:\\\/\\\/polschool.com\\\/en\\\/oplaty\\\/#breadcrumb\"},\"inLanguage\":\"en-US\",\"potentialAction\":[{\"@type\":\"ReadAction\",\"target\":[\"https:\\\/\\\/polschool.com\\\/en\\\/oplaty\\\/\"]}]},{\"@type\":\"BreadcrumbList\",\"@id\":\"https:\\\/\\\/polschool.com\\\/en\\\/oplaty\\\/#breadcrumb\",\"itemListElement\":[{\"@type\":\"ListItem\",\"position\":1,\"name\":\"Home\",\"item\":\"https:\\\/\\\/polschool.com\\\/en\\\/\"},{\"@type\":\"ListItem\",\"position\":2,\"name\":\"Fees\"}]},{\"@type\":\"WebSite\",\"@id\":\"https:\\\/\\\/www.polschool.com\\\/en\\\/#website\",\"url\":\"https:\\\/\\\/www.polschool.com\\\/en\\\/\",\"name\":\"Polska Szko\u0142a w Lemont\",\"description\":\"im. \u015bw. Jana Paw\u0142a II\",\"potentialAction\":[{\"@type\":\"SearchAction\",\"target\":{\"@type\":\"EntryPoint\",\"urlTemplate\":\"https:\\\/\\\/www.polschool.com\\\/en\\\/?s={search_term_string}\"},\"query-input\":{\"@type\":\"PropertyValueSpecification\",\"valueRequired\":true,\"valueName\":\"search_term_string\"}}],\"inLanguage\":\"en-US\"}]}<\/script>\n<!-- \/ Yoast SEO plugin. -->","yoast_head_json":{"title":"Fees - Polska Szko\u0142a w Lemont","description":"Polska Szkola Lemont","robots":{"index":"index","follow":"follow","max-snippet":"max-snippet:-1","max-image-preview":"max-image-preview:large","max-video-preview":"max-video-preview:-1"},"canonical":"https:\/\/polschool.com\/en\/oplaty\/","og_locale":"en_US","og_type":"article","og_title":"Fees - Polska Szko\u0142a w Lemont","og_description":"Polska Szkola Lemont","og_url":"https:\/\/polschool.com\/en\/oplaty\/","og_site_name":"Polska Szko\u0142a w Lemont","article_publisher":"https:\/\/www.facebook.com\/pages\/category\/Elementary-School\/John-Paul-II-Polish-School-Polska-Szkola-im-Jana-Pawla-II-195616273803039\/","article_modified_time":"2026-04-17T11:50:35+00:00","twitter_card":"summary_large_image","twitter_misc":{"Est. reading time":"1 minute"},"schema":{"@context":"https:\/\/schema.org","@graph":[{"@type":"WebPage","@id":"https:\/\/polschool.com\/en\/oplaty\/","url":"https:\/\/polschool.com\/en\/oplaty\/","name":"Fees - Polska Szko\u0142a w Lemont","isPartOf":{"@id":"https:\/\/www.polschool.com\/en\/#website"},"datePublished":"2024-12-20T18:55:56+00:00","dateModified":"2026-04-17T11:50:35+00:00","description":"Polska Szkola Lemont","breadcrumb":{"@id":"https:\/\/polschool.com\/en\/oplaty\/#breadcrumb"},"inLanguage":"en-US","potentialAction":[{"@type":"ReadAction","target":["https:\/\/polschool.com\/en\/oplaty\/"]}]},{"@type":"BreadcrumbList","@id":"https:\/\/polschool.com\/en\/oplaty\/#breadcrumb","itemListElement":[{"@type":"ListItem","position":1,"name":"Home","item":"https:\/\/polschool.com\/en\/"},{"@type":"ListItem","position":2,"name":"Fees"}]},{"@type":"WebSite","@id":"https:\/\/www.polschool.com\/en\/#website","url":"https:\/\/www.polschool.com\/en\/","name":"Polska Szko\u0142a w Lemont","description":"im. \u015bw. Jana Paw\u0142a II","potentialAction":[{"@type":"SearchAction","target":{"@type":"EntryPoint","urlTemplate":"https:\/\/www.polschool.com\/en\/?s={search_term_string}"},"query-input":{"@type":"PropertyValueSpecification","valueRequired":true,"valueName":"search_term_string"}}],"inLanguage":"en-US"}]}},"_links":{"self":[{"href":"https:\/\/polschool.com\/en\/wp-json\/wp\/v2\/pages\/15468","targetHints":{"allow":["GET"]}}],"collection":[{"href":"https:\/\/polschool.com\/en\/wp-json\/wp\/v2\/pages"}],"about":[{"href":"https:\/\/polschool.com\/en\/wp-json\/wp\/v2\/types\/page"}],"author":[{"embeddable":true,"href":"https:\/\/polschool.com\/en\/wp-json\/wp\/v2\/users\/8"}],"replies":[{"embeddable":true,"href":"https:\/\/polschool.com\/en\/wp-json\/wp\/v2\/comments?post=15468"}],"version-history":[{"count":7,"href":"https:\/\/polschool.com\/en\/wp-json\/wp\/v2\/pages\/15468\/revisions"}],"predecessor-version":[{"id":16684,"href":"https:\/\/polschool.com\/en\/wp-json\/wp\/v2\/pages\/15468\/revisions\/16684"}],"wp:attachment":[{"href":"https:\/\/polschool.com\/en\/wp-json\/wp\/v2\/media?parent=15468"}],"curies":[{"name":"wp","href":"https:\/\/api.w.org\/{rel}","templated":true}]}}