{"id":15335,"date":"2017-10-04T21:22:42","date_gmt":"2017-10-05T02:22:42","guid":{"rendered":"https:\/\/polschool.com\/?page_id=15335"},"modified":"2024-12-19T15:06:06","modified_gmt":"2024-12-19T21:06:06","slug":"trip-to-poland-8th-grade","status":"publish","type":"page","link":"https:\/\/polschool.com\/en\/trip-to-poland-8th-grade\/","title":{"rendered":"Trip to Poland &#8211; 8th grade"},"content":{"rendered":"<h3 style=\"text-align: left;\"><strong>Trip Itinerary:<\/strong><\/h3>\n<p><strong>Date:<\/strong> Spring School Break<\/p>\n<h4>Day 1: FLIGHT TO POLAND<\/h4>\n<p style=\"text-align: justify;\">We begin our unforgettable journey in the evening, departing from O\u2019Hare Airport to Warsaw. Let\u2019s bid farewell to Chicago and prepare for an adventure-filled visit to Poland.<\/p>\n<p><img decoding=\"async\" style=\"float: left; margin-right: 15px; width: 300px;\" src=\"https:\/\/polschool.com\/wp-content\/uploads\/2023\/10\/01-5.jpg\" alt=\"\" \/><\/p>\n<h4>Day 2: WARSAW<\/h4>\n<p style=\"text-align: justify;\">We start our trip by exploring Warsaw. We will visit the Royal Castle to learn about its history, followed by a walk along the Royal Route, stopping at the Tomb of the Unknown Soldier and the Presidential Palace. After lunch, we\u2019ll head to \u0141azienki Park, finishing the day with a visit to the Copernicus Science Center. Overnight in Warsaw.<\/p>\n<p><img decoding=\"async\" style=\"float: right; margin-left: 15px; width: 300px;\" src=\"https:\/\/polschool.com\/wp-content\/uploads\/2023\/10\/01-2.jpg\" alt=\"\" \/><\/p>\n<h4>Day 3: POZNA\u0143<\/h4>\n<p style=\"text-align: justify;\">In the morning, we\u2019ll head to Pozna\u0144, where we\u2019ll participate in St. Martin\u2019s Croissant baking workshops at the Croissant Museum. After the workshop, there will be time for a stroll through the Old Town. Overnight in Pozna\u0144.<\/p>\n<p><img decoding=\"async\" style=\"float: left; margin-right: 15px; width: 150px;\" src=\"https:\/\/polschool.com\/wp-content\/uploads\/2023\/10\/02.jpg\" alt=\"\" \/><\/p>\n<h4>Day 4: POZNA\u0143 AND GNIEZNO<\/h4>\n<p style=\"text-align: justify;\">We\u2019ll start the day by visiting the Citadel and the Parish Church in Pozna\u0144. Then, we\u2019ll explore the Gniezno Cathedral, a site significant to Poland\u2019s early history. In the afternoon, we\u2019ll head to Biskupin. Overnight in Biskupin.<\/p>\n<h4>Day 5: BISKUPIN AND GDA\u0143SK<\/h4>\n<p><img decoding=\"async\" class=\"\" style=\"float: right; margin-left: 15px; width: 271px;\" src=\"https:\/\/polschool.com\/wp-content\/uploads\/2023\/10\/01.jpg\" alt=\"\" height=\"122\" \/><\/p>\n<p style=\"text-align: justify;\">In the morning, we\u2019ll take part in weaving workshops at the Biskupin Museum, learning about ancient crafting techniques. After lunch, we\u2019ll travel to Gda\u0144sk, where we\u2019ll admire the city\u2019s panorama from the Ferris wheel in the evening. Overnight in Gda\u0144sk.<\/p>\n<p><img decoding=\"async\" style=\"float: left; margin-right: 15px; width: 300px;\" src=\"https:\/\/polschool.com\/wp-content\/uploads\/2023\/10\/01-4.jpg\" alt=\"\" \/><\/p>\n<h4>Day 6: TRICITY<\/h4>\n<p style=\"text-align: justify;\">We\u2019ll start the day with a walk along Long Market in Gda\u0144sk, visiting the Neptune Fountain and the iconic \u201cGda\u0144sk\u201d sign. Then we\u2019ll head to Sopot to explore the pier and Monciak Street. In the afternoon, we\u2019ll visit Gdynia, taking a cable car up Kamienna G\u00f3ra for a breathtaking view of the Tricity. Overnight in Gda\u0144sk.<\/p>\n<p><img decoding=\"async\" style=\"float: right; margin-left: 15px; width: 150px;\" src=\"https:\/\/polschool.com\/wp-content\/uploads\/2023\/10\/01-3.jpg\" alt=\"\" \/><\/p>\n<h4>Day 7: MALBORK AND TORU\u0143<\/h4>\n<p style=\"text-align: justify;\">We\u2019ll visit the Teutonic Castle in Malbork, one of Europe\u2019s largest medieval castles. Then, we\u2019ll travel to Toru\u0144 for a gingerbread baking demonstration at the Gingerbread Museum. The day will end with a stroll through the Old Town. Overnight in Toru\u0144.<\/p>\n<h4>Day 8: RETURN<\/h4>\n<p style=\"text-align: justify;\">After breakfast, we\u2019ll head back home, filled with memories and impressions from our extraordinary journey through northern Poland.<\/p>\n<h4>Relive unforgettable moments from our past trips! Explore a gallery filled with memories, beautiful places, and joyful moments shared by participants. Click to embark on a journey through the years!<\/h4>\n<table>\n<thead>\n<tr>\n<th style=\"text-align: center;\">Spring 2024<\/th>\n<th style=\"text-align: center;\">Spring 2019<\/th>\n<th style=\"text-align: center;\">Spring 2018<\/th>\n<\/tr>\n<\/thead>\n<tbody>\n<tr>\n<td><a title=\"Trip to Poland - 8th Grade - March 2024\" href=\"https:\/\/www.flickr.com\/photos\/polschool\/albums\/72177720322434449\" data-flickr-embed=\"true\"><img decoding=\"async\" class=\"aligncenter\" style=\"width: 150px; height: 150px;\" src=\"https:\/\/live.staticflickr.com\/65535\/54188608691_3d9c2fd599_n.jpg\" alt=\"Trip to Poland - 8th Grade - March 2024\" \/><\/a><\/td>\n<td><a title=\"Trip to Poland - 8th Grade March 2019\" href=\"https:\/\/www.flickr.com\/photos\/polschool\/albums\/72157691404594653\" data-flickr-embed=\"true\"><img decoding=\"async\" class=\"aligncenter\" style=\"width: 150px; height: 150px;\" src=\"https:\/\/live.staticflickr.com\/65535\/47785086612_dd72139e9e_m.jpg\" alt=\"Trip to Poland - 8th Grade March 2019\" \/><\/a><\/td>\n<td><a title=\"Trip to Poland - 8th Grade 2018\" href=\"https:\/\/www.flickr.com\/photos\/polschool\/albums\/72157690887941970\" data-flickr-embed=\"true\"><img decoding=\"async\" class=\"aligncenter\" style=\"width: 150px; height: 150px;\" src=\"https:\/\/live.staticflickr.com\/960\/28144175598_d99df3dfca_n.jpg\" alt=\"Trip to Poland - 8th Grade 2018\" \/><\/a><\/td>\n<\/tr>\n<\/tbody>\n<\/table>\n<table>\n<thead>\n<tr>\n<th style=\"text-align: center;\">Spring 2017<\/th>\n<th style=\"text-align: center;\">Spring 2016<\/th>\n<th style=\"text-align: center;\">Spring 2015<\/th>\n<\/tr>\n<\/thead>\n<tbody>\n<tr>\n<td><a title=\"Trip to Poland - 8th Grade 2017\" href=\"https:\/\/www.flickr.com\/photos\/polschool\/albums\/72157699611615395\" data-flickr-embed=\"true\"><img decoding=\"async\" class=\"aligncenter\" style=\"width: 150px; height: 150px;\" src=\"https:\/\/live.staticflickr.com\/858\/43674486152_a2c1383de4_n.jpg\" alt=\"Trip to Poland - 8th Grade 2017\" \/><\/a><\/td>\n<td><a title=\"Trip to Poland - 8th Grade 2016\" href=\"https:\/\/www.flickr.com\/photos\/polschool\/albums\/72157697972254511\" data-flickr-embed=\"true\"><img decoding=\"async\" class=\"aligncenter\" style=\"width: 150px; height: 150px;\" src=\"https:\/\/live.staticflickr.com\/861\/43008412884_fc955e0560_m.jpg\" alt=\"Trip to Poland - 8th Grade 2016\" \/><\/a><\/td>\n<td><a title=\"Trip to Poland - 8th Grade 2015\" href=\"https:\/\/www.flickr.com\/photos\/polschool\/albums\/72157699618235085\" data-flickr-embed=\"true\"><img decoding=\"async\" class=\"aligncenter\" style=\"width: 150px; height: 150px;\" src=\"https:\/\/live.staticflickr.com\/937\/43726337321_ab0ddc31b3_n.jpg\" alt=\"Trip to Poland - 8th Grade 2015\" \/><\/a><\/td>\n<\/tr>\n<\/tbody>\n<\/table>\n<table>\n<thead>\n<tr>\n<th style=\"text-align: center;\">Spring 2014<\/th>\n<th style=\"text-align: center;\">Spring 2013<\/th>\n<th style=\"text-align: center;\">Spring 2012<\/th>\n<\/tr>\n<\/thead>\n<tbody>\n<tr>\n<td><a title=\"Wycieczka do Polski 8 kl. 2014\" href=\"https:\/\/www.flickr.com\/photos\/polschool\/albums\/72157671729752968\" data-flickr-embed=\"true\"><img decoding=\"async\" class=\"aligncenter\" style=\"width: 150px; height: 150px;\" src=\"https:\/\/live.staticflickr.com\/860\/43679493592_6e1ec13ce2_n.jpg\" alt=\"Wycieczka do Polski 8 kl. 2014\" \/><\/a><\/td>\n<td><a title=\"Wycieczka do Polski kl. 8 2013\" href=\"https:\/\/www.flickr.com\/photos\/polschool\/albums\/72157693806847460\" data-flickr-embed=\"true\"><img decoding=\"async\" class=\"aligncenter\" style=\"width: 150px; height: 150px;\" src=\"https:\/\/live.staticflickr.com\/934\/29856832778_e88e296cc6_n.jpg\" alt=\"Wycieczka do Polski kl. 8 2013\" \/><\/a><\/td>\n<td><a title=\"Wycieczka do Polski 2012\" href=\"https:\/\/www.flickr.com\/photos\/polschool\/albums\/72157693821333590\" data-flickr-embed=\"true\"><img decoding=\"async\" class=\"aligncenter\" style=\"width: 150px; height: 150px;\" src=\"https:\/\/live.staticflickr.com\/850\/41927074720_c27d9673f9_n.jpg\" alt=\"Wycieczka do Polski 2012\" \/><\/a><\/td>\n<\/tr>\n<\/tbody>\n<\/table>\n","protected":false},"excerpt":{"rendered":"<p>Trip Itinerary: Date: Spring School Break Day 1: FLIGHT TO POLAND We begin our unforgettable journey in the evening, departing from O\u2019Hare Airport to Warsaw. Let\u2019s bid farewell to Chicago and prepare for an adventure-filled visit to Poland. Day 2: WARSAW We start our trip by exploring Warsaw. We will visit the Royal Castle to &hellip; <\/p>\n<p><a class=\"more-link btn\" href=\"https:\/\/polschool.com\/en\/trip-to-poland-8th-grade\/\">Continue reading<\/a><\/p>\n","protected":false},"author":8,"featured_media":15431,"parent":0,"menu_order":62,"comment_status":"closed","ping_status":"closed","template":"","meta":{"footnotes":""},"class_list":["post-15335","page","type-page","status-publish","has-post-thumbnail","hentry","nodate","item-wrap"],"yoast_head":"<!-- This site is optimized with the Yoast SEO plugin v27.4 - https:\/\/yoast.com\/product\/yoast-seo-wordpress\/ -->\n<title>Trip to Poland - 8th grade - Polska Szko\u0142a w Lemont<\/title>\n<meta name=\"description\" content=\"Polska Szkola Lemont\" \/>\n<meta name=\"robots\" content=\"index, follow, max-snippet:-1, max-image-preview:large, max-video-preview:-1\" \/>\n<link rel=\"canonical\" href=\"https:\/\/polschool.com\/en\/trip-to-poland-8th-grade\/\" \/>\n<meta property=\"og:locale\" content=\"en_US\" \/>\n<meta property=\"og:type\" content=\"article\" \/>\n<meta property=\"og:title\" content=\"Trip to Poland - 8th grade - Polska Szko\u0142a w Lemont\" \/>\n<meta property=\"og:description\" content=\"Polska Szkola Lemont\" \/>\n<meta property=\"og:url\" content=\"https:\/\/polschool.com\/en\/trip-to-poland-8th-grade\/\" \/>\n<meta property=\"og:site_name\" content=\"Polska Szko\u0142a w Lemont\" \/>\n<meta property=\"article:publisher\" content=\"https:\/\/www.facebook.com\/pages\/category\/Elementary-School\/John-Paul-II-Polish-School-Polska-Szkola-im-Jana-Pawla-II-195616273803039\/\" \/>\n<meta property=\"article:modified_time\" content=\"2024-12-19T21:06:06+00:00\" \/>\n<meta property=\"og:image\" content=\"https:\/\/polschool.com\/wp-content\/uploads\/2024\/12\/bannermainwycieczka2-1024x218.png\" \/>\n\t<meta property=\"og:image:width\" content=\"1024\" \/>\n\t<meta property=\"og:image:height\" content=\"218\" \/>\n\t<meta property=\"og:image:type\" content=\"image\/png\" \/>\n<meta name=\"twitter:card\" content=\"summary_large_image\" \/>\n<meta name=\"twitter:label1\" content=\"Est. reading time\" \/>\n\t<meta name=\"twitter:data1\" content=\"5 minutes\" \/>\n<script type=\"application\/ld+json\" class=\"yoast-schema-graph\">{\"@context\":\"https:\\\/\\\/schema.org\",\"@graph\":[{\"@type\":\"WebPage\",\"@id\":\"https:\\\/\\\/polschool.com\\\/en\\\/trip-to-poland-8th-grade\\\/\",\"url\":\"https:\\\/\\\/polschool.com\\\/en\\\/trip-to-poland-8th-grade\\\/\",\"name\":\"Trip to Poland - 8th grade - Polska Szko\u0142a w Lemont\",\"isPartOf\":{\"@id\":\"https:\\\/\\\/www.polschool.com\\\/en\\\/#website\"},\"primaryImageOfPage\":{\"@id\":\"https:\\\/\\\/polschool.com\\\/en\\\/trip-to-poland-8th-grade\\\/#primaryimage\"},\"image\":{\"@id\":\"https:\\\/\\\/polschool.com\\\/en\\\/trip-to-poland-8th-grade\\\/#primaryimage\"},\"thumbnailUrl\":\"https:\\\/\\\/polschool.com\\\/wp-content\\\/uploads\\\/2024\\\/12\\\/bannermainwycieczka2.png\",\"datePublished\":\"2017-10-05T02:22:42+00:00\",\"dateModified\":\"2024-12-19T21:06:06+00:00\",\"description\":\"Polska Szkola Lemont\",\"breadcrumb\":{\"@id\":\"https:\\\/\\\/polschool.com\\\/en\\\/trip-to-poland-8th-grade\\\/#breadcrumb\"},\"inLanguage\":\"en-US\",\"potentialAction\":[{\"@type\":\"ReadAction\",\"target\":[\"https:\\\/\\\/polschool.com\\\/en\\\/trip-to-poland-8th-grade\\\/\"]}]},{\"@type\":\"ImageObject\",\"inLanguage\":\"en-US\",\"@id\":\"https:\\\/\\\/polschool.com\\\/en\\\/trip-to-poland-8th-grade\\\/#primaryimage\",\"url\":\"https:\\\/\\\/polschool.com\\\/wp-content\\\/uploads\\\/2024\\\/12\\\/bannermainwycieczka2.png\",\"contentUrl\":\"https:\\\/\\\/polschool.com\\\/wp-content\\\/uploads\\\/2024\\\/12\\\/bannermainwycieczka2.png\",\"width\":3750,\"height\":800},{\"@type\":\"BreadcrumbList\",\"@id\":\"https:\\\/\\\/polschool.com\\\/en\\\/trip-to-poland-8th-grade\\\/#breadcrumb\",\"itemListElement\":[{\"@type\":\"ListItem\",\"position\":1,\"name\":\"Home\",\"item\":\"https:\\\/\\\/polschool.com\\\/en\\\/\"},{\"@type\":\"ListItem\",\"position\":2,\"name\":\"Trip to Poland &#8211; 8th grade\"}]},{\"@type\":\"WebSite\",\"@id\":\"https:\\\/\\\/www.polschool.com\\\/en\\\/#website\",\"url\":\"https:\\\/\\\/www.polschool.com\\\/en\\\/\",\"name\":\"Polska Szko\u0142a w Lemont\",\"description\":\"im. \u015bw. Jana Paw\u0142a II\",\"potentialAction\":[{\"@type\":\"SearchAction\",\"target\":{\"@type\":\"EntryPoint\",\"urlTemplate\":\"https:\\\/\\\/www.polschool.com\\\/en\\\/?s={search_term_string}\"},\"query-input\":{\"@type\":\"PropertyValueSpecification\",\"valueRequired\":true,\"valueName\":\"search_term_string\"}}],\"inLanguage\":\"en-US\"}]}<\/script>\n<!-- \/ Yoast SEO plugin. -->","yoast_head_json":{"title":"Trip to Poland - 8th grade - Polska Szko\u0142a w Lemont","description":"Polska Szkola Lemont","robots":{"index":"index","follow":"follow","max-snippet":"max-snippet:-1","max-image-preview":"max-image-preview:large","max-video-preview":"max-video-preview:-1"},"canonical":"https:\/\/polschool.com\/en\/trip-to-poland-8th-grade\/","og_locale":"en_US","og_type":"article","og_title":"Trip to Poland - 8th grade - Polska Szko\u0142a w Lemont","og_description":"Polska Szkola Lemont","og_url":"https:\/\/polschool.com\/en\/trip-to-poland-8th-grade\/","og_site_name":"Polska Szko\u0142a w Lemont","article_publisher":"https:\/\/www.facebook.com\/pages\/category\/Elementary-School\/John-Paul-II-Polish-School-Polska-Szkola-im-Jana-Pawla-II-195616273803039\/","article_modified_time":"2024-12-19T21:06:06+00:00","og_image":[{"width":1024,"height":218,"url":"https:\/\/polschool.com\/wp-content\/uploads\/2024\/12\/bannermainwycieczka2-1024x218.png","type":"image\/png"}],"twitter_card":"summary_large_image","twitter_misc":{"Est. reading time":"5 minutes"},"schema":{"@context":"https:\/\/schema.org","@graph":[{"@type":"WebPage","@id":"https:\/\/polschool.com\/en\/trip-to-poland-8th-grade\/","url":"https:\/\/polschool.com\/en\/trip-to-poland-8th-grade\/","name":"Trip to Poland - 8th grade - Polska Szko\u0142a w Lemont","isPartOf":{"@id":"https:\/\/www.polschool.com\/en\/#website"},"primaryImageOfPage":{"@id":"https:\/\/polschool.com\/en\/trip-to-poland-8th-grade\/#primaryimage"},"image":{"@id":"https:\/\/polschool.com\/en\/trip-to-poland-8th-grade\/#primaryimage"},"thumbnailUrl":"https:\/\/polschool.com\/wp-content\/uploads\/2024\/12\/bannermainwycieczka2.png","datePublished":"2017-10-05T02:22:42+00:00","dateModified":"2024-12-19T21:06:06+00:00","description":"Polska Szkola Lemont","breadcrumb":{"@id":"https:\/\/polschool.com\/en\/trip-to-poland-8th-grade\/#breadcrumb"},"inLanguage":"en-US","potentialAction":[{"@type":"ReadAction","target":["https:\/\/polschool.com\/en\/trip-to-poland-8th-grade\/"]}]},{"@type":"ImageObject","inLanguage":"en-US","@id":"https:\/\/polschool.com\/en\/trip-to-poland-8th-grade\/#primaryimage","url":"https:\/\/polschool.com\/wp-content\/uploads\/2024\/12\/bannermainwycieczka2.png","contentUrl":"https:\/\/polschool.com\/wp-content\/uploads\/2024\/12\/bannermainwycieczka2.png","width":3750,"height":800},{"@type":"BreadcrumbList","@id":"https:\/\/polschool.com\/en\/trip-to-poland-8th-grade\/#breadcrumb","itemListElement":[{"@type":"ListItem","position":1,"name":"Home","item":"https:\/\/polschool.com\/en\/"},{"@type":"ListItem","position":2,"name":"Trip to Poland &#8211; 8th grade"}]},{"@type":"WebSite","@id":"https:\/\/www.polschool.com\/en\/#website","url":"https:\/\/www.polschool.com\/en\/","name":"Polska Szko\u0142a w Lemont","description":"im. \u015bw. Jana Paw\u0142a II","potentialAction":[{"@type":"SearchAction","target":{"@type":"EntryPoint","urlTemplate":"https:\/\/www.polschool.com\/en\/?s={search_term_string}"},"query-input":{"@type":"PropertyValueSpecification","valueRequired":true,"valueName":"search_term_string"}}],"inLanguage":"en-US"}]}},"_links":{"self":[{"href":"https:\/\/polschool.com\/en\/wp-json\/wp\/v2\/pages\/15335","targetHints":{"allow":["GET"]}}],"collection":[{"href":"https:\/\/polschool.com\/en\/wp-json\/wp\/v2\/pages"}],"about":[{"href":"https:\/\/polschool.com\/en\/wp-json\/wp\/v2\/types\/page"}],"author":[{"embeddable":true,"href":"https:\/\/polschool.com\/en\/wp-json\/wp\/v2\/users\/8"}],"replies":[{"embeddable":true,"href":"https:\/\/polschool.com\/en\/wp-json\/wp\/v2\/comments?post=15335"}],"version-history":[{"count":4,"href":"https:\/\/polschool.com\/en\/wp-json\/wp\/v2\/pages\/15335\/revisions"}],"predecessor-version":[{"id":15445,"href":"https:\/\/polschool.com\/en\/wp-json\/wp\/v2\/pages\/15335\/revisions\/15445"}],"wp:featuredmedia":[{"embeddable":true,"href":"https:\/\/polschool.com\/en\/wp-json\/wp\/v2\/media\/15431"}],"wp:attachment":[{"href":"https:\/\/polschool.com\/en\/wp-json\/wp\/v2\/media?parent=15335"}],"curies":[{"name":"wp","href":"https:\/\/api.w.org\/{rel}","templated":true}]}}