{"id":15329,"date":"2017-10-04T21:22:05","date_gmt":"2017-10-05T02:22:05","guid":{"rendered":"https:\/\/polschool.com\/?page_id=15329"},"modified":"2024-12-07T05:47:15","modified_gmt":"2024-12-07T11:47:15","slug":"trip-to-poland-11th-grade","status":"publish","type":"page","link":"https:\/\/polschool.com\/en\/newsletters\/trip-to-poland-11th-grade\/","title":{"rendered":"Trip to Poland &#8211; 11th grade"},"content":{"rendered":"<h3 style=\"text-align: left;\"><strong>Trip Itinerary:<\/strong><\/h3>\n<p><strong>Date:<\/strong> Thanksgiving Break<\/p>\n<h4>Day 1: FLIGHT TO POLAND<\/h4>\n<p style=\"text-align: justify;\">We begin our unforgettable journey in the evening, departing from O\u2019Hare Airport to Warsaw. Let\u2019s bid farewell to Chicago and prepare for an adventure-filled visit to Poland.<\/p>\n<h4>Day 2: WARSAW<\/h4>\n<p><img decoding=\"async\" style=\"float: left; margin-right: 15px; width: 300px;\" src=\"https:\/\/rektraveladventure.com\/wp-content\/uploads\/sites\/14\/2023\/01\/Warszawa-iStock-605782252-e1683930044307.jpg\" alt=\"Warsaw Old Town\" \/><\/p>\n<p style=\"text-align: justify;\">Arrival in Warsaw in the early afternoon. We will start our visit to the capital with a walk around the Warsaw Old Town. Highlights include the Barbican, Market Square, Cathedral, Castle Square, and Krakowskie Przedmie\u015bcie. After the walk, we will check into our hotel, have dinner, and rest after the journey. Overnight stay in Warsaw.<\/p>\n<h4>Day 3: WARSAW<\/h4>\n<p><img decoding=\"async\" style=\"float: right; margin-left: 15px; width: 300px;\" src=\"https:\/\/rektraveladventure.com\/wp-content\/uploads\/sites\/14\/2023\/05\/Warszawa-Lazienki-scaled.jpg\" alt=\"\u0141azienki Kr\u00f3lewskie\" \/><\/p>\n<p style=\"text-align: justify;\">After breakfast, we\u2019ll tour the interiors of the Royal Castle, learning about its history and beautiful architecture. Next, we\u2019ll visit the Warsaw Uprising Museum, where students can deepen their knowledge of one of Poland&#8217;s most significant historical events. In the afternoon, we\u2019ll stroll through \u0141azienki Kr\u00f3lewskie \u2013 a unique park complex enchanting in every season. After an eventful day, we\u2019ll return to the hotel for dinner and an overnight stay.<\/p>\n<h4>Day 4: CZ\u0118STOCHOWA &#8211; ZAKOPANE<\/h4>\n<p><img decoding=\"async\" style=\"float: left; margin-right: 15px; width: 300px;\" src=\"https:\/\/rektraveladventure.com\/wp-content\/uploads\/sites\/14\/2023\/01\/poland-g22980d588_1920-czestochowa.jpg\" alt=\"Jasna G\u00f3ra Monastery\" \/><\/p>\n<p style=\"text-align: justify;\">We\u2019ll head to Cz\u0119stochowa in the morning to visit the Pauline Monastery at Jasna G\u00f3ra, a place of worship with the miraculous image of Our Lady of Cz\u0119stochowa. After lunch, we\u2019ll continue to Zakopane, the heart of the Polish Tatra Mountains. After checking into the hotel, we\u2019ll have dinner, and those interested can relax in the hotel&#8217;s thermal baths. Overnight stay in Zakopane.<\/p>\n<h4>Day 5: ZAKOPANE<\/h4>\n<p><img decoding=\"async\" style=\"float: right; margin-left: 15px; width: 300px;\" src=\"https:\/\/rektraveladventure.com\/wp-content\/uploads\/sites\/14\/2023\/05\/Zakopane-Kasprowy-Wierch-scaled.jpg\" alt=\"Kasprowy Wierch\" \/><\/p>\n<p style=\"text-align: justify;\">We\u2019ll start the day with a cable car ride to Kasprowy Wierch. The views from this peak are breathtaking. In the afternoon, we\u2019ll take a walk through Zakopane\u2019s center, visit Krup\u00f3wki Street, and enjoy dinner at a regional inn with a folkloric show in the evening. This is a perfect opportunity to immerse ourselves in highlander traditions.<\/p>\n<h4>Day 6: WADOWICE &#8211; KRAK\u00d3W<\/h4>\n<p><img decoding=\"async\" style=\"float: left; margin-right: 15px; width: 300px;\" src=\"https:\/\/rektraveladventure.com\/wp-content\/uploads\/sites\/14\/2022\/10\/iStock-1368441040.jpg\" alt=\"Home of John Paul II\" \/><\/p>\n<p style=\"text-align: justify;\">After breakfast, we\u2019ll visit Wadowice, the birthplace of John Paul II, and tour a museum dedicated to his life. We\u2019ll try the famous cream cakes, the Pope\u2019s favorite dessert. Then, we\u2019ll head to Krak\u00f3w, where we\u2019ll visit Wawel Castle, learn its history, and explore the Dragon\u2019s Den. Our walk will end in the Old Town.<\/p>\n<h4>Day 7: AUSCHWITZ &#8211; KRAK\u00d3W<\/h4>\n<p><img decoding=\"async\" style=\"float: right; margin-left: 15px; width: 300px;\" src=\"https:\/\/rektraveladventure.com\/wp-content\/uploads\/sites\/14\/2022\/10\/iStock-1131466716.jpg\" alt=\"Auschwitz-Birkenau\" \/><\/p>\n<p style=\"text-align: justify;\">We\u2019ll visit the Auschwitz-Birkenau Museum, a memorial site everyone should see to understand the tragic lessons of history. After lunch, we\u2019ll return to Krak\u00f3w to visit the Ko\u015bciuszko Mound. In the evening, free time, dinner, and relaxation at the hotel.<\/p>\n<h4>Day 8: WIELICZKA &#8211; KRAK\u00d3W<\/h4>\n<p><img decoding=\"async\" style=\"float: left; margin-right: 15px; width: 300px;\" src=\"https:\/\/rektraveladventure.com\/wp-content\/uploads\/sites\/14\/2022\/10\/iStock-1307196158.jpg\" alt=\"Wieliczka Salt Mine\" \/><\/p>\n<p style=\"text-align: justify;\">We\u2019ll tour the historic Wieliczka Salt Mine, a UNESCO World Heritage Site. Then, we\u2019ll return to Krak\u00f3w to explore Kazimierz, a district rich in history linked to the city&#8217;s Christian and Jewish heritage. This area captivates with its atmosphere and authenticity.<\/p>\n<h4>Day 9: RETURN TO THE USA<\/h4>\n<p style=\"text-align: justify;\">After breakfast, we\u2019ll check out from the hotel and head to the Warsaw airport, where our journey ends. We\u2019ll return to Chicago filled with memories, ready to share our experiences with family and friends.<\/p>\n","protected":false},"excerpt":{"rendered":"<p>Trip Itinerary: Date: Thanksgiving Break Day 1: FLIGHT TO POLAND We begin our unforgettable journey in the evening, departing from O\u2019Hare Airport to Warsaw. Let\u2019s bid farewell to Chicago and prepare for an adventure-filled visit to Poland. Day 2: WARSAW Arrival in Warsaw in the early afternoon. We will start our visit to the capital &hellip; <\/p>\n<p><a class=\"more-link btn\" href=\"https:\/\/polschool.com\/en\/newsletters\/trip-to-poland-11th-grade\/\">Continue reading<\/a><\/p>\n","protected":false},"author":8,"featured_media":15429,"parent":25,"menu_order":71,"comment_status":"closed","ping_status":"closed","template":"","meta":{"footnotes":""},"class_list":["post-15329","page","type-page","status-publish","has-post-thumbnail","hentry","nodate","item-wrap"],"yoast_head":"<!-- This site is optimized with the Yoast SEO plugin v27.4 - https:\/\/yoast.com\/product\/yoast-seo-wordpress\/ -->\n<title>Trip to Poland - 11th grade - Polska Szko\u0142a w Lemont<\/title>\n<meta name=\"description\" content=\"Polska Szkola Lemont\" \/>\n<meta name=\"robots\" content=\"index, follow, max-snippet:-1, max-image-preview:large, max-video-preview:-1\" \/>\n<link rel=\"canonical\" href=\"https:\/\/polschool.com\/en\/newsletters\/trip-to-poland-11th-grade\/\" \/>\n<meta property=\"og:locale\" content=\"en_US\" \/>\n<meta property=\"og:type\" content=\"article\" \/>\n<meta property=\"og:title\" content=\"Trip to Poland - 11th grade - Polska Szko\u0142a w Lemont\" \/>\n<meta property=\"og:description\" content=\"Polska Szkola Lemont\" \/>\n<meta property=\"og:url\" content=\"https:\/\/polschool.com\/en\/newsletters\/trip-to-poland-11th-grade\/\" \/>\n<meta property=\"og:site_name\" content=\"Polska Szko\u0142a w Lemont\" \/>\n<meta property=\"article:publisher\" content=\"https:\/\/www.facebook.com\/pages\/category\/Elementary-School\/John-Paul-II-Polish-School-Polska-Szkola-im-Jana-Pawla-II-195616273803039\/\" \/>\n<meta property=\"article:modified_time\" content=\"2024-12-07T11:47:15+00:00\" \/>\n<meta property=\"og:image\" content=\"https:\/\/polschool.com\/wp-content\/uploads\/2024\/12\/IMG_2163-e1733535074745.jpg\" \/>\n\t<meta property=\"og:image:width\" content=\"1643\" \/>\n\t<meta property=\"og:image:height\" content=\"1232\" \/>\n\t<meta property=\"og:image:type\" content=\"image\/jpeg\" \/>\n<meta name=\"twitter:card\" content=\"summary_large_image\" \/>\n<meta name=\"twitter:label1\" content=\"Est. reading time\" \/>\n\t<meta name=\"twitter:data1\" content=\"4 minutes\" \/>\n<script type=\"application\/ld+json\" class=\"yoast-schema-graph\">{\"@context\":\"https:\\\/\\\/schema.org\",\"@graph\":[{\"@type\":\"WebPage\",\"@id\":\"https:\\\/\\\/polschool.com\\\/en\\\/newsletters\\\/trip-to-poland-11th-grade\\\/\",\"url\":\"https:\\\/\\\/polschool.com\\\/en\\\/newsletters\\\/trip-to-poland-11th-grade\\\/\",\"name\":\"Trip to Poland - 11th grade - Polska Szko\u0142a w Lemont\",\"isPartOf\":{\"@id\":\"https:\\\/\\\/www.polschool.com\\\/en\\\/#website\"},\"primaryImageOfPage\":{\"@id\":\"https:\\\/\\\/polschool.com\\\/en\\\/newsletters\\\/trip-to-poland-11th-grade\\\/#primaryimage\"},\"image\":{\"@id\":\"https:\\\/\\\/polschool.com\\\/en\\\/newsletters\\\/trip-to-poland-11th-grade\\\/#primaryimage\"},\"thumbnailUrl\":\"https:\\\/\\\/polschool.com\\\/wp-content\\\/uploads\\\/2024\\\/12\\\/bannermainwycieczka-1.png\",\"datePublished\":\"2017-10-05T02:22:05+00:00\",\"dateModified\":\"2024-12-07T11:47:15+00:00\",\"description\":\"Polska Szkola Lemont\",\"breadcrumb\":{\"@id\":\"https:\\\/\\\/polschool.com\\\/en\\\/newsletters\\\/trip-to-poland-11th-grade\\\/#breadcrumb\"},\"inLanguage\":\"en-US\",\"potentialAction\":[{\"@type\":\"ReadAction\",\"target\":[\"https:\\\/\\\/polschool.com\\\/en\\\/newsletters\\\/trip-to-poland-11th-grade\\\/\"]}]},{\"@type\":\"ImageObject\",\"inLanguage\":\"en-US\",\"@id\":\"https:\\\/\\\/polschool.com\\\/en\\\/newsletters\\\/trip-to-poland-11th-grade\\\/#primaryimage\",\"url\":\"https:\\\/\\\/polschool.com\\\/wp-content\\\/uploads\\\/2024\\\/12\\\/bannermainwycieczka-1.png\",\"contentUrl\":\"https:\\\/\\\/polschool.com\\\/wp-content\\\/uploads\\\/2024\\\/12\\\/bannermainwycieczka-1.png\",\"width\":3750,\"height\":800},{\"@type\":\"BreadcrumbList\",\"@id\":\"https:\\\/\\\/polschool.com\\\/en\\\/newsletters\\\/trip-to-poland-11th-grade\\\/#breadcrumb\",\"itemListElement\":[{\"@type\":\"ListItem\",\"position\":1,\"name\":\"Home\",\"item\":\"https:\\\/\\\/polschool.com\\\/en\\\/\"},{\"@type\":\"ListItem\",\"position\":2,\"name\":\"Newsletters\",\"item\":\"https:\\\/\\\/polschool.com\\\/en\\\/newsletters\\\/\"},{\"@type\":\"ListItem\",\"position\":3,\"name\":\"Trip to Poland &#8211; 11th grade\"}]},{\"@type\":\"WebSite\",\"@id\":\"https:\\\/\\\/www.polschool.com\\\/en\\\/#website\",\"url\":\"https:\\\/\\\/www.polschool.com\\\/en\\\/\",\"name\":\"Polska Szko\u0142a w Lemont\",\"description\":\"im. \u015bw. Jana Paw\u0142a II\",\"potentialAction\":[{\"@type\":\"SearchAction\",\"target\":{\"@type\":\"EntryPoint\",\"urlTemplate\":\"https:\\\/\\\/www.polschool.com\\\/en\\\/?s={search_term_string}\"},\"query-input\":{\"@type\":\"PropertyValueSpecification\",\"valueRequired\":true,\"valueName\":\"search_term_string\"}}],\"inLanguage\":\"en-US\"}]}<\/script>\n<!-- \/ Yoast SEO plugin. -->","yoast_head_json":{"title":"Trip to Poland - 11th grade - Polska Szko\u0142a w Lemont","description":"Polska Szkola Lemont","robots":{"index":"index","follow":"follow","max-snippet":"max-snippet:-1","max-image-preview":"max-image-preview:large","max-video-preview":"max-video-preview:-1"},"canonical":"https:\/\/polschool.com\/en\/newsletters\/trip-to-poland-11th-grade\/","og_locale":"en_US","og_type":"article","og_title":"Trip to Poland - 11th grade - Polska Szko\u0142a w Lemont","og_description":"Polska Szkola Lemont","og_url":"https:\/\/polschool.com\/en\/newsletters\/trip-to-poland-11th-grade\/","og_site_name":"Polska Szko\u0142a w Lemont","article_publisher":"https:\/\/www.facebook.com\/pages\/category\/Elementary-School\/John-Paul-II-Polish-School-Polska-Szkola-im-Jana-Pawla-II-195616273803039\/","article_modified_time":"2024-12-07T11:47:15+00:00","og_image":[{"width":1643,"height":1232,"url":"https:\/\/polschool.com\/wp-content\/uploads\/2024\/12\/IMG_2163-e1733535074745.jpg","type":"image\/jpeg"}],"twitter_card":"summary_large_image","twitter_misc":{"Est. reading time":"4 minutes"},"schema":{"@context":"https:\/\/schema.org","@graph":[{"@type":"WebPage","@id":"https:\/\/polschool.com\/en\/newsletters\/trip-to-poland-11th-grade\/","url":"https:\/\/polschool.com\/en\/newsletters\/trip-to-poland-11th-grade\/","name":"Trip to Poland - 11th grade - Polska Szko\u0142a w Lemont","isPartOf":{"@id":"https:\/\/www.polschool.com\/en\/#website"},"primaryImageOfPage":{"@id":"https:\/\/polschool.com\/en\/newsletters\/trip-to-poland-11th-grade\/#primaryimage"},"image":{"@id":"https:\/\/polschool.com\/en\/newsletters\/trip-to-poland-11th-grade\/#primaryimage"},"thumbnailUrl":"https:\/\/polschool.com\/wp-content\/uploads\/2024\/12\/bannermainwycieczka-1.png","datePublished":"2017-10-05T02:22:05+00:00","dateModified":"2024-12-07T11:47:15+00:00","description":"Polska Szkola Lemont","breadcrumb":{"@id":"https:\/\/polschool.com\/en\/newsletters\/trip-to-poland-11th-grade\/#breadcrumb"},"inLanguage":"en-US","potentialAction":[{"@type":"ReadAction","target":["https:\/\/polschool.com\/en\/newsletters\/trip-to-poland-11th-grade\/"]}]},{"@type":"ImageObject","inLanguage":"en-US","@id":"https:\/\/polschool.com\/en\/newsletters\/trip-to-poland-11th-grade\/#primaryimage","url":"https:\/\/polschool.com\/wp-content\/uploads\/2024\/12\/bannermainwycieczka-1.png","contentUrl":"https:\/\/polschool.com\/wp-content\/uploads\/2024\/12\/bannermainwycieczka-1.png","width":3750,"height":800},{"@type":"BreadcrumbList","@id":"https:\/\/polschool.com\/en\/newsletters\/trip-to-poland-11th-grade\/#breadcrumb","itemListElement":[{"@type":"ListItem","position":1,"name":"Home","item":"https:\/\/polschool.com\/en\/"},{"@type":"ListItem","position":2,"name":"Newsletters","item":"https:\/\/polschool.com\/en\/newsletters\/"},{"@type":"ListItem","position":3,"name":"Trip to Poland &#8211; 11th grade"}]},{"@type":"WebSite","@id":"https:\/\/www.polschool.com\/en\/#website","url":"https:\/\/www.polschool.com\/en\/","name":"Polska Szko\u0142a w Lemont","description":"im. \u015bw. Jana Paw\u0142a II","potentialAction":[{"@type":"SearchAction","target":{"@type":"EntryPoint","urlTemplate":"https:\/\/www.polschool.com\/en\/?s={search_term_string}"},"query-input":{"@type":"PropertyValueSpecification","valueRequired":true,"valueName":"search_term_string"}}],"inLanguage":"en-US"}]}},"_links":{"self":[{"href":"https:\/\/polschool.com\/en\/wp-json\/wp\/v2\/pages\/15329","targetHints":{"allow":["GET"]}}],"collection":[{"href":"https:\/\/polschool.com\/en\/wp-json\/wp\/v2\/pages"}],"about":[{"href":"https:\/\/polschool.com\/en\/wp-json\/wp\/v2\/types\/page"}],"author":[{"embeddable":true,"href":"https:\/\/polschool.com\/en\/wp-json\/wp\/v2\/users\/8"}],"replies":[{"embeddable":true,"href":"https:\/\/polschool.com\/en\/wp-json\/wp\/v2\/comments?post=15329"}],"version-history":[{"count":2,"href":"https:\/\/polschool.com\/en\/wp-json\/wp\/v2\/pages\/15329\/revisions"}],"predecessor-version":[{"id":15332,"href":"https:\/\/polschool.com\/en\/wp-json\/wp\/v2\/pages\/15329\/revisions\/15332"}],"up":[{"embeddable":true,"href":"https:\/\/polschool.com\/en\/wp-json\/wp\/v2\/pages\/25"}],"wp:featuredmedia":[{"embeddable":true,"href":"https:\/\/polschool.com\/en\/wp-json\/wp\/v2\/media\/15429"}],"wp:attachment":[{"href":"https:\/\/polschool.com\/en\/wp-json\/wp\/v2\/media?parent=15329"}],"curies":[{"name":"wp","href":"https:\/\/api.w.org\/{rel}","templated":true}]}}