{"id":15306,"date":"2017-10-04T18:32:15","date_gmt":"2017-10-04T23:32:15","guid":{"rendered":"https:\/\/polschool.com\/newsletters\/wycieczki-szkolne\/"},"modified":"2025-10-01T19:57:56","modified_gmt":"2025-10-02T00:57:56","slug":"wycieczki-szkolne","status":"publish","type":"page","link":"https:\/\/polschool.com\/en\/newsletters\/wycieczki-szkolne\/","title":{"rendered":"Field Trips &#038; Events"},"content":{"rendered":"<h3 style=\"text-align: center;\"><a style=\"display: inline-block; width: 300px; text-align: center; background-color: navy; color: white; padding: 15px; text-decoration: none; border-radius: 5px;\" href=\"https:\/\/polschool.com\/rok-szkolny-2025-26\/\">School Year 2025\/26<\/a><\/h3>\n<div><\/div>\n<h6 dir=\"auto\" style=\"text-align: justify;\"><\/h6>\n<hr \/>\n<h3 style=\"text-align: center;\"><a style=\"display: inline-block; width: 300px; text-align: center; background-color: navy; color: white; padding: 15px; text-decoration: none; border-radius: 5px;\" href=\"https:\/\/polschool.com\/rok-szkolny-2024-25\/\">School Year 2024\/25<\/a><\/h3>\n<div><\/div>\n<h6 dir=\"auto\" style=\"text-align: justify;\"><\/h6>\n<hr \/>\n<h3 style=\"text-align: center;\"><a style=\"display: inline-block; width: 300px; text-align: center; background-color: navy; color: white; padding: 15px; text-decoration: none; border-radius: 5px;\" href=\"https:\/\/polschool.com\/rok-szkolny-2023-24\/\" target=\"_blank\" rel=\"noopener\">School Year 2023\/24<\/a><\/h3>\n","protected":false},"excerpt":{"rendered":"<p>School Year 2025\/26 School Year 2024\/25 School Year 2023\/24<\/p>\n","protected":false},"author":11,"featured_media":15451,"parent":25,"menu_order":51,"comment_status":"closed","ping_status":"closed","template":"","meta":{"footnotes":""},"class_list":["post-15306","page","type-page","status-publish","has-post-thumbnail","hentry","nodate","item-wrap"],"yoast_head":"<!-- This site is optimized with the Yoast SEO plugin v27.6 - https:\/\/yoast.com\/product\/yoast-seo-wordpress\/ -->\n<title>Field Trips &amp; Events - Polska Szko\u0142a w Lemont<\/title>\n<meta name=\"description\" content=\"Polska Szkola Lemont\" \/>\n<meta name=\"robots\" content=\"index, follow, max-snippet:-1, max-image-preview:large, max-video-preview:-1\" \/>\n<link rel=\"canonical\" href=\"https:\/\/polschool.com\/en\/newsletters\/wycieczki-szkolne\/\" \/>\n<meta property=\"og:locale\" content=\"en_US\" \/>\n<meta property=\"og:type\" content=\"article\" \/>\n<meta property=\"og:title\" content=\"Field Trips &amp; Events - Polska Szko\u0142a w Lemont\" \/>\n<meta property=\"og:description\" content=\"Polska Szkola Lemont\" \/>\n<meta property=\"og:url\" content=\"https:\/\/polschool.com\/en\/newsletters\/wycieczki-szkolne\/\" \/>\n<meta property=\"og:site_name\" content=\"Polska Szko\u0142a w Lemont\" \/>\n<meta property=\"article:publisher\" content=\"https:\/\/www.facebook.com\/pages\/category\/Elementary-School\/John-Paul-II-Polish-School-Polska-Szkola-im-Jana-Pawla-II-195616273803039\/\" \/>\n<meta property=\"article:modified_time\" content=\"2025-10-02T00:57:56+00:00\" \/>\n<meta property=\"og:image\" content=\"https:\/\/polschool.com\/wp-content\/uploads\/2024\/12\/bannermaineng-1.png\" \/>\n\t<meta property=\"og:image:width\" content=\"3750\" \/>\n\t<meta property=\"og:image:height\" content=\"807\" \/>\n\t<meta property=\"og:image:type\" content=\"image\/png\" \/>\n<meta name=\"twitter:card\" content=\"summary_large_image\" \/>\n<meta name=\"twitter:label1\" content=\"Est. reading time\" \/>\n\t<meta name=\"twitter:data1\" content=\"1 minute\" \/>\n<script type=\"application\/ld+json\" class=\"yoast-schema-graph\">{\"@context\":\"https:\\\/\\\/schema.org\",\"@graph\":[{\"@type\":\"WebPage\",\"@id\":\"https:\\\/\\\/polschool.com\\\/en\\\/newsletters\\\/wycieczki-szkolne\\\/\",\"url\":\"https:\\\/\\\/polschool.com\\\/en\\\/newsletters\\\/wycieczki-szkolne\\\/\",\"name\":\"Field Trips & Events - Polska Szko\u0142a w Lemont\",\"isPartOf\":{\"@id\":\"https:\\\/\\\/www.polschool.com\\\/en\\\/#website\"},\"primaryImageOfPage\":{\"@id\":\"https:\\\/\\\/polschool.com\\\/en\\\/newsletters\\\/wycieczki-szkolne\\\/#primaryimage\"},\"image\":{\"@id\":\"https:\\\/\\\/polschool.com\\\/en\\\/newsletters\\\/wycieczki-szkolne\\\/#primaryimage\"},\"thumbnailUrl\":\"https:\\\/\\\/polschool.com\\\/wp-content\\\/uploads\\\/2024\\\/12\\\/bannermaineng-1.png\",\"datePublished\":\"2017-10-04T23:32:15+00:00\",\"dateModified\":\"2025-10-02T00:57:56+00:00\",\"description\":\"Polska Szkola Lemont\",\"breadcrumb\":{\"@id\":\"https:\\\/\\\/polschool.com\\\/en\\\/newsletters\\\/wycieczki-szkolne\\\/#breadcrumb\"},\"inLanguage\":\"en-US\",\"potentialAction\":[{\"@type\":\"ReadAction\",\"target\":[\"https:\\\/\\\/polschool.com\\\/en\\\/newsletters\\\/wycieczki-szkolne\\\/\"]}]},{\"@type\":\"ImageObject\",\"inLanguage\":\"en-US\",\"@id\":\"https:\\\/\\\/polschool.com\\\/en\\\/newsletters\\\/wycieczki-szkolne\\\/#primaryimage\",\"url\":\"https:\\\/\\\/polschool.com\\\/wp-content\\\/uploads\\\/2024\\\/12\\\/bannermaineng-1.png\",\"contentUrl\":\"https:\\\/\\\/polschool.com\\\/wp-content\\\/uploads\\\/2024\\\/12\\\/bannermaineng-1.png\",\"width\":3750,\"height\":807},{\"@type\":\"BreadcrumbList\",\"@id\":\"https:\\\/\\\/polschool.com\\\/en\\\/newsletters\\\/wycieczki-szkolne\\\/#breadcrumb\",\"itemListElement\":[{\"@type\":\"ListItem\",\"position\":1,\"name\":\"Home\",\"item\":\"https:\\\/\\\/polschool.com\\\/en\\\/\"},{\"@type\":\"ListItem\",\"position\":2,\"name\":\"Newsletters\",\"item\":\"https:\\\/\\\/polschool.com\\\/en\\\/newsletters\\\/\"},{\"@type\":\"ListItem\",\"position\":3,\"name\":\"Field Trips &#038; Events\"}]},{\"@type\":\"WebSite\",\"@id\":\"https:\\\/\\\/www.polschool.com\\\/en\\\/#website\",\"url\":\"https:\\\/\\\/www.polschool.com\\\/en\\\/\",\"name\":\"Polska Szko\u0142a w Lemont\",\"description\":\"im. \u015bw. Jana Paw\u0142a II\",\"potentialAction\":[{\"@type\":\"SearchAction\",\"target\":{\"@type\":\"EntryPoint\",\"urlTemplate\":\"https:\\\/\\\/www.polschool.com\\\/en\\\/?s={search_term_string}\"},\"query-input\":{\"@type\":\"PropertyValueSpecification\",\"valueRequired\":true,\"valueName\":\"search_term_string\"}}],\"inLanguage\":\"en-US\"}]}<\/script>\n<!-- \/ Yoast SEO plugin. -->","yoast_head_json":{"title":"Field Trips & Events - Polska Szko\u0142a w Lemont","description":"Polska Szkola Lemont","robots":{"index":"index","follow":"follow","max-snippet":"max-snippet:-1","max-image-preview":"max-image-preview:large","max-video-preview":"max-video-preview:-1"},"canonical":"https:\/\/polschool.com\/en\/newsletters\/wycieczki-szkolne\/","og_locale":"en_US","og_type":"article","og_title":"Field Trips & Events - Polska Szko\u0142a w Lemont","og_description":"Polska Szkola Lemont","og_url":"https:\/\/polschool.com\/en\/newsletters\/wycieczki-szkolne\/","og_site_name":"Polska Szko\u0142a w Lemont","article_publisher":"https:\/\/www.facebook.com\/pages\/category\/Elementary-School\/John-Paul-II-Polish-School-Polska-Szkola-im-Jana-Pawla-II-195616273803039\/","article_modified_time":"2025-10-02T00:57:56+00:00","og_image":[{"width":3750,"height":807,"url":"https:\/\/polschool.com\/wp-content\/uploads\/2024\/12\/bannermaineng-1.png","type":"image\/png"}],"twitter_card":"summary_large_image","twitter_misc":{"Est. reading time":"1 minute"},"schema":{"@context":"https:\/\/schema.org","@graph":[{"@type":"WebPage","@id":"https:\/\/polschool.com\/en\/newsletters\/wycieczki-szkolne\/","url":"https:\/\/polschool.com\/en\/newsletters\/wycieczki-szkolne\/","name":"Field Trips & Events - Polska Szko\u0142a w Lemont","isPartOf":{"@id":"https:\/\/www.polschool.com\/en\/#website"},"primaryImageOfPage":{"@id":"https:\/\/polschool.com\/en\/newsletters\/wycieczki-szkolne\/#primaryimage"},"image":{"@id":"https:\/\/polschool.com\/en\/newsletters\/wycieczki-szkolne\/#primaryimage"},"thumbnailUrl":"https:\/\/polschool.com\/wp-content\/uploads\/2024\/12\/bannermaineng-1.png","datePublished":"2017-10-04T23:32:15+00:00","dateModified":"2025-10-02T00:57:56+00:00","description":"Polska Szkola Lemont","breadcrumb":{"@id":"https:\/\/polschool.com\/en\/newsletters\/wycieczki-szkolne\/#breadcrumb"},"inLanguage":"en-US","potentialAction":[{"@type":"ReadAction","target":["https:\/\/polschool.com\/en\/newsletters\/wycieczki-szkolne\/"]}]},{"@type":"ImageObject","inLanguage":"en-US","@id":"https:\/\/polschool.com\/en\/newsletters\/wycieczki-szkolne\/#primaryimage","url":"https:\/\/polschool.com\/wp-content\/uploads\/2024\/12\/bannermaineng-1.png","contentUrl":"https:\/\/polschool.com\/wp-content\/uploads\/2024\/12\/bannermaineng-1.png","width":3750,"height":807},{"@type":"BreadcrumbList","@id":"https:\/\/polschool.com\/en\/newsletters\/wycieczki-szkolne\/#breadcrumb","itemListElement":[{"@type":"ListItem","position":1,"name":"Home","item":"https:\/\/polschool.com\/en\/"},{"@type":"ListItem","position":2,"name":"Newsletters","item":"https:\/\/polschool.com\/en\/newsletters\/"},{"@type":"ListItem","position":3,"name":"Field Trips &#038; Events"}]},{"@type":"WebSite","@id":"https:\/\/www.polschool.com\/en\/#website","url":"https:\/\/www.polschool.com\/en\/","name":"Polska Szko\u0142a w Lemont","description":"im. \u015bw. Jana Paw\u0142a II","potentialAction":[{"@type":"SearchAction","target":{"@type":"EntryPoint","urlTemplate":"https:\/\/www.polschool.com\/en\/?s={search_term_string}"},"query-input":{"@type":"PropertyValueSpecification","valueRequired":true,"valueName":"search_term_string"}}],"inLanguage":"en-US"}]}},"_links":{"self":[{"href":"https:\/\/polschool.com\/en\/wp-json\/wp\/v2\/pages\/15306","targetHints":{"allow":["GET"]}}],"collection":[{"href":"https:\/\/polschool.com\/en\/wp-json\/wp\/v2\/pages"}],"about":[{"href":"https:\/\/polschool.com\/en\/wp-json\/wp\/v2\/types\/page"}],"author":[{"embeddable":true,"href":"https:\/\/polschool.com\/en\/wp-json\/wp\/v2\/users\/11"}],"replies":[{"embeddable":true,"href":"https:\/\/polschool.com\/en\/wp-json\/wp\/v2\/comments?post=15306"}],"version-history":[{"count":30,"href":"https:\/\/polschool.com\/en\/wp-json\/wp\/v2\/pages\/15306\/revisions"}],"predecessor-version":[{"id":16335,"href":"https:\/\/polschool.com\/en\/wp-json\/wp\/v2\/pages\/15306\/revisions\/16335"}],"up":[{"embeddable":true,"href":"https:\/\/polschool.com\/en\/wp-json\/wp\/v2\/pages\/25"}],"wp:featuredmedia":[{"embeddable":true,"href":"https:\/\/polschool.com\/en\/wp-json\/wp\/v2\/media\/15451"}],"wp:attachment":[{"href":"https:\/\/polschool.com\/en\/wp-json\/wp\/v2\/media?parent=15306"}],"curies":[{"name":"wp","href":"https:\/\/api.w.org\/{rel}","templated":true}]}}