{"id":15236,"date":"2015-06-22T17:02:19","date_gmt":"2015-06-22T22:02:19","guid":{"rendered":"https:\/\/polschool.com\/sponsors\/prcua\/"},"modified":"2025-08-12T19:04:25","modified_gmt":"2025-08-13T00:04:25","slug":"prcua","status":"publish","type":"page","link":"https:\/\/polschool.com\/en\/sponsors\/prcua\/","title":{"rendered":"PRCUA &#8211; ZPRKA"},"content":{"rendered":"<p style=\"text-align: justify;\"><span style=\"color: #000080;\">The Polish Roman Catholic Union of America (&#8220;PRCUA&#8221;)\u00a0<img loading=\"lazy\" decoding=\"async\" class=\"alignright size-full wp-image-4140\" src=\"https:\/\/polschool.com\/wp-content\/uploads\/2015\/04\/Unknown.jpeg\" alt=\"Unknown\" width=\"220\" height=\"229\" srcset=\"https:\/\/polschool.com\/wp-content\/uploads\/2015\/04\/Unknown.jpeg 220w, https:\/\/polschool.com\/wp-content\/uploads\/2015\/04\/Unknown-99x103.jpeg 99w\" sizes=\"auto, (max-width: 220px) 100vw, 220px\" \/>is the oldest Polish-American fraternal organization in America,<\/span> founded in 1873 to unite and assist Polish immigrants. Since then, PRCUA has grown into an organization offering not only life insurance and retirement accounts but also support for the Polish-American community. <span style=\"color: #000080;\">PRCUA supports numerous Polish-American initiatives, offers scholarships for students, educational grants for higher education, loans, as well as donations to Polish language schools and folk dance groups.<\/span><\/p>\n<p style=\"text-align: justify;\">Here\u2019s why investing in a PRCUA insurance policy could be the right choice for your child:<\/p>\n<p style=\"text-align: justify;\">&#8211;\u00a0<strong>Registration Discount:<\/strong> Families with active PRCUA insurance policies receive a $50 discount per insured child during school registration each year.<\/p>\n<p style=\"text-align: justify;\">&#8211;\u00a0<strong>College Scholarship Opportunities:<\/strong> Having a PRCUA insurance policy allows your children to apply for <a href=\"https:\/\/www.prcua.org\/scholarships\/\">college scholarships<\/a> in the future.<\/p>\n<p style=\"text-align: justify;\">&#8211;\u00a0<strong>Mortgage and Student Loans for Members:<\/strong>\u00a0PRCUA provides financial assistance through <a href=\"https:\/\/www.prcua.org\/member-loans\/\">loans<\/a> for its members.<\/p>\n<p style=\"text-align: justifyr;\">&#8211;\u00a0<strong>&#8220;Polanie&#8221;:<\/strong>\u00a0For students wishing to join the Polanie Dance Club, holding a PRCUA insurance policy is mandatory.<\/p>\n<p style=\"text-align: justify;\">To learn more about PRCUA insurance policies, please visit:\u00a0<span style=\"color: #3366ff;\">www.PRCUA.org<\/span> or contact PRCUA Sales Coordinator\u00a0<strong>Margie Grzeszczuk<\/strong>\u00a0at 773-782-2644 or via email at <a href=\"mailto:margie-grzeszczuk@pruca.org\">margie-grzeszczuk@pruca.org<\/a>. Marge will provide tailored support, answer all your questions, and guide you through the process of purchasing a policy that fits your family\u2019s needs.<\/p>\n<ul>\n<li style=\"text-align: justify;\"><a href=\"https:\/\/polschool.com\/pdf\/MembersHandbookPolish\" target=\"_blank\" rel=\"noopener noreferrer\">Welcome to the PRCUA Information Guide (Polish)<\/a><\/li>\n<li style=\"text-align: justify;\"><a href=\"https:\/\/polschool.com\/pdf\/MembersHandbookEnglish\" target=\"_blank\" rel=\"noopener noreferrer\">Welcome to the PRCUA Handbook (English)<\/a><\/li>\n<\/ul>\n","protected":false},"excerpt":{"rendered":"<p>The Polish Roman Catholic Union of America (&#8220;PRCUA&#8221;)\u00a0is the oldest Polish-American fraternal organization in America, founded in 1873 to unite and assist Polish immigrants. Since then, PRCUA has grown into an organization offering not only life insurance and retirement accounts but also support for the Polish-American community. PRCUA supports numerous Polish-American initiatives, offers scholarships for &hellip; <\/p>\n<p><a class=\"more-link btn\" href=\"https:\/\/polschool.com\/en\/sponsors\/prcua\/\">Continue reading<\/a><\/p>\n","protected":false},"author":11,"featured_media":0,"parent":4214,"menu_order":111,"comment_status":"closed","ping_status":"closed","template":"","meta":{"footnotes":""},"class_list":["post-15236","page","type-page","status-publish","hentry","nodate","item-wrap"],"yoast_head":"<!-- This site is optimized with the Yoast SEO plugin v27.4 - https:\/\/yoast.com\/product\/yoast-seo-wordpress\/ -->\n<title>PRCUA - ZPRKA - Polska Szko\u0142a w Lemont<\/title>\n<meta name=\"description\" content=\"Polska Szkola Lemont\" \/>\n<meta name=\"robots\" content=\"index, follow, max-snippet:-1, max-image-preview:large, max-video-preview:-1\" \/>\n<link rel=\"canonical\" href=\"https:\/\/polschool.com\/en\/sponsors\/prcua\/\" \/>\n<meta property=\"og:locale\" content=\"en_US\" \/>\n<meta property=\"og:type\" content=\"article\" \/>\n<meta property=\"og:title\" content=\"PRCUA - ZPRKA - Polska Szko\u0142a w Lemont\" \/>\n<meta property=\"og:description\" content=\"Polska Szkola Lemont\" \/>\n<meta property=\"og:url\" content=\"https:\/\/polschool.com\/en\/sponsors\/prcua\/\" \/>\n<meta property=\"og:site_name\" content=\"Polska Szko\u0142a w Lemont\" \/>\n<meta property=\"article:publisher\" content=\"https:\/\/www.facebook.com\/pages\/category\/Elementary-School\/John-Paul-II-Polish-School-Polska-Szkola-im-Jana-Pawla-II-195616273803039\/\" \/>\n<meta property=\"article:modified_time\" content=\"2025-08-13T00:04:25+00:00\" \/>\n<meta property=\"og:image\" content=\"https:\/\/polschool.com\/wp-content\/uploads\/2015\/04\/Unknown.jpeg\" \/>\n\t<meta property=\"og:image:width\" content=\"220\" \/>\n\t<meta property=\"og:image:height\" content=\"229\" \/>\n\t<meta property=\"og:image:type\" content=\"image\/jpeg\" \/>\n<meta name=\"twitter:card\" content=\"summary_large_image\" \/>\n<meta name=\"twitter:label1\" content=\"Est. reading time\" \/>\n\t<meta name=\"twitter:data1\" content=\"2 minutes\" \/>\n<script type=\"application\/ld+json\" class=\"yoast-schema-graph\">{\"@context\":\"https:\\\/\\\/schema.org\",\"@graph\":[{\"@type\":\"WebPage\",\"@id\":\"https:\\\/\\\/polschool.com\\\/en\\\/sponsors\\\/prcua\\\/\",\"url\":\"https:\\\/\\\/polschool.com\\\/en\\\/sponsors\\\/prcua\\\/\",\"name\":\"PRCUA - ZPRKA - Polska Szko\u0142a w Lemont\",\"isPartOf\":{\"@id\":\"https:\\\/\\\/www.polschool.com\\\/en\\\/#website\"},\"primaryImageOfPage\":{\"@id\":\"https:\\\/\\\/polschool.com\\\/en\\\/sponsors\\\/prcua\\\/#primaryimage\"},\"image\":{\"@id\":\"https:\\\/\\\/polschool.com\\\/en\\\/sponsors\\\/prcua\\\/#primaryimage\"},\"thumbnailUrl\":\"https:\\\/\\\/polschool.com\\\/wp-content\\\/uploads\\\/2015\\\/04\\\/Unknown.jpeg\",\"datePublished\":\"2015-06-22T22:02:19+00:00\",\"dateModified\":\"2025-08-13T00:04:25+00:00\",\"description\":\"Polska Szkola Lemont\",\"breadcrumb\":{\"@id\":\"https:\\\/\\\/polschool.com\\\/en\\\/sponsors\\\/prcua\\\/#breadcrumb\"},\"inLanguage\":\"en-US\",\"potentialAction\":[{\"@type\":\"ReadAction\",\"target\":[\"https:\\\/\\\/polschool.com\\\/en\\\/sponsors\\\/prcua\\\/\"]}]},{\"@type\":\"ImageObject\",\"inLanguage\":\"en-US\",\"@id\":\"https:\\\/\\\/polschool.com\\\/en\\\/sponsors\\\/prcua\\\/#primaryimage\",\"url\":\"https:\\\/\\\/polschool.com\\\/wp-content\\\/uploads\\\/2015\\\/04\\\/Unknown.jpeg\",\"contentUrl\":\"https:\\\/\\\/polschool.com\\\/wp-content\\\/uploads\\\/2015\\\/04\\\/Unknown.jpeg\"},{\"@type\":\"BreadcrumbList\",\"@id\":\"https:\\\/\\\/polschool.com\\\/en\\\/sponsors\\\/prcua\\\/#breadcrumb\",\"itemListElement\":[{\"@type\":\"ListItem\",\"position\":1,\"name\":\"Home\",\"item\":\"https:\\\/\\\/polschool.com\\\/en\\\/\"},{\"@type\":\"ListItem\",\"position\":2,\"name\":\"Sponsors\",\"item\":\"https:\\\/\\\/polschool.com\\\/en\\\/sponsors\\\/\"},{\"@type\":\"ListItem\",\"position\":3,\"name\":\"PRCUA &#8211; ZPRKA\"}]},{\"@type\":\"WebSite\",\"@id\":\"https:\\\/\\\/www.polschool.com\\\/en\\\/#website\",\"url\":\"https:\\\/\\\/www.polschool.com\\\/en\\\/\",\"name\":\"Polska Szko\u0142a w Lemont\",\"description\":\"im. \u015bw. Jana Paw\u0142a II\",\"potentialAction\":[{\"@type\":\"SearchAction\",\"target\":{\"@type\":\"EntryPoint\",\"urlTemplate\":\"https:\\\/\\\/www.polschool.com\\\/en\\\/?s={search_term_string}\"},\"query-input\":{\"@type\":\"PropertyValueSpecification\",\"valueRequired\":true,\"valueName\":\"search_term_string\"}}],\"inLanguage\":\"en-US\"}]}<\/script>\n<!-- \/ Yoast SEO plugin. -->","yoast_head_json":{"title":"PRCUA - ZPRKA - Polska Szko\u0142a w Lemont","description":"Polska Szkola Lemont","robots":{"index":"index","follow":"follow","max-snippet":"max-snippet:-1","max-image-preview":"max-image-preview:large","max-video-preview":"max-video-preview:-1"},"canonical":"https:\/\/polschool.com\/en\/sponsors\/prcua\/","og_locale":"en_US","og_type":"article","og_title":"PRCUA - ZPRKA - Polska Szko\u0142a w Lemont","og_description":"Polska Szkola Lemont","og_url":"https:\/\/polschool.com\/en\/sponsors\/prcua\/","og_site_name":"Polska Szko\u0142a w Lemont","article_publisher":"https:\/\/www.facebook.com\/pages\/category\/Elementary-School\/John-Paul-II-Polish-School-Polska-Szkola-im-Jana-Pawla-II-195616273803039\/","article_modified_time":"2025-08-13T00:04:25+00:00","og_image":[{"width":220,"height":229,"url":"https:\/\/polschool.com\/wp-content\/uploads\/2015\/04\/Unknown.jpeg","type":"image\/jpeg"}],"twitter_card":"summary_large_image","twitter_misc":{"Est. reading time":"2 minutes"},"schema":{"@context":"https:\/\/schema.org","@graph":[{"@type":"WebPage","@id":"https:\/\/polschool.com\/en\/sponsors\/prcua\/","url":"https:\/\/polschool.com\/en\/sponsors\/prcua\/","name":"PRCUA - ZPRKA - Polska Szko\u0142a w Lemont","isPartOf":{"@id":"https:\/\/www.polschool.com\/en\/#website"},"primaryImageOfPage":{"@id":"https:\/\/polschool.com\/en\/sponsors\/prcua\/#primaryimage"},"image":{"@id":"https:\/\/polschool.com\/en\/sponsors\/prcua\/#primaryimage"},"thumbnailUrl":"https:\/\/polschool.com\/wp-content\/uploads\/2015\/04\/Unknown.jpeg","datePublished":"2015-06-22T22:02:19+00:00","dateModified":"2025-08-13T00:04:25+00:00","description":"Polska Szkola Lemont","breadcrumb":{"@id":"https:\/\/polschool.com\/en\/sponsors\/prcua\/#breadcrumb"},"inLanguage":"en-US","potentialAction":[{"@type":"ReadAction","target":["https:\/\/polschool.com\/en\/sponsors\/prcua\/"]}]},{"@type":"ImageObject","inLanguage":"en-US","@id":"https:\/\/polschool.com\/en\/sponsors\/prcua\/#primaryimage","url":"https:\/\/polschool.com\/wp-content\/uploads\/2015\/04\/Unknown.jpeg","contentUrl":"https:\/\/polschool.com\/wp-content\/uploads\/2015\/04\/Unknown.jpeg"},{"@type":"BreadcrumbList","@id":"https:\/\/polschool.com\/en\/sponsors\/prcua\/#breadcrumb","itemListElement":[{"@type":"ListItem","position":1,"name":"Home","item":"https:\/\/polschool.com\/en\/"},{"@type":"ListItem","position":2,"name":"Sponsors","item":"https:\/\/polschool.com\/en\/sponsors\/"},{"@type":"ListItem","position":3,"name":"PRCUA &#8211; ZPRKA"}]},{"@type":"WebSite","@id":"https:\/\/www.polschool.com\/en\/#website","url":"https:\/\/www.polschool.com\/en\/","name":"Polska Szko\u0142a w Lemont","description":"im. \u015bw. Jana Paw\u0142a II","potentialAction":[{"@type":"SearchAction","target":{"@type":"EntryPoint","urlTemplate":"https:\/\/www.polschool.com\/en\/?s={search_term_string}"},"query-input":{"@type":"PropertyValueSpecification","valueRequired":true,"valueName":"search_term_string"}}],"inLanguage":"en-US"}]}},"_links":{"self":[{"href":"https:\/\/polschool.com\/en\/wp-json\/wp\/v2\/pages\/15236","targetHints":{"allow":["GET"]}}],"collection":[{"href":"https:\/\/polschool.com\/en\/wp-json\/wp\/v2\/pages"}],"about":[{"href":"https:\/\/polschool.com\/en\/wp-json\/wp\/v2\/types\/page"}],"author":[{"embeddable":true,"href":"https:\/\/polschool.com\/en\/wp-json\/wp\/v2\/users\/11"}],"replies":[{"embeddable":true,"href":"https:\/\/polschool.com\/en\/wp-json\/wp\/v2\/comments?post=15236"}],"version-history":[{"count":4,"href":"https:\/\/polschool.com\/en\/wp-json\/wp\/v2\/pages\/15236\/revisions"}],"predecessor-version":[{"id":16049,"href":"https:\/\/polschool.com\/en\/wp-json\/wp\/v2\/pages\/15236\/revisions\/16049"}],"up":[{"embeddable":true,"href":"https:\/\/polschool.com\/en\/wp-json\/wp\/v2\/pages\/4214"}],"wp:attachment":[{"href":"https:\/\/polschool.com\/en\/wp-json\/wp\/v2\/media?parent=15236"}],"curies":[{"name":"wp","href":"https:\/\/api.w.org\/{rel}","templated":true}]}}