{"id":13575,"date":"2022-05-15T21:00:16","date_gmt":"2022-05-16T02:00:16","guid":{"rendered":"https:\/\/www.polschool.com\/?page_id=13575"},"modified":"2025-01-07T15:17:36","modified_gmt":"2025-01-07T21:17:36","slug":"ms-halina-szyrzyna","status":"publish","type":"page","link":"https:\/\/polschool.com\/en\/ms-halina-szyrzyna\/","title":{"rendered":"Ms. Halina Szyrzyna"},"content":{"rendered":"<p><span class=\"VIiyi\" lang=\"en\"><span class=\"JLqJ4b ChMk0b\" data-language-for-alternatives=\"en\" data-language-to-translate-into=\"pl\" data-phrase-index=\"0\" data-number-of-phrases=\"12\"><span class=\"Q4iAWc\"><img decoding=\"async\" class=\"alignleft\" src=\"https:\/\/polschool.com\/wp-content\/uploads\/2020\/01\/HSzyrzyna.jpg\" alt=\"\" width=\"100\" \/>I come from Silesia.<\/span><\/span> <span class=\"JLqJ4b ChMk0b\" data-language-for-alternatives=\"en\" data-language-to-translate-into=\"pl\" data-phrase-index=\"1\" data-number-of-phrases=\"12\"><span class=\"Q4iAWc\">I am a graduate of the Faculty of Philology at the University of Silesia in Katowice.<\/span><\/span> <\/span><\/p>\n<p><span class=\"VIiyi\" lang=\"en\"><span class=\"JLqJ4b ChMk0b\" data-language-for-alternatives=\"en\" data-language-to-translate-into=\"pl\" data-phrase-index=\"3\" data-number-of-phrases=\"12\"><span class=\"Q4iAWc\">I have been working at St. John Paul II Polish School<\/span><\/span><span class=\"JLqJ4b ChMk0b\" data-language-for-alternatives=\"en\" data-language-to-translate-into=\"pl\" data-phrase-index=\"5\" data-number-of-phrases=\"12\"><span class=\"Q4iAWc\"> for a very long time.<\/span><\/span> <\/span><\/p>\n<p><span class=\"VIiyi\" lang=\"en\"><span class=\"JLqJ4b ChMk0b\" data-language-for-alternatives=\"en\" data-language-to-translate-into=\"pl\" data-phrase-index=\"7\" data-number-of-phrases=\"12\"><span class=\"Q4iAWc\">Working with children and teenagers is my passion and love.<\/span><\/span> <span class=\"JLqJ4b ChMk0b\" data-language-for-alternatives=\"en\" data-language-to-translate-into=\"pl\" data-phrase-index=\"8\" data-number-of-phrases=\"12\"><span class=\"Q4iAWc\">I never understood the saying &#8220;may you teach other people&#8217;s children.&#8221;<\/span><\/span> <span class=\"JLqJ4b ChMk0b\" data-language-for-alternatives=\"en\" data-language-to-translate-into=\"pl\" data-phrase-index=\"9\" data-number-of-phrases=\"12\"><span class=\"Q4iAWc\">For me, the teaching profession is a great duty and responsibility, but also great satisfaction.<\/span><\/span> <\/span><\/p>\n<p><span class=\"VIiyi\" lang=\"en\"><span class=\"JLqJ4b ChMk0b\" data-language-for-alternatives=\"en\" data-language-to-translate-into=\"pl\" data-phrase-index=\"11\" data-number-of-phrases=\"12\"><span class=\"Q4iAWc\">Privately, I like to travel, cook, and spend time with my family.<\/span><\/span><\/span><\/p>\n","protected":false},"excerpt":{"rendered":"<p>I come from Silesia. I am a graduate of the Faculty of Philology at the University of Silesia in Katowice. I have been working at St. John Paul II Polish School for a very long time. Working with children and teenagers is my passion and love. I never understood the saying &#8220;may you teach other &hellip; <\/p>\n<p><a class=\"more-link btn\" href=\"https:\/\/polschool.com\/en\/ms-halina-szyrzyna\/\">Continue reading<\/a><\/p>\n","protected":false},"author":8,"featured_media":0,"parent":0,"menu_order":0,"comment_status":"closed","ping_status":"closed","template":"","meta":{"footnotes":""},"class_list":["post-13575","page","type-page","status-publish","hentry","nodate","item-wrap"],"yoast_head":"<!-- This site is optimized with the Yoast SEO plugin v27.5 - https:\/\/yoast.com\/product\/yoast-seo-wordpress\/ -->\n<title>Ms. Halina Szyrzyna - Polska Szko\u0142a w Lemont<\/title>\n<meta name=\"description\" content=\"Polska Szkola Lemont\" \/>\n<meta name=\"robots\" content=\"index, follow, max-snippet:-1, max-image-preview:large, max-video-preview:-1\" \/>\n<link rel=\"canonical\" href=\"https:\/\/polschool.com\/en\/ms-halina-szyrzyna\/\" \/>\n<meta property=\"og:locale\" content=\"en_US\" \/>\n<meta property=\"og:type\" content=\"article\" \/>\n<meta property=\"og:title\" content=\"Ms. Halina Szyrzyna - Polska Szko\u0142a w Lemont\" \/>\n<meta property=\"og:description\" content=\"Polska Szkola Lemont\" \/>\n<meta property=\"og:url\" content=\"https:\/\/polschool.com\/en\/ms-halina-szyrzyna\/\" \/>\n<meta property=\"og:site_name\" content=\"Polska Szko\u0142a w Lemont\" \/>\n<meta property=\"article:publisher\" content=\"https:\/\/www.facebook.com\/pages\/category\/Elementary-School\/John-Paul-II-Polish-School-Polska-Szkola-im-Jana-Pawla-II-195616273803039\/\" \/>\n<meta property=\"article:modified_time\" content=\"2025-01-07T21:17:36+00:00\" \/>\n<meta property=\"og:image\" content=\"https:\/\/polschool.com\/wp-content\/uploads\/2020\/01\/HSzyrzyna.jpg\" \/>\n<meta name=\"twitter:card\" content=\"summary_large_image\" \/>\n<meta name=\"twitter:label1\" content=\"Est. reading time\" \/>\n\t<meta name=\"twitter:data1\" content=\"1 minute\" \/>\n<script type=\"application\/ld+json\" class=\"yoast-schema-graph\">{\"@context\":\"https:\\\/\\\/schema.org\",\"@graph\":[{\"@type\":\"WebPage\",\"@id\":\"https:\\\/\\\/polschool.com\\\/en\\\/ms-halina-szyrzyna\\\/\",\"url\":\"https:\\\/\\\/polschool.com\\\/en\\\/ms-halina-szyrzyna\\\/\",\"name\":\"Ms. Halina Szyrzyna - Polska Szko\u0142a w Lemont\",\"isPartOf\":{\"@id\":\"https:\\\/\\\/www.polschool.com\\\/en\\\/#website\"},\"primaryImageOfPage\":{\"@id\":\"https:\\\/\\\/polschool.com\\\/en\\\/ms-halina-szyrzyna\\\/#primaryimage\"},\"image\":{\"@id\":\"https:\\\/\\\/polschool.com\\\/en\\\/ms-halina-szyrzyna\\\/#primaryimage\"},\"thumbnailUrl\":\"https:\\\/\\\/polschool.com\\\/wp-content\\\/uploads\\\/2020\\\/01\\\/HSzyrzyna.jpg\",\"datePublished\":\"2022-05-16T02:00:16+00:00\",\"dateModified\":\"2025-01-07T21:17:36+00:00\",\"description\":\"Polska Szkola Lemont\",\"breadcrumb\":{\"@id\":\"https:\\\/\\\/polschool.com\\\/en\\\/ms-halina-szyrzyna\\\/#breadcrumb\"},\"inLanguage\":\"en-US\",\"potentialAction\":[{\"@type\":\"ReadAction\",\"target\":[\"https:\\\/\\\/polschool.com\\\/en\\\/ms-halina-szyrzyna\\\/\"]}]},{\"@type\":\"ImageObject\",\"inLanguage\":\"en-US\",\"@id\":\"https:\\\/\\\/polschool.com\\\/en\\\/ms-halina-szyrzyna\\\/#primaryimage\",\"url\":\"https:\\\/\\\/polschool.com\\\/wp-content\\\/uploads\\\/2020\\\/01\\\/HSzyrzyna.jpg\",\"contentUrl\":\"https:\\\/\\\/polschool.com\\\/wp-content\\\/uploads\\\/2020\\\/01\\\/HSzyrzyna.jpg\"},{\"@type\":\"BreadcrumbList\",\"@id\":\"https:\\\/\\\/polschool.com\\\/en\\\/ms-halina-szyrzyna\\\/#breadcrumb\",\"itemListElement\":[{\"@type\":\"ListItem\",\"position\":1,\"name\":\"Home\",\"item\":\"https:\\\/\\\/polschool.com\\\/en\\\/\"},{\"@type\":\"ListItem\",\"position\":2,\"name\":\"Ms. Halina Szyrzyna\"}]},{\"@type\":\"WebSite\",\"@id\":\"https:\\\/\\\/www.polschool.com\\\/en\\\/#website\",\"url\":\"https:\\\/\\\/www.polschool.com\\\/en\\\/\",\"name\":\"Polska Szko\u0142a w Lemont\",\"description\":\"im. \u015bw. Jana Paw\u0142a II\",\"potentialAction\":[{\"@type\":\"SearchAction\",\"target\":{\"@type\":\"EntryPoint\",\"urlTemplate\":\"https:\\\/\\\/www.polschool.com\\\/en\\\/?s={search_term_string}\"},\"query-input\":{\"@type\":\"PropertyValueSpecification\",\"valueRequired\":true,\"valueName\":\"search_term_string\"}}],\"inLanguage\":\"en-US\"}]}<\/script>\n<!-- \/ Yoast SEO plugin. -->","yoast_head_json":{"title":"Ms. Halina Szyrzyna - Polska Szko\u0142a w Lemont","description":"Polska Szkola Lemont","robots":{"index":"index","follow":"follow","max-snippet":"max-snippet:-1","max-image-preview":"max-image-preview:large","max-video-preview":"max-video-preview:-1"},"canonical":"https:\/\/polschool.com\/en\/ms-halina-szyrzyna\/","og_locale":"en_US","og_type":"article","og_title":"Ms. Halina Szyrzyna - Polska Szko\u0142a w Lemont","og_description":"Polska Szkola Lemont","og_url":"https:\/\/polschool.com\/en\/ms-halina-szyrzyna\/","og_site_name":"Polska Szko\u0142a w Lemont","article_publisher":"https:\/\/www.facebook.com\/pages\/category\/Elementary-School\/John-Paul-II-Polish-School-Polska-Szkola-im-Jana-Pawla-II-195616273803039\/","article_modified_time":"2025-01-07T21:17:36+00:00","og_image":[{"url":"https:\/\/polschool.com\/wp-content\/uploads\/2020\/01\/HSzyrzyna.jpg","type":"","width":"","height":""}],"twitter_card":"summary_large_image","twitter_misc":{"Est. reading time":"1 minute"},"schema":{"@context":"https:\/\/schema.org","@graph":[{"@type":"WebPage","@id":"https:\/\/polschool.com\/en\/ms-halina-szyrzyna\/","url":"https:\/\/polschool.com\/en\/ms-halina-szyrzyna\/","name":"Ms. Halina Szyrzyna - Polska Szko\u0142a w Lemont","isPartOf":{"@id":"https:\/\/www.polschool.com\/en\/#website"},"primaryImageOfPage":{"@id":"https:\/\/polschool.com\/en\/ms-halina-szyrzyna\/#primaryimage"},"image":{"@id":"https:\/\/polschool.com\/en\/ms-halina-szyrzyna\/#primaryimage"},"thumbnailUrl":"https:\/\/polschool.com\/wp-content\/uploads\/2020\/01\/HSzyrzyna.jpg","datePublished":"2022-05-16T02:00:16+00:00","dateModified":"2025-01-07T21:17:36+00:00","description":"Polska Szkola Lemont","breadcrumb":{"@id":"https:\/\/polschool.com\/en\/ms-halina-szyrzyna\/#breadcrumb"},"inLanguage":"en-US","potentialAction":[{"@type":"ReadAction","target":["https:\/\/polschool.com\/en\/ms-halina-szyrzyna\/"]}]},{"@type":"ImageObject","inLanguage":"en-US","@id":"https:\/\/polschool.com\/en\/ms-halina-szyrzyna\/#primaryimage","url":"https:\/\/polschool.com\/wp-content\/uploads\/2020\/01\/HSzyrzyna.jpg","contentUrl":"https:\/\/polschool.com\/wp-content\/uploads\/2020\/01\/HSzyrzyna.jpg"},{"@type":"BreadcrumbList","@id":"https:\/\/polschool.com\/en\/ms-halina-szyrzyna\/#breadcrumb","itemListElement":[{"@type":"ListItem","position":1,"name":"Home","item":"https:\/\/polschool.com\/en\/"},{"@type":"ListItem","position":2,"name":"Ms. Halina Szyrzyna"}]},{"@type":"WebSite","@id":"https:\/\/www.polschool.com\/en\/#website","url":"https:\/\/www.polschool.com\/en\/","name":"Polska Szko\u0142a w Lemont","description":"im. \u015bw. Jana Paw\u0142a II","potentialAction":[{"@type":"SearchAction","target":{"@type":"EntryPoint","urlTemplate":"https:\/\/www.polschool.com\/en\/?s={search_term_string}"},"query-input":{"@type":"PropertyValueSpecification","valueRequired":true,"valueName":"search_term_string"}}],"inLanguage":"en-US"}]}},"_links":{"self":[{"href":"https:\/\/polschool.com\/en\/wp-json\/wp\/v2\/pages\/13575","targetHints":{"allow":["GET"]}}],"collection":[{"href":"https:\/\/polschool.com\/en\/wp-json\/wp\/v2\/pages"}],"about":[{"href":"https:\/\/polschool.com\/en\/wp-json\/wp\/v2\/types\/page"}],"author":[{"embeddable":true,"href":"https:\/\/polschool.com\/en\/wp-json\/wp\/v2\/users\/8"}],"replies":[{"embeddable":true,"href":"https:\/\/polschool.com\/en\/wp-json\/wp\/v2\/comments?post=13575"}],"version-history":[{"count":3,"href":"https:\/\/polschool.com\/en\/wp-json\/wp\/v2\/pages\/13575\/revisions"}],"predecessor-version":[{"id":15603,"href":"https:\/\/polschool.com\/en\/wp-json\/wp\/v2\/pages\/13575\/revisions\/15603"}],"wp:attachment":[{"href":"https:\/\/polschool.com\/en\/wp-json\/wp\/v2\/media?parent=13575"}],"curies":[{"name":"wp","href":"https:\/\/api.w.org\/{rel}","templated":true}]}}