{"id":13501,"date":"2022-04-20T20:41:22","date_gmt":"2022-04-21T01:41:22","guid":{"rendered":"https:\/\/www.polschool.com\/?page_id=13501"},"modified":"2022-04-20T20:43:09","modified_gmt":"2022-04-21T01:43:09","slug":"new-enrollment-2022-23","status":"publish","type":"page","link":"https:\/\/polschool.com\/en\/new-enrollment-2022-23\/","title":{"rendered":"New Enrollment 2022-23"},"content":{"rendered":"<p style=\"text-align: left;\" align=\"center\"><span style=\"color: #800000;\"><strong><img loading=\"lazy\" decoding=\"async\" class=\"alignright size-full wp-image-8470\" src=\"https:\/\/polschool.com\/wp-content\/uploads\/2022\/04\/dzieci-w-szkole02.jpg\" alt=\"\" width=\"267\" height=\"189\" \/><\/strong><\/span><\/p>\n<p style=\"text-align: left;\">Dear Parents,<\/p>\n<p style=\"text-align: left;\">The School Board, Principal, and Teaching Staff cordially invite you to enroll your children in our Polish School. Registration can be done by printing a form, which can be downloaded by clicking on the link<\/p>\n<p><span style=\"color: #ff0000;\"><a href=\"https:\/\/polschool.com\/wp-content\/uploads\/2022\/04\/Formularz-Rejestracyjny-2022-23.pdf\"><span style=\"color: #0000ff;\">Registration Form 2022-23 (link)<\/span><\/a><\/span><\/p>\n<p style=\"text-align: left;\">and sent to the following address:<\/p>\n<p style=\"text-align: left;\">St. John Paul II Polish School<\/p>\n<p style=\"text-align: left;\">608 Sobieski St., Lemont, IL 60439<\/p>\n<p style=\"text-align: left;\">or enroll your child (children) personally. We will have sign-ups every Friday and Saturday, starting from this Friday, April 22nd and Saturday, April 23rd, until the last day of school May 20th and 21st. The Board will be waiting in the school building.<\/p>\n<p style=\"text-align: left;\">Please do not wait until the last moment with the registration. Earlier registration will help us plan the new school year better.<\/p>\n<p style=\"text-align: left;\">Thank you and we hope to see you,<\/p>\n<p style=\"text-align: left;\">School Board, Principal, and Teachers<\/p>\n","protected":false},"excerpt":{"rendered":"<p>Dear Parents, The School Board, Principal, and Teaching Staff cordially invite you to enroll your children in our Polish School. Registration can be done by printing a form, which can be downloaded by clicking on the link Registration Form 2022-23 (link) and sent to the following address: St. John Paul II Polish School 608 Sobieski &hellip; <\/p>\n<p><a class=\"more-link btn\" href=\"https:\/\/polschool.com\/en\/new-enrollment-2022-23\/\">Continue reading<\/a><\/p>\n","protected":false},"author":8,"featured_media":0,"parent":0,"menu_order":0,"comment_status":"closed","ping_status":"closed","template":"","meta":{"footnotes":""},"class_list":["post-13501","page","type-page","status-publish","hentry","nodate","item-wrap"],"yoast_head":"<!-- This site is optimized with the Yoast SEO plugin v27.5 - https:\/\/yoast.com\/product\/yoast-seo-wordpress\/ -->\n<title>New Enrollment 2022-23 - Polska Szko\u0142a w Lemont<\/title>\n<meta name=\"description\" content=\"Polska Szkola Lemont\" \/>\n<meta name=\"robots\" content=\"index, follow, max-snippet:-1, max-image-preview:large, max-video-preview:-1\" \/>\n<link rel=\"canonical\" href=\"https:\/\/polschool.com\/en\/new-enrollment-2022-23\/\" \/>\n<meta property=\"og:locale\" content=\"en_US\" \/>\n<meta property=\"og:type\" content=\"article\" \/>\n<meta property=\"og:title\" content=\"New Enrollment 2022-23 - Polska Szko\u0142a w Lemont\" \/>\n<meta property=\"og:description\" content=\"Polska Szkola Lemont\" \/>\n<meta property=\"og:url\" content=\"https:\/\/polschool.com\/en\/new-enrollment-2022-23\/\" \/>\n<meta property=\"og:site_name\" content=\"Polska Szko\u0142a w Lemont\" \/>\n<meta property=\"article:publisher\" content=\"https:\/\/www.facebook.com\/pages\/category\/Elementary-School\/John-Paul-II-Polish-School-Polska-Szkola-im-Jana-Pawla-II-195616273803039\/\" \/>\n<meta property=\"article:modified_time\" content=\"2022-04-21T01:43:09+00:00\" \/>\n<meta property=\"og:image\" content=\"https:\/\/polschool.com\/wp-content\/uploads\/2022\/04\/dzieci-w-szkole02.jpg\" \/>\n<meta name=\"twitter:card\" content=\"summary_large_image\" \/>\n<meta name=\"twitter:label1\" content=\"Est. reading time\" \/>\n\t<meta name=\"twitter:data1\" content=\"1 minute\" \/>\n<script type=\"application\/ld+json\" class=\"yoast-schema-graph\">{\"@context\":\"https:\\\/\\\/schema.org\",\"@graph\":[{\"@type\":\"WebPage\",\"@id\":\"https:\\\/\\\/polschool.com\\\/en\\\/new-enrollment-2022-23\\\/\",\"url\":\"https:\\\/\\\/polschool.com\\\/en\\\/new-enrollment-2022-23\\\/\",\"name\":\"New Enrollment 2022-23 - Polska Szko\u0142a w Lemont\",\"isPartOf\":{\"@id\":\"https:\\\/\\\/www.polschool.com\\\/en\\\/#website\"},\"primaryImageOfPage\":{\"@id\":\"https:\\\/\\\/polschool.com\\\/en\\\/new-enrollment-2022-23\\\/#primaryimage\"},\"image\":{\"@id\":\"https:\\\/\\\/polschool.com\\\/en\\\/new-enrollment-2022-23\\\/#primaryimage\"},\"thumbnailUrl\":\"https:\\\/\\\/polschool.com\\\/wp-content\\\/uploads\\\/2022\\\/04\\\/dzieci-w-szkole02.jpg\",\"datePublished\":\"2022-04-21T01:41:22+00:00\",\"dateModified\":\"2022-04-21T01:43:09+00:00\",\"description\":\"Polska Szkola Lemont\",\"breadcrumb\":{\"@id\":\"https:\\\/\\\/polschool.com\\\/en\\\/new-enrollment-2022-23\\\/#breadcrumb\"},\"inLanguage\":\"en-US\",\"potentialAction\":[{\"@type\":\"ReadAction\",\"target\":[\"https:\\\/\\\/polschool.com\\\/en\\\/new-enrollment-2022-23\\\/\"]}]},{\"@type\":\"ImageObject\",\"inLanguage\":\"en-US\",\"@id\":\"https:\\\/\\\/polschool.com\\\/en\\\/new-enrollment-2022-23\\\/#primaryimage\",\"url\":\"https:\\\/\\\/polschool.com\\\/wp-content\\\/uploads\\\/2022\\\/04\\\/dzieci-w-szkole02.jpg\",\"contentUrl\":\"https:\\\/\\\/polschool.com\\\/wp-content\\\/uploads\\\/2022\\\/04\\\/dzieci-w-szkole02.jpg\"},{\"@type\":\"BreadcrumbList\",\"@id\":\"https:\\\/\\\/polschool.com\\\/en\\\/new-enrollment-2022-23\\\/#breadcrumb\",\"itemListElement\":[{\"@type\":\"ListItem\",\"position\":1,\"name\":\"Home\",\"item\":\"https:\\\/\\\/polschool.com\\\/en\\\/\"},{\"@type\":\"ListItem\",\"position\":2,\"name\":\"New Enrollment 2022-23\"}]},{\"@type\":\"WebSite\",\"@id\":\"https:\\\/\\\/www.polschool.com\\\/en\\\/#website\",\"url\":\"https:\\\/\\\/www.polschool.com\\\/en\\\/\",\"name\":\"Polska Szko\u0142a w Lemont\",\"description\":\"im. \u015bw. Jana Paw\u0142a II\",\"potentialAction\":[{\"@type\":\"SearchAction\",\"target\":{\"@type\":\"EntryPoint\",\"urlTemplate\":\"https:\\\/\\\/www.polschool.com\\\/en\\\/?s={search_term_string}\"},\"query-input\":{\"@type\":\"PropertyValueSpecification\",\"valueRequired\":true,\"valueName\":\"search_term_string\"}}],\"inLanguage\":\"en-US\"}]}<\/script>\n<!-- \/ Yoast SEO plugin. -->","yoast_head_json":{"title":"New Enrollment 2022-23 - Polska Szko\u0142a w Lemont","description":"Polska Szkola Lemont","robots":{"index":"index","follow":"follow","max-snippet":"max-snippet:-1","max-image-preview":"max-image-preview:large","max-video-preview":"max-video-preview:-1"},"canonical":"https:\/\/polschool.com\/en\/new-enrollment-2022-23\/","og_locale":"en_US","og_type":"article","og_title":"New Enrollment 2022-23 - Polska Szko\u0142a w Lemont","og_description":"Polska Szkola Lemont","og_url":"https:\/\/polschool.com\/en\/new-enrollment-2022-23\/","og_site_name":"Polska Szko\u0142a w Lemont","article_publisher":"https:\/\/www.facebook.com\/pages\/category\/Elementary-School\/John-Paul-II-Polish-School-Polska-Szkola-im-Jana-Pawla-II-195616273803039\/","article_modified_time":"2022-04-21T01:43:09+00:00","og_image":[{"url":"https:\/\/polschool.com\/wp-content\/uploads\/2022\/04\/dzieci-w-szkole02.jpg","type":"","width":"","height":""}],"twitter_card":"summary_large_image","twitter_misc":{"Est. reading time":"1 minute"},"schema":{"@context":"https:\/\/schema.org","@graph":[{"@type":"WebPage","@id":"https:\/\/polschool.com\/en\/new-enrollment-2022-23\/","url":"https:\/\/polschool.com\/en\/new-enrollment-2022-23\/","name":"New Enrollment 2022-23 - Polska Szko\u0142a w Lemont","isPartOf":{"@id":"https:\/\/www.polschool.com\/en\/#website"},"primaryImageOfPage":{"@id":"https:\/\/polschool.com\/en\/new-enrollment-2022-23\/#primaryimage"},"image":{"@id":"https:\/\/polschool.com\/en\/new-enrollment-2022-23\/#primaryimage"},"thumbnailUrl":"https:\/\/polschool.com\/wp-content\/uploads\/2022\/04\/dzieci-w-szkole02.jpg","datePublished":"2022-04-21T01:41:22+00:00","dateModified":"2022-04-21T01:43:09+00:00","description":"Polska Szkola Lemont","breadcrumb":{"@id":"https:\/\/polschool.com\/en\/new-enrollment-2022-23\/#breadcrumb"},"inLanguage":"en-US","potentialAction":[{"@type":"ReadAction","target":["https:\/\/polschool.com\/en\/new-enrollment-2022-23\/"]}]},{"@type":"ImageObject","inLanguage":"en-US","@id":"https:\/\/polschool.com\/en\/new-enrollment-2022-23\/#primaryimage","url":"https:\/\/polschool.com\/wp-content\/uploads\/2022\/04\/dzieci-w-szkole02.jpg","contentUrl":"https:\/\/polschool.com\/wp-content\/uploads\/2022\/04\/dzieci-w-szkole02.jpg"},{"@type":"BreadcrumbList","@id":"https:\/\/polschool.com\/en\/new-enrollment-2022-23\/#breadcrumb","itemListElement":[{"@type":"ListItem","position":1,"name":"Home","item":"https:\/\/polschool.com\/en\/"},{"@type":"ListItem","position":2,"name":"New Enrollment 2022-23"}]},{"@type":"WebSite","@id":"https:\/\/www.polschool.com\/en\/#website","url":"https:\/\/www.polschool.com\/en\/","name":"Polska Szko\u0142a w Lemont","description":"im. \u015bw. Jana Paw\u0142a II","potentialAction":[{"@type":"SearchAction","target":{"@type":"EntryPoint","urlTemplate":"https:\/\/www.polschool.com\/en\/?s={search_term_string}"},"query-input":{"@type":"PropertyValueSpecification","valueRequired":true,"valueName":"search_term_string"}}],"inLanguage":"en-US"}]}},"_links":{"self":[{"href":"https:\/\/polschool.com\/en\/wp-json\/wp\/v2\/pages\/13501","targetHints":{"allow":["GET"]}}],"collection":[{"href":"https:\/\/polschool.com\/en\/wp-json\/wp\/v2\/pages"}],"about":[{"href":"https:\/\/polschool.com\/en\/wp-json\/wp\/v2\/types\/page"}],"author":[{"embeddable":true,"href":"https:\/\/polschool.com\/en\/wp-json\/wp\/v2\/users\/8"}],"replies":[{"embeddable":true,"href":"https:\/\/polschool.com\/en\/wp-json\/wp\/v2\/comments?post=13501"}],"version-history":[{"count":0,"href":"https:\/\/polschool.com\/en\/wp-json\/wp\/v2\/pages\/13501\/revisions"}],"wp:attachment":[{"href":"https:\/\/polschool.com\/en\/wp-json\/wp\/v2\/media?parent=13501"}],"curies":[{"name":"wp","href":"https:\/\/api.w.org\/{rel}","templated":true}]}}