{"id":13300,"date":"2021-12-07T18:19:49","date_gmt":"2021-12-08T00:19:49","guid":{"rendered":"https:\/\/www.polschool.com\/?page_id=13300"},"modified":"2021-12-07T18:24:42","modified_gmt":"2021-12-08T00:24:42","slug":"pani-malgorzata-radzik","status":"publish","type":"page","link":"https:\/\/polschool.com\/en\/pani-malgorzata-radzik\/","title":{"rendered":"Pani Ma\u0142gorzata Radzik"},"content":{"rendered":"<p>Pochodz\u0119 z Ostrowa Wielkopolskiego. Jestem absolwentk\u0105 Uniwersytetu Wroc\u0142awskiego (uko\u0144czone studia magisterskie) oraz Uniwersytetu Pozna\u0144skiego (uko\u0144czone studia podyplomowe). W Polsce pracowa\u0142am w szkole przez 20 lat. W Polskiej Szkole \u015bw. Jana Pawla II pracuj\u0119 od 2005 roku. Praca z dzie\u0107mi jest dla mnie spe\u0142nieniem.<\/p>\n<p>Znak zodiaku: Bli\u017ani\u0119ta<\/p>\n<p>Moje pasje: Prace artystyczne, manualne, np. dzierganie, wycinanie, malowanie, itp.<\/p>\n<p>Ulubione motto: <strong><em>\u201ePokora i delikatno\u015b\u0107 nie s\u0105 cnotami ludzi s\u0142abych, lecz mocnych, kt\u00f3rzy nie potrzebuj\u0105 \u017ale traktowa\u0107 innych, by czu\u0107 si\u0119 wa\u017cnymi\u201d <\/em><\/strong><em>(Papie\u017c Franciszek)<\/em><\/p>\n","protected":false},"excerpt":{"rendered":"<p>Pochodz\u0119 z Ostrowa Wielkopolskiego. Jestem absolwentk\u0105 Uniwersytetu Wroc\u0142awskiego (uko\u0144czone studia magisterskie) oraz Uniwersytetu Pozna\u0144skiego (uko\u0144czone studia podyplomowe). W Polsce pracowa\u0142am w szkole przez 20 lat. W Polskiej Szkole \u015bw. Jana Pawla II pracuj\u0119 od 2005 roku. Praca z dzie\u0107mi jest dla mnie spe\u0142nieniem. Znak zodiaku: Bli\u017ani\u0119ta Moje pasje: Prace artystyczne, manualne, np. dzierganie, wycinanie, malowanie, &hellip; <\/p>\n<p><a class=\"more-link btn\" href=\"https:\/\/polschool.com\/en\/pani-malgorzata-radzik\/\">Continue reading<\/a><\/p>\n","protected":false},"author":8,"featured_media":0,"parent":0,"menu_order":1,"comment_status":"closed","ping_status":"closed","template":"","meta":{"footnotes":""},"class_list":["post-13300","page","type-page","status-publish","hentry","nodate","item-wrap"],"yoast_head":"<!-- This site is optimized with the Yoast SEO plugin v27.5 - https:\/\/yoast.com\/product\/yoast-seo-wordpress\/ -->\n<title>Pani Ma\u0142gorzata Radzik - Polska Szko\u0142a w Lemont<\/title>\n<meta name=\"description\" content=\"Polska Szkola Lemont\" \/>\n<meta name=\"robots\" content=\"index, follow, max-snippet:-1, max-image-preview:large, max-video-preview:-1\" \/>\n<link rel=\"canonical\" href=\"https:\/\/polschool.com\/en\/pani-malgorzata-radzik\/\" \/>\n<meta property=\"og:locale\" content=\"en_US\" \/>\n<meta property=\"og:type\" content=\"article\" \/>\n<meta property=\"og:title\" content=\"Pani Ma\u0142gorzata Radzik - Polska Szko\u0142a w Lemont\" \/>\n<meta property=\"og:description\" content=\"Polska Szkola Lemont\" \/>\n<meta property=\"og:url\" content=\"https:\/\/polschool.com\/en\/pani-malgorzata-radzik\/\" \/>\n<meta property=\"og:site_name\" content=\"Polska Szko\u0142a w Lemont\" \/>\n<meta property=\"article:publisher\" content=\"https:\/\/www.facebook.com\/pages\/category\/Elementary-School\/John-Paul-II-Polish-School-Polska-Szkola-im-Jana-Pawla-II-195616273803039\/\" \/>\n<meta property=\"article:modified_time\" content=\"2021-12-08T00:24:42+00:00\" \/>\n<meta name=\"twitter:card\" content=\"summary_large_image\" \/>\n<script type=\"application\/ld+json\" class=\"yoast-schema-graph\">{\"@context\":\"https:\\\/\\\/schema.org\",\"@graph\":[{\"@type\":\"WebPage\",\"@id\":\"https:\\\/\\\/polschool.com\\\/en\\\/pani-malgorzata-radzik\\\/\",\"url\":\"https:\\\/\\\/polschool.com\\\/en\\\/pani-malgorzata-radzik\\\/\",\"name\":\"Pani Ma\u0142gorzata Radzik - Polska Szko\u0142a w Lemont\",\"isPartOf\":{\"@id\":\"https:\\\/\\\/www.polschool.com\\\/en\\\/#website\"},\"datePublished\":\"2021-12-08T00:19:49+00:00\",\"dateModified\":\"2021-12-08T00:24:42+00:00\",\"description\":\"Polska Szkola Lemont\",\"breadcrumb\":{\"@id\":\"https:\\\/\\\/polschool.com\\\/en\\\/pani-malgorzata-radzik\\\/#breadcrumb\"},\"inLanguage\":\"en-US\",\"potentialAction\":[{\"@type\":\"ReadAction\",\"target\":[\"https:\\\/\\\/polschool.com\\\/en\\\/pani-malgorzata-radzik\\\/\"]}]},{\"@type\":\"BreadcrumbList\",\"@id\":\"https:\\\/\\\/polschool.com\\\/en\\\/pani-malgorzata-radzik\\\/#breadcrumb\",\"itemListElement\":[{\"@type\":\"ListItem\",\"position\":1,\"name\":\"Home\",\"item\":\"https:\\\/\\\/polschool.com\\\/en\\\/\"},{\"@type\":\"ListItem\",\"position\":2,\"name\":\"Pani Ma\u0142gorzata Radzik\"}]},{\"@type\":\"WebSite\",\"@id\":\"https:\\\/\\\/www.polschool.com\\\/en\\\/#website\",\"url\":\"https:\\\/\\\/www.polschool.com\\\/en\\\/\",\"name\":\"Polska Szko\u0142a w Lemont\",\"description\":\"im. \u015bw. Jana Paw\u0142a II\",\"potentialAction\":[{\"@type\":\"SearchAction\",\"target\":{\"@type\":\"EntryPoint\",\"urlTemplate\":\"https:\\\/\\\/www.polschool.com\\\/en\\\/?s={search_term_string}\"},\"query-input\":{\"@type\":\"PropertyValueSpecification\",\"valueRequired\":true,\"valueName\":\"search_term_string\"}}],\"inLanguage\":\"en-US\"}]}<\/script>\n<!-- \/ Yoast SEO plugin. -->","yoast_head_json":{"title":"Pani Ma\u0142gorzata Radzik - Polska Szko\u0142a w Lemont","description":"Polska Szkola Lemont","robots":{"index":"index","follow":"follow","max-snippet":"max-snippet:-1","max-image-preview":"max-image-preview:large","max-video-preview":"max-video-preview:-1"},"canonical":"https:\/\/polschool.com\/en\/pani-malgorzata-radzik\/","og_locale":"en_US","og_type":"article","og_title":"Pani Ma\u0142gorzata Radzik - Polska Szko\u0142a w Lemont","og_description":"Polska Szkola Lemont","og_url":"https:\/\/polschool.com\/en\/pani-malgorzata-radzik\/","og_site_name":"Polska Szko\u0142a w Lemont","article_publisher":"https:\/\/www.facebook.com\/pages\/category\/Elementary-School\/John-Paul-II-Polish-School-Polska-Szkola-im-Jana-Pawla-II-195616273803039\/","article_modified_time":"2021-12-08T00:24:42+00:00","twitter_card":"summary_large_image","schema":{"@context":"https:\/\/schema.org","@graph":[{"@type":"WebPage","@id":"https:\/\/polschool.com\/en\/pani-malgorzata-radzik\/","url":"https:\/\/polschool.com\/en\/pani-malgorzata-radzik\/","name":"Pani Ma\u0142gorzata Radzik - Polska Szko\u0142a w Lemont","isPartOf":{"@id":"https:\/\/www.polschool.com\/en\/#website"},"datePublished":"2021-12-08T00:19:49+00:00","dateModified":"2021-12-08T00:24:42+00:00","description":"Polska Szkola Lemont","breadcrumb":{"@id":"https:\/\/polschool.com\/en\/pani-malgorzata-radzik\/#breadcrumb"},"inLanguage":"en-US","potentialAction":[{"@type":"ReadAction","target":["https:\/\/polschool.com\/en\/pani-malgorzata-radzik\/"]}]},{"@type":"BreadcrumbList","@id":"https:\/\/polschool.com\/en\/pani-malgorzata-radzik\/#breadcrumb","itemListElement":[{"@type":"ListItem","position":1,"name":"Home","item":"https:\/\/polschool.com\/en\/"},{"@type":"ListItem","position":2,"name":"Pani Ma\u0142gorzata Radzik"}]},{"@type":"WebSite","@id":"https:\/\/www.polschool.com\/en\/#website","url":"https:\/\/www.polschool.com\/en\/","name":"Polska Szko\u0142a w Lemont","description":"im. \u015bw. Jana Paw\u0142a II","potentialAction":[{"@type":"SearchAction","target":{"@type":"EntryPoint","urlTemplate":"https:\/\/www.polschool.com\/en\/?s={search_term_string}"},"query-input":{"@type":"PropertyValueSpecification","valueRequired":true,"valueName":"search_term_string"}}],"inLanguage":"en-US"}]}},"_links":{"self":[{"href":"https:\/\/polschool.com\/en\/wp-json\/wp\/v2\/pages\/13300","targetHints":{"allow":["GET"]}}],"collection":[{"href":"https:\/\/polschool.com\/en\/wp-json\/wp\/v2\/pages"}],"about":[{"href":"https:\/\/polschool.com\/en\/wp-json\/wp\/v2\/types\/page"}],"author":[{"embeddable":true,"href":"https:\/\/polschool.com\/en\/wp-json\/wp\/v2\/users\/8"}],"replies":[{"embeddable":true,"href":"https:\/\/polschool.com\/en\/wp-json\/wp\/v2\/comments?post=13300"}],"version-history":[{"count":0,"href":"https:\/\/polschool.com\/en\/wp-json\/wp\/v2\/pages\/13300\/revisions"}],"wp:attachment":[{"href":"https:\/\/polschool.com\/en\/wp-json\/wp\/v2\/media?parent=13300"}],"curies":[{"name":"wp","href":"https:\/\/api.w.org\/{rel}","templated":true}]}}