{"id":13188,"date":"2021-11-26T15:52:04","date_gmt":"2021-11-26T21:52:04","guid":{"rendered":"https:\/\/www.polschool.com\/?page_id=13188"},"modified":"2021-11-26T15:52:14","modified_gmt":"2021-11-26T21:52:14","slug":"pani-monika-wiecek","status":"publish","type":"page","link":"https:\/\/polschool.com\/en\/pani-monika-wiecek\/","title":{"rendered":"Pani Monika Wi\u0119cek"},"content":{"rendered":"<p>Pochodz\u0119 z Torunia. Jestem absolwentk\u0105 Uniwersytetu\u00a0im. Miko\u0142aja Kopernika w Toruniu oraz Wy\u017cszej Szko\u0142y Bankowej w Toruniu. Od 2015 roku pracuj\u0119 w Polskiej Szkole im. Jana Paw\u0142a II. Praca z dzie\u0107mi\u00a0to dla mnie satysfakcja i samorealizacja.<\/p>\n<p>Znak zodiaku: Skorpion<\/p>\n<p>Moja pasja: italianistyka, historia staro\u017cytna, poezja \u015bpiewana, muzyka klsayczna, p\u0142ywanie, piesze w\u0119dr\u00f3wki<\/p>\n<p>Ulubione motto: <strong><em>\u201c<\/em><\/strong><strong><em>Droga przez las nie jest d\u0142uga je\u015bli kocha si\u0119 osob\u0119, kt\u00f3r\u0105 idzie si\u0119 odwiedzi\u0107.<\/em><\/strong><strong><em>\u201d <\/em><\/strong><\/p>\n","protected":false},"excerpt":{"rendered":"<p>Pochodz\u0119 z Torunia. Jestem absolwentk\u0105 Uniwersytetu\u00a0im. Miko\u0142aja Kopernika w Toruniu oraz Wy\u017cszej Szko\u0142y Bankowej w Toruniu. Od 2015 roku pracuj\u0119 w Polskiej Szkole im. Jana Paw\u0142a II. Praca z dzie\u0107mi\u00a0to dla mnie satysfakcja i samorealizacja. Znak zodiaku: Skorpion Moja pasja: italianistyka, historia staro\u017cytna, poezja \u015bpiewana, muzyka klsayczna, p\u0142ywanie, piesze w\u0119dr\u00f3wki Ulubione motto: \u201cDroga przez las &hellip; <\/p>\n<p><a class=\"more-link btn\" href=\"https:\/\/polschool.com\/en\/pani-monika-wiecek\/\">Continue reading<\/a><\/p>\n","protected":false},"author":8,"featured_media":0,"parent":0,"menu_order":3,"comment_status":"closed","ping_status":"closed","template":"","meta":{"footnotes":""},"class_list":["post-13188","page","type-page","status-publish","hentry","nodate","item-wrap"],"yoast_head":"<!-- This site is optimized with the Yoast SEO plugin v27.5 - https:\/\/yoast.com\/product\/yoast-seo-wordpress\/ -->\n<title>Pani Monika Wi\u0119cek - Polska Szko\u0142a w Lemont<\/title>\n<meta name=\"description\" content=\"Polska Szkola Lemont\" \/>\n<meta name=\"robots\" content=\"index, follow, max-snippet:-1, max-image-preview:large, max-video-preview:-1\" \/>\n<link rel=\"canonical\" href=\"https:\/\/polschool.com\/en\/pani-monika-wiecek\/\" \/>\n<meta property=\"og:locale\" content=\"en_US\" \/>\n<meta property=\"og:type\" content=\"article\" \/>\n<meta property=\"og:title\" content=\"Pani Monika Wi\u0119cek - Polska Szko\u0142a w Lemont\" \/>\n<meta property=\"og:description\" content=\"Polska Szkola Lemont\" \/>\n<meta property=\"og:url\" content=\"https:\/\/polschool.com\/en\/pani-monika-wiecek\/\" \/>\n<meta property=\"og:site_name\" content=\"Polska Szko\u0142a w Lemont\" \/>\n<meta property=\"article:publisher\" content=\"https:\/\/www.facebook.com\/pages\/category\/Elementary-School\/John-Paul-II-Polish-School-Polska-Szkola-im-Jana-Pawla-II-195616273803039\/\" \/>\n<meta property=\"article:modified_time\" content=\"2021-11-26T21:52:14+00:00\" \/>\n<meta name=\"twitter:card\" content=\"summary_large_image\" \/>\n<script type=\"application\/ld+json\" class=\"yoast-schema-graph\">{\"@context\":\"https:\\\/\\\/schema.org\",\"@graph\":[{\"@type\":\"WebPage\",\"@id\":\"https:\\\/\\\/polschool.com\\\/en\\\/pani-monika-wiecek\\\/\",\"url\":\"https:\\\/\\\/polschool.com\\\/en\\\/pani-monika-wiecek\\\/\",\"name\":\"Pani Monika Wi\u0119cek - Polska Szko\u0142a w Lemont\",\"isPartOf\":{\"@id\":\"https:\\\/\\\/www.polschool.com\\\/en\\\/#website\"},\"datePublished\":\"2021-11-26T21:52:04+00:00\",\"dateModified\":\"2021-11-26T21:52:14+00:00\",\"description\":\"Polska Szkola Lemont\",\"breadcrumb\":{\"@id\":\"https:\\\/\\\/polschool.com\\\/en\\\/pani-monika-wiecek\\\/#breadcrumb\"},\"inLanguage\":\"en-US\",\"potentialAction\":[{\"@type\":\"ReadAction\",\"target\":[\"https:\\\/\\\/polschool.com\\\/en\\\/pani-monika-wiecek\\\/\"]}]},{\"@type\":\"BreadcrumbList\",\"@id\":\"https:\\\/\\\/polschool.com\\\/en\\\/pani-monika-wiecek\\\/#breadcrumb\",\"itemListElement\":[{\"@type\":\"ListItem\",\"position\":1,\"name\":\"Home\",\"item\":\"https:\\\/\\\/polschool.com\\\/en\\\/\"},{\"@type\":\"ListItem\",\"position\":2,\"name\":\"Pani Monika Wi\u0119cek\"}]},{\"@type\":\"WebSite\",\"@id\":\"https:\\\/\\\/www.polschool.com\\\/en\\\/#website\",\"url\":\"https:\\\/\\\/www.polschool.com\\\/en\\\/\",\"name\":\"Polska Szko\u0142a w Lemont\",\"description\":\"im. \u015bw. Jana Paw\u0142a II\",\"potentialAction\":[{\"@type\":\"SearchAction\",\"target\":{\"@type\":\"EntryPoint\",\"urlTemplate\":\"https:\\\/\\\/www.polschool.com\\\/en\\\/?s={search_term_string}\"},\"query-input\":{\"@type\":\"PropertyValueSpecification\",\"valueRequired\":true,\"valueName\":\"search_term_string\"}}],\"inLanguage\":\"en-US\"}]}<\/script>\n<!-- \/ Yoast SEO plugin. -->","yoast_head_json":{"title":"Pani Monika Wi\u0119cek - Polska Szko\u0142a w Lemont","description":"Polska Szkola Lemont","robots":{"index":"index","follow":"follow","max-snippet":"max-snippet:-1","max-image-preview":"max-image-preview:large","max-video-preview":"max-video-preview:-1"},"canonical":"https:\/\/polschool.com\/en\/pani-monika-wiecek\/","og_locale":"en_US","og_type":"article","og_title":"Pani Monika Wi\u0119cek - Polska Szko\u0142a w Lemont","og_description":"Polska Szkola Lemont","og_url":"https:\/\/polschool.com\/en\/pani-monika-wiecek\/","og_site_name":"Polska Szko\u0142a w Lemont","article_publisher":"https:\/\/www.facebook.com\/pages\/category\/Elementary-School\/John-Paul-II-Polish-School-Polska-Szkola-im-Jana-Pawla-II-195616273803039\/","article_modified_time":"2021-11-26T21:52:14+00:00","twitter_card":"summary_large_image","schema":{"@context":"https:\/\/schema.org","@graph":[{"@type":"WebPage","@id":"https:\/\/polschool.com\/en\/pani-monika-wiecek\/","url":"https:\/\/polschool.com\/en\/pani-monika-wiecek\/","name":"Pani Monika Wi\u0119cek - Polska Szko\u0142a w Lemont","isPartOf":{"@id":"https:\/\/www.polschool.com\/en\/#website"},"datePublished":"2021-11-26T21:52:04+00:00","dateModified":"2021-11-26T21:52:14+00:00","description":"Polska Szkola Lemont","breadcrumb":{"@id":"https:\/\/polschool.com\/en\/pani-monika-wiecek\/#breadcrumb"},"inLanguage":"en-US","potentialAction":[{"@type":"ReadAction","target":["https:\/\/polschool.com\/en\/pani-monika-wiecek\/"]}]},{"@type":"BreadcrumbList","@id":"https:\/\/polschool.com\/en\/pani-monika-wiecek\/#breadcrumb","itemListElement":[{"@type":"ListItem","position":1,"name":"Home","item":"https:\/\/polschool.com\/en\/"},{"@type":"ListItem","position":2,"name":"Pani Monika Wi\u0119cek"}]},{"@type":"WebSite","@id":"https:\/\/www.polschool.com\/en\/#website","url":"https:\/\/www.polschool.com\/en\/","name":"Polska Szko\u0142a w Lemont","description":"im. \u015bw. Jana Paw\u0142a II","potentialAction":[{"@type":"SearchAction","target":{"@type":"EntryPoint","urlTemplate":"https:\/\/www.polschool.com\/en\/?s={search_term_string}"},"query-input":{"@type":"PropertyValueSpecification","valueRequired":true,"valueName":"search_term_string"}}],"inLanguage":"en-US"}]}},"_links":{"self":[{"href":"https:\/\/polschool.com\/en\/wp-json\/wp\/v2\/pages\/13188","targetHints":{"allow":["GET"]}}],"collection":[{"href":"https:\/\/polschool.com\/en\/wp-json\/wp\/v2\/pages"}],"about":[{"href":"https:\/\/polschool.com\/en\/wp-json\/wp\/v2\/types\/page"}],"author":[{"embeddable":true,"href":"https:\/\/polschool.com\/en\/wp-json\/wp\/v2\/users\/8"}],"replies":[{"embeddable":true,"href":"https:\/\/polschool.com\/en\/wp-json\/wp\/v2\/comments?post=13188"}],"version-history":[{"count":0,"href":"https:\/\/polschool.com\/en\/wp-json\/wp\/v2\/pages\/13188\/revisions"}],"wp:attachment":[{"href":"https:\/\/polschool.com\/en\/wp-json\/wp\/v2\/media?parent=13188"}],"curies":[{"name":"wp","href":"https:\/\/api.w.org\/{rel}","templated":true}]}}