{"id":13176,"date":"2021-11-26T14:55:21","date_gmt":"2021-11-26T20:55:21","guid":{"rendered":"https:\/\/www.polschool.com\/?page_id=13176"},"modified":"2021-11-26T14:55:23","modified_gmt":"2021-11-26T20:55:23","slug":"pani-grazyna-witkowski","status":"publish","type":"page","link":"https:\/\/polschool.com\/en\/pani-grazyna-witkowski\/","title":{"rendered":"Pani Gra\u017cyna Witkowski"},"content":{"rendered":"<p>Jestem absolwentk\u0105 Uniwersytetu Pedagogiki w Krakowie. Pracowa\u0142am w szko\u0142ach polonijnych od 1981roku, a od 1986 roku pracuj\u0119 w Polskiej Szkole im. Jana Paw\u0142a II. Praca z dzie\u0107mi to dla mnie powo\u0142anie. Wiem, \u017ce to wielka odpowiedzialno\u015b\u0107 kszta\u0142towa\u0107 i wychowywa\u0107 powierzone mi ka\u017cde dziecko.<\/p>\n<p>Moja pasja: \u015bpiew, aktorstwo, gotowanie, pieczenie, dietetyka<\/p>\n<p>Ulubione motto: <strong><em>\u201c<\/em><\/strong><strong><em>S\u0142u\u017c drugim tak, jakby\u015b chcia\u0142a, aby tobie s\u0142u\u017cono.<\/em><\/strong><strong><em>\u201d <\/em><\/strong><\/p>\n","protected":false},"excerpt":{"rendered":"<p>Jestem absolwentk\u0105 Uniwersytetu Pedagogiki w Krakowie. Pracowa\u0142am w szko\u0142ach polonijnych od 1981roku, a od 1986 roku pracuj\u0119 w Polskiej Szkole im. Jana Paw\u0142a II. Praca z dzie\u0107mi to dla mnie powo\u0142anie. Wiem, \u017ce to wielka odpowiedzialno\u015b\u0107 kszta\u0142towa\u0107 i wychowywa\u0107 powierzone mi ka\u017cde dziecko. Moja pasja: \u015bpiew, aktorstwo, gotowanie, pieczenie, dietetyka Ulubione motto: \u201cS\u0142u\u017c drugim tak, &hellip; <\/p>\n<p><a class=\"more-link btn\" href=\"https:\/\/polschool.com\/en\/pani-grazyna-witkowski\/\">Continue reading<\/a><\/p>\n","protected":false},"author":8,"featured_media":0,"parent":0,"menu_order":22,"comment_status":"closed","ping_status":"closed","template":"","meta":{"footnotes":""},"class_list":["post-13176","page","type-page","status-publish","hentry","nodate","item-wrap"],"yoast_head":"<!-- This site is optimized with the Yoast SEO plugin v27.5 - https:\/\/yoast.com\/product\/yoast-seo-wordpress\/ -->\n<title>Pani Gra\u017cyna Witkowski - Polska Szko\u0142a w Lemont<\/title>\n<meta name=\"description\" content=\"Polska Szkola Lemont\" \/>\n<meta name=\"robots\" content=\"index, follow, max-snippet:-1, max-image-preview:large, max-video-preview:-1\" \/>\n<link rel=\"canonical\" href=\"https:\/\/polschool.com\/en\/pani-grazyna-witkowski\/\" \/>\n<meta property=\"og:locale\" content=\"en_US\" \/>\n<meta property=\"og:type\" content=\"article\" \/>\n<meta property=\"og:title\" content=\"Pani Gra\u017cyna Witkowski - Polska Szko\u0142a w Lemont\" \/>\n<meta property=\"og:description\" content=\"Polska Szkola Lemont\" \/>\n<meta property=\"og:url\" content=\"https:\/\/polschool.com\/en\/pani-grazyna-witkowski\/\" \/>\n<meta property=\"og:site_name\" content=\"Polska Szko\u0142a w Lemont\" \/>\n<meta property=\"article:publisher\" content=\"https:\/\/www.facebook.com\/pages\/category\/Elementary-School\/John-Paul-II-Polish-School-Polska-Szkola-im-Jana-Pawla-II-195616273803039\/\" \/>\n<meta property=\"article:modified_time\" content=\"2021-11-26T20:55:23+00:00\" \/>\n<meta name=\"twitter:card\" content=\"summary_large_image\" \/>\n<script type=\"application\/ld+json\" class=\"yoast-schema-graph\">{\"@context\":\"https:\\\/\\\/schema.org\",\"@graph\":[{\"@type\":\"WebPage\",\"@id\":\"https:\\\/\\\/polschool.com\\\/en\\\/pani-grazyna-witkowski\\\/\",\"url\":\"https:\\\/\\\/polschool.com\\\/en\\\/pani-grazyna-witkowski\\\/\",\"name\":\"Pani Gra\u017cyna Witkowski - Polska Szko\u0142a w Lemont\",\"isPartOf\":{\"@id\":\"https:\\\/\\\/www.polschool.com\\\/en\\\/#website\"},\"datePublished\":\"2021-11-26T20:55:21+00:00\",\"dateModified\":\"2021-11-26T20:55:23+00:00\",\"description\":\"Polska Szkola Lemont\",\"breadcrumb\":{\"@id\":\"https:\\\/\\\/polschool.com\\\/en\\\/pani-grazyna-witkowski\\\/#breadcrumb\"},\"inLanguage\":\"en-US\",\"potentialAction\":[{\"@type\":\"ReadAction\",\"target\":[\"https:\\\/\\\/polschool.com\\\/en\\\/pani-grazyna-witkowski\\\/\"]}]},{\"@type\":\"BreadcrumbList\",\"@id\":\"https:\\\/\\\/polschool.com\\\/en\\\/pani-grazyna-witkowski\\\/#breadcrumb\",\"itemListElement\":[{\"@type\":\"ListItem\",\"position\":1,\"name\":\"Home\",\"item\":\"https:\\\/\\\/polschool.com\\\/en\\\/\"},{\"@type\":\"ListItem\",\"position\":2,\"name\":\"Pani Gra\u017cyna Witkowski\"}]},{\"@type\":\"WebSite\",\"@id\":\"https:\\\/\\\/www.polschool.com\\\/en\\\/#website\",\"url\":\"https:\\\/\\\/www.polschool.com\\\/en\\\/\",\"name\":\"Polska Szko\u0142a w Lemont\",\"description\":\"im. \u015bw. Jana Paw\u0142a II\",\"potentialAction\":[{\"@type\":\"SearchAction\",\"target\":{\"@type\":\"EntryPoint\",\"urlTemplate\":\"https:\\\/\\\/www.polschool.com\\\/en\\\/?s={search_term_string}\"},\"query-input\":{\"@type\":\"PropertyValueSpecification\",\"valueRequired\":true,\"valueName\":\"search_term_string\"}}],\"inLanguage\":\"en-US\"}]}<\/script>\n<!-- \/ Yoast SEO plugin. -->","yoast_head_json":{"title":"Pani Gra\u017cyna Witkowski - Polska Szko\u0142a w Lemont","description":"Polska Szkola Lemont","robots":{"index":"index","follow":"follow","max-snippet":"max-snippet:-1","max-image-preview":"max-image-preview:large","max-video-preview":"max-video-preview:-1"},"canonical":"https:\/\/polschool.com\/en\/pani-grazyna-witkowski\/","og_locale":"en_US","og_type":"article","og_title":"Pani Gra\u017cyna Witkowski - Polska Szko\u0142a w Lemont","og_description":"Polska Szkola Lemont","og_url":"https:\/\/polschool.com\/en\/pani-grazyna-witkowski\/","og_site_name":"Polska Szko\u0142a w Lemont","article_publisher":"https:\/\/www.facebook.com\/pages\/category\/Elementary-School\/John-Paul-II-Polish-School-Polska-Szkola-im-Jana-Pawla-II-195616273803039\/","article_modified_time":"2021-11-26T20:55:23+00:00","twitter_card":"summary_large_image","schema":{"@context":"https:\/\/schema.org","@graph":[{"@type":"WebPage","@id":"https:\/\/polschool.com\/en\/pani-grazyna-witkowski\/","url":"https:\/\/polschool.com\/en\/pani-grazyna-witkowski\/","name":"Pani Gra\u017cyna Witkowski - Polska Szko\u0142a w Lemont","isPartOf":{"@id":"https:\/\/www.polschool.com\/en\/#website"},"datePublished":"2021-11-26T20:55:21+00:00","dateModified":"2021-11-26T20:55:23+00:00","description":"Polska Szkola Lemont","breadcrumb":{"@id":"https:\/\/polschool.com\/en\/pani-grazyna-witkowski\/#breadcrumb"},"inLanguage":"en-US","potentialAction":[{"@type":"ReadAction","target":["https:\/\/polschool.com\/en\/pani-grazyna-witkowski\/"]}]},{"@type":"BreadcrumbList","@id":"https:\/\/polschool.com\/en\/pani-grazyna-witkowski\/#breadcrumb","itemListElement":[{"@type":"ListItem","position":1,"name":"Home","item":"https:\/\/polschool.com\/en\/"},{"@type":"ListItem","position":2,"name":"Pani Gra\u017cyna Witkowski"}]},{"@type":"WebSite","@id":"https:\/\/www.polschool.com\/en\/#website","url":"https:\/\/www.polschool.com\/en\/","name":"Polska Szko\u0142a w Lemont","description":"im. \u015bw. Jana Paw\u0142a II","potentialAction":[{"@type":"SearchAction","target":{"@type":"EntryPoint","urlTemplate":"https:\/\/www.polschool.com\/en\/?s={search_term_string}"},"query-input":{"@type":"PropertyValueSpecification","valueRequired":true,"valueName":"search_term_string"}}],"inLanguage":"en-US"}]}},"_links":{"self":[{"href":"https:\/\/polschool.com\/en\/wp-json\/wp\/v2\/pages\/13176","targetHints":{"allow":["GET"]}}],"collection":[{"href":"https:\/\/polschool.com\/en\/wp-json\/wp\/v2\/pages"}],"about":[{"href":"https:\/\/polschool.com\/en\/wp-json\/wp\/v2\/types\/page"}],"author":[{"embeddable":true,"href":"https:\/\/polschool.com\/en\/wp-json\/wp\/v2\/users\/8"}],"replies":[{"embeddable":true,"href":"https:\/\/polschool.com\/en\/wp-json\/wp\/v2\/comments?post=13176"}],"version-history":[{"count":0,"href":"https:\/\/polschool.com\/en\/wp-json\/wp\/v2\/pages\/13176\/revisions"}],"wp:attachment":[{"href":"https:\/\/polschool.com\/en\/wp-json\/wp\/v2\/media?parent=13176"}],"curies":[{"name":"wp","href":"https:\/\/api.w.org\/{rel}","templated":true}]}}