{"id":13173,"date":"2021-11-26T14:49:08","date_gmt":"2021-11-26T20:49:08","guid":{"rendered":"https:\/\/www.polschool.com\/?page_id=13173"},"modified":"2021-12-04T22:20:50","modified_gmt":"2021-12-05T04:20:50","slug":"pani-dorota-grzegorzewicz","status":"publish","type":"page","link":"https:\/\/polschool.com\/en\/pani-dorota-grzegorzewicz\/","title":{"rendered":"Pani Dorota Grzegorzewicz"},"content":{"rendered":"<p>Pochodz\u0119 z Pasymia, w wojew\u00f3dztwie warmi\u0144sko-mazurskim. Jestem absolwentk\u0105 Wy\u017cszej Szko\u0142y Pedagogicznej w Olsztynie. W szko\u0142ach polonijnych pracuj\u0119 od 2005 roku, a od 2013 w Polskiej Szkole im. Jana Paw\u0142a II. Praca z dzie\u0107mi to dla mnie nie tylko rado\u015b\u0107 i satysfakcja, ale przede wszystkim spe\u0142nienie. Zawsze staram si\u0119\u00a0 dba\u0107 o ciep\u0142\u0105 i serdeczn\u0105 atmosfer\u0119 w kontaktach z dzie\u0107mi. Wa\u017cne jest, by ka\u017cdy ucze\u0144 czu\u0142 si\u0119 warto\u015bciowy i doceniony.<\/p>\n<p>Znak zodiaku: Waga<\/p>\n<p>Moja pasja: ksiazka, film, muzyka<\/p>\n<p>Ulubione motto: <strong><em>\u201cPodaruj tym, kt\u00f3rych kochasz skrzyd\u0142a, by mogli lata\u0107, korzenie, aby wracali i powody, aby zostali.\u201d <\/em><\/strong><em>(Dalai Lama)<\/em><\/p>\n","protected":false},"excerpt":{"rendered":"<p>Pochodz\u0119 z Pasymia, w wojew\u00f3dztwie warmi\u0144sko-mazurskim. Jestem absolwentk\u0105 Wy\u017cszej Szko\u0142y Pedagogicznej w Olsztynie. W szko\u0142ach polonijnych pracuj\u0119 od 2005 roku, a od 2013 w Polskiej Szkole im. Jana Paw\u0142a II. Praca z dzie\u0107mi to dla mnie nie tylko rado\u015b\u0107 i satysfakcja, ale przede wszystkim spe\u0142nienie. Zawsze staram si\u0119\u00a0 dba\u0107 o ciep\u0142\u0105 i serdeczn\u0105 atmosfer\u0119 w &hellip; <\/p>\n<p><a class=\"more-link btn\" href=\"https:\/\/polschool.com\/en\/pani-dorota-grzegorzewicz\/\">Continue reading<\/a><\/p>\n","protected":false},"author":8,"featured_media":0,"parent":0,"menu_order":23,"comment_status":"closed","ping_status":"closed","template":"","meta":{"footnotes":""},"class_list":["post-13173","page","type-page","status-publish","hentry","nodate","item-wrap"],"yoast_head":"<!-- This site is optimized with the Yoast SEO plugin v27.5 - https:\/\/yoast.com\/product\/yoast-seo-wordpress\/ -->\n<title>Pani Dorota Grzegorzewicz - Polska Szko\u0142a w Lemont<\/title>\n<meta name=\"description\" content=\"Polska Szkola Lemont\" \/>\n<meta name=\"robots\" content=\"index, follow, max-snippet:-1, max-image-preview:large, max-video-preview:-1\" \/>\n<link rel=\"canonical\" href=\"https:\/\/polschool.com\/en\/pani-dorota-grzegorzewicz\/\" \/>\n<meta property=\"og:locale\" content=\"en_US\" \/>\n<meta property=\"og:type\" content=\"article\" \/>\n<meta property=\"og:title\" content=\"Pani Dorota Grzegorzewicz - Polska Szko\u0142a w Lemont\" \/>\n<meta property=\"og:description\" content=\"Polska Szkola Lemont\" \/>\n<meta property=\"og:url\" content=\"https:\/\/polschool.com\/en\/pani-dorota-grzegorzewicz\/\" \/>\n<meta property=\"og:site_name\" content=\"Polska Szko\u0142a w Lemont\" \/>\n<meta property=\"article:publisher\" content=\"https:\/\/www.facebook.com\/pages\/category\/Elementary-School\/John-Paul-II-Polish-School-Polska-Szkola-im-Jana-Pawla-II-195616273803039\/\" \/>\n<meta property=\"article:modified_time\" content=\"2021-12-05T04:20:50+00:00\" \/>\n<meta name=\"twitter:card\" content=\"summary_large_image\" \/>\n<meta name=\"twitter:label1\" content=\"Est. reading time\" \/>\n\t<meta name=\"twitter:data1\" content=\"1 minute\" \/>\n<script type=\"application\/ld+json\" class=\"yoast-schema-graph\">{\"@context\":\"https:\\\/\\\/schema.org\",\"@graph\":[{\"@type\":\"WebPage\",\"@id\":\"https:\\\/\\\/polschool.com\\\/en\\\/pani-dorota-grzegorzewicz\\\/\",\"url\":\"https:\\\/\\\/polschool.com\\\/en\\\/pani-dorota-grzegorzewicz\\\/\",\"name\":\"Pani Dorota Grzegorzewicz - Polska Szko\u0142a w Lemont\",\"isPartOf\":{\"@id\":\"https:\\\/\\\/www.polschool.com\\\/en\\\/#website\"},\"datePublished\":\"2021-11-26T20:49:08+00:00\",\"dateModified\":\"2021-12-05T04:20:50+00:00\",\"description\":\"Polska Szkola Lemont\",\"breadcrumb\":{\"@id\":\"https:\\\/\\\/polschool.com\\\/en\\\/pani-dorota-grzegorzewicz\\\/#breadcrumb\"},\"inLanguage\":\"en-US\",\"potentialAction\":[{\"@type\":\"ReadAction\",\"target\":[\"https:\\\/\\\/polschool.com\\\/en\\\/pani-dorota-grzegorzewicz\\\/\"]}]},{\"@type\":\"BreadcrumbList\",\"@id\":\"https:\\\/\\\/polschool.com\\\/en\\\/pani-dorota-grzegorzewicz\\\/#breadcrumb\",\"itemListElement\":[{\"@type\":\"ListItem\",\"position\":1,\"name\":\"Home\",\"item\":\"https:\\\/\\\/polschool.com\\\/en\\\/\"},{\"@type\":\"ListItem\",\"position\":2,\"name\":\"Pani Dorota Grzegorzewicz\"}]},{\"@type\":\"WebSite\",\"@id\":\"https:\\\/\\\/www.polschool.com\\\/en\\\/#website\",\"url\":\"https:\\\/\\\/www.polschool.com\\\/en\\\/\",\"name\":\"Polska Szko\u0142a w Lemont\",\"description\":\"im. \u015bw. Jana Paw\u0142a II\",\"potentialAction\":[{\"@type\":\"SearchAction\",\"target\":{\"@type\":\"EntryPoint\",\"urlTemplate\":\"https:\\\/\\\/www.polschool.com\\\/en\\\/?s={search_term_string}\"},\"query-input\":{\"@type\":\"PropertyValueSpecification\",\"valueRequired\":true,\"valueName\":\"search_term_string\"}}],\"inLanguage\":\"en-US\"}]}<\/script>\n<!-- \/ Yoast SEO plugin. -->","yoast_head_json":{"title":"Pani Dorota Grzegorzewicz - Polska Szko\u0142a w Lemont","description":"Polska Szkola Lemont","robots":{"index":"index","follow":"follow","max-snippet":"max-snippet:-1","max-image-preview":"max-image-preview:large","max-video-preview":"max-video-preview:-1"},"canonical":"https:\/\/polschool.com\/en\/pani-dorota-grzegorzewicz\/","og_locale":"en_US","og_type":"article","og_title":"Pani Dorota Grzegorzewicz - Polska Szko\u0142a w Lemont","og_description":"Polska Szkola Lemont","og_url":"https:\/\/polschool.com\/en\/pani-dorota-grzegorzewicz\/","og_site_name":"Polska Szko\u0142a w Lemont","article_publisher":"https:\/\/www.facebook.com\/pages\/category\/Elementary-School\/John-Paul-II-Polish-School-Polska-Szkola-im-Jana-Pawla-II-195616273803039\/","article_modified_time":"2021-12-05T04:20:50+00:00","twitter_card":"summary_large_image","twitter_misc":{"Est. reading time":"1 minute"},"schema":{"@context":"https:\/\/schema.org","@graph":[{"@type":"WebPage","@id":"https:\/\/polschool.com\/en\/pani-dorota-grzegorzewicz\/","url":"https:\/\/polschool.com\/en\/pani-dorota-grzegorzewicz\/","name":"Pani Dorota Grzegorzewicz - Polska Szko\u0142a w Lemont","isPartOf":{"@id":"https:\/\/www.polschool.com\/en\/#website"},"datePublished":"2021-11-26T20:49:08+00:00","dateModified":"2021-12-05T04:20:50+00:00","description":"Polska Szkola Lemont","breadcrumb":{"@id":"https:\/\/polschool.com\/en\/pani-dorota-grzegorzewicz\/#breadcrumb"},"inLanguage":"en-US","potentialAction":[{"@type":"ReadAction","target":["https:\/\/polschool.com\/en\/pani-dorota-grzegorzewicz\/"]}]},{"@type":"BreadcrumbList","@id":"https:\/\/polschool.com\/en\/pani-dorota-grzegorzewicz\/#breadcrumb","itemListElement":[{"@type":"ListItem","position":1,"name":"Home","item":"https:\/\/polschool.com\/en\/"},{"@type":"ListItem","position":2,"name":"Pani Dorota Grzegorzewicz"}]},{"@type":"WebSite","@id":"https:\/\/www.polschool.com\/en\/#website","url":"https:\/\/www.polschool.com\/en\/","name":"Polska Szko\u0142a w Lemont","description":"im. \u015bw. Jana Paw\u0142a II","potentialAction":[{"@type":"SearchAction","target":{"@type":"EntryPoint","urlTemplate":"https:\/\/www.polschool.com\/en\/?s={search_term_string}"},"query-input":{"@type":"PropertyValueSpecification","valueRequired":true,"valueName":"search_term_string"}}],"inLanguage":"en-US"}]}},"_links":{"self":[{"href":"https:\/\/polschool.com\/en\/wp-json\/wp\/v2\/pages\/13173","targetHints":{"allow":["GET"]}}],"collection":[{"href":"https:\/\/polschool.com\/en\/wp-json\/wp\/v2\/pages"}],"about":[{"href":"https:\/\/polschool.com\/en\/wp-json\/wp\/v2\/types\/page"}],"author":[{"embeddable":true,"href":"https:\/\/polschool.com\/en\/wp-json\/wp\/v2\/users\/8"}],"replies":[{"embeddable":true,"href":"https:\/\/polschool.com\/en\/wp-json\/wp\/v2\/comments?post=13173"}],"version-history":[{"count":0,"href":"https:\/\/polschool.com\/en\/wp-json\/wp\/v2\/pages\/13173\/revisions"}],"wp:attachment":[{"href":"https:\/\/polschool.com\/en\/wp-json\/wp\/v2\/media?parent=13173"}],"curies":[{"name":"wp","href":"https:\/\/api.w.org\/{rel}","templated":true}]}}