{"id":13165,"date":"2021-11-26T14:36:36","date_gmt":"2021-11-26T20:36:36","guid":{"rendered":"https:\/\/www.polschool.com\/?page_id=13165"},"modified":"2021-11-26T14:37:56","modified_gmt":"2021-11-26T20:37:56","slug":"pani-barbara-jezyk","status":"publish","type":"page","link":"https:\/\/polschool.com\/en\/pani-barbara-jezyk\/","title":{"rendered":"Pani Barbara Je\u017cyk"},"content":{"rendered":"<p>Pochodz\u0119 z Tarnowa, w wojew\u00f3dztwie ma\u0142opolskim. Jestem absolwentk\u0105 SWP w Tarnowie: nauczanie pocz\u0105tkowe. Rozpocz\u0119\u0142am prac\u0119 w polskiej szkole w 1989 roku, a od 1998 roku pracuj\u0119 w Polskiej Szkole im. Jana Paw\u0142a II. Od najm\u0142odszych lat chcia\u0142am by\u0107 nauczycielk\u0105 i pracowa\u0107 z dzie\u0107mi. Pami\u0119tam, \u017ce bardzo lubialam bawi\u0107 si\u0119 w szko\u0142\u0119 i organizowa\u0107 r\u00f3\u017cne zabawy, konkursy.<\/p>\n<p>Znak zodiaku: Byk<\/p>\n<p>Moja pasja: lubi\u0119 gotowa\u0107, czyta\u0107, sp\u0119dza\u0107 czas z dzie\u0107mi i wnukami<\/p>\n<p>Ulubione motto: <em><strong>\u201c<\/strong> <strong>Dziecko chce by\u0107 dobre. Je\u015bli nie umie \u2013 naucz. Je\u015bli nie wie \u2013 wyt\u0142umacz. Je\u015bli nie mo\u017ce &#8211; pom\u00f3\u017c.\u201d\u00a0 <\/strong>(Janusz Korczak)<\/em><\/p>\n","protected":false},"excerpt":{"rendered":"<p>Pochodz\u0119 z Tarnowa, w wojew\u00f3dztwie ma\u0142opolskim. Jestem absolwentk\u0105 SWP w Tarnowie: nauczanie pocz\u0105tkowe. Rozpocz\u0119\u0142am prac\u0119 w polskiej szkole w 1989 roku, a od 1998 roku pracuj\u0119 w Polskiej Szkole im. Jana Paw\u0142a II. Od najm\u0142odszych lat chcia\u0142am by\u0107 nauczycielk\u0105 i pracowa\u0107 z dzie\u0107mi. Pami\u0119tam, \u017ce bardzo lubialam bawi\u0107 si\u0119 w szko\u0142\u0119 i organizowa\u0107 r\u00f3\u017cne zabawy, &hellip; <\/p>\n<p><a class=\"more-link btn\" href=\"https:\/\/polschool.com\/en\/pani-barbara-jezyk\/\">Continue reading<\/a><\/p>\n","protected":false},"author":8,"featured_media":0,"parent":0,"menu_order":26,"comment_status":"closed","ping_status":"closed","template":"","meta":{"footnotes":""},"class_list":["post-13165","page","type-page","status-publish","hentry","nodate","item-wrap"],"yoast_head":"<!-- This site is optimized with the Yoast SEO plugin v27.5 - https:\/\/yoast.com\/product\/yoast-seo-wordpress\/ -->\n<title>Pani Barbara Je\u017cyk - Polska Szko\u0142a w Lemont<\/title>\n<meta name=\"description\" content=\"Polska Szkola Lemont\" \/>\n<meta name=\"robots\" content=\"index, follow, max-snippet:-1, max-image-preview:large, max-video-preview:-1\" \/>\n<link rel=\"canonical\" href=\"https:\/\/polschool.com\/en\/pani-barbara-jezyk\/\" \/>\n<meta property=\"og:locale\" content=\"en_US\" \/>\n<meta property=\"og:type\" content=\"article\" \/>\n<meta property=\"og:title\" content=\"Pani Barbara Je\u017cyk - Polska Szko\u0142a w Lemont\" \/>\n<meta property=\"og:description\" content=\"Polska Szkola Lemont\" \/>\n<meta property=\"og:url\" content=\"https:\/\/polschool.com\/en\/pani-barbara-jezyk\/\" \/>\n<meta property=\"og:site_name\" content=\"Polska Szko\u0142a w Lemont\" \/>\n<meta property=\"article:publisher\" content=\"https:\/\/www.facebook.com\/pages\/category\/Elementary-School\/John-Paul-II-Polish-School-Polska-Szkola-im-Jana-Pawla-II-195616273803039\/\" \/>\n<meta property=\"article:modified_time\" content=\"2021-11-26T20:37:56+00:00\" \/>\n<meta name=\"twitter:card\" content=\"summary_large_image\" \/>\n<meta name=\"twitter:label1\" content=\"Est. reading time\" \/>\n\t<meta name=\"twitter:data1\" content=\"1 minute\" \/>\n<script type=\"application\/ld+json\" class=\"yoast-schema-graph\">{\"@context\":\"https:\\\/\\\/schema.org\",\"@graph\":[{\"@type\":\"WebPage\",\"@id\":\"https:\\\/\\\/polschool.com\\\/en\\\/pani-barbara-jezyk\\\/\",\"url\":\"https:\\\/\\\/polschool.com\\\/en\\\/pani-barbara-jezyk\\\/\",\"name\":\"Pani Barbara Je\u017cyk - Polska Szko\u0142a w Lemont\",\"isPartOf\":{\"@id\":\"https:\\\/\\\/www.polschool.com\\\/en\\\/#website\"},\"datePublished\":\"2021-11-26T20:36:36+00:00\",\"dateModified\":\"2021-11-26T20:37:56+00:00\",\"description\":\"Polska Szkola Lemont\",\"breadcrumb\":{\"@id\":\"https:\\\/\\\/polschool.com\\\/en\\\/pani-barbara-jezyk\\\/#breadcrumb\"},\"inLanguage\":\"en-US\",\"potentialAction\":[{\"@type\":\"ReadAction\",\"target\":[\"https:\\\/\\\/polschool.com\\\/en\\\/pani-barbara-jezyk\\\/\"]}]},{\"@type\":\"BreadcrumbList\",\"@id\":\"https:\\\/\\\/polschool.com\\\/en\\\/pani-barbara-jezyk\\\/#breadcrumb\",\"itemListElement\":[{\"@type\":\"ListItem\",\"position\":1,\"name\":\"Home\",\"item\":\"https:\\\/\\\/polschool.com\\\/en\\\/\"},{\"@type\":\"ListItem\",\"position\":2,\"name\":\"Pani Barbara Je\u017cyk\"}]},{\"@type\":\"WebSite\",\"@id\":\"https:\\\/\\\/www.polschool.com\\\/en\\\/#website\",\"url\":\"https:\\\/\\\/www.polschool.com\\\/en\\\/\",\"name\":\"Polska Szko\u0142a w Lemont\",\"description\":\"im. \u015bw. Jana Paw\u0142a II\",\"potentialAction\":[{\"@type\":\"SearchAction\",\"target\":{\"@type\":\"EntryPoint\",\"urlTemplate\":\"https:\\\/\\\/www.polschool.com\\\/en\\\/?s={search_term_string}\"},\"query-input\":{\"@type\":\"PropertyValueSpecification\",\"valueRequired\":true,\"valueName\":\"search_term_string\"}}],\"inLanguage\":\"en-US\"}]}<\/script>\n<!-- \/ Yoast SEO plugin. -->","yoast_head_json":{"title":"Pani Barbara Je\u017cyk - Polska Szko\u0142a w Lemont","description":"Polska Szkola Lemont","robots":{"index":"index","follow":"follow","max-snippet":"max-snippet:-1","max-image-preview":"max-image-preview:large","max-video-preview":"max-video-preview:-1"},"canonical":"https:\/\/polschool.com\/en\/pani-barbara-jezyk\/","og_locale":"en_US","og_type":"article","og_title":"Pani Barbara Je\u017cyk - Polska Szko\u0142a w Lemont","og_description":"Polska Szkola Lemont","og_url":"https:\/\/polschool.com\/en\/pani-barbara-jezyk\/","og_site_name":"Polska Szko\u0142a w Lemont","article_publisher":"https:\/\/www.facebook.com\/pages\/category\/Elementary-School\/John-Paul-II-Polish-School-Polska-Szkola-im-Jana-Pawla-II-195616273803039\/","article_modified_time":"2021-11-26T20:37:56+00:00","twitter_card":"summary_large_image","twitter_misc":{"Est. reading time":"1 minute"},"schema":{"@context":"https:\/\/schema.org","@graph":[{"@type":"WebPage","@id":"https:\/\/polschool.com\/en\/pani-barbara-jezyk\/","url":"https:\/\/polschool.com\/en\/pani-barbara-jezyk\/","name":"Pani Barbara Je\u017cyk - Polska Szko\u0142a w Lemont","isPartOf":{"@id":"https:\/\/www.polschool.com\/en\/#website"},"datePublished":"2021-11-26T20:36:36+00:00","dateModified":"2021-11-26T20:37:56+00:00","description":"Polska Szkola Lemont","breadcrumb":{"@id":"https:\/\/polschool.com\/en\/pani-barbara-jezyk\/#breadcrumb"},"inLanguage":"en-US","potentialAction":[{"@type":"ReadAction","target":["https:\/\/polschool.com\/en\/pani-barbara-jezyk\/"]}]},{"@type":"BreadcrumbList","@id":"https:\/\/polschool.com\/en\/pani-barbara-jezyk\/#breadcrumb","itemListElement":[{"@type":"ListItem","position":1,"name":"Home","item":"https:\/\/polschool.com\/en\/"},{"@type":"ListItem","position":2,"name":"Pani Barbara Je\u017cyk"}]},{"@type":"WebSite","@id":"https:\/\/www.polschool.com\/en\/#website","url":"https:\/\/www.polschool.com\/en\/","name":"Polska Szko\u0142a w Lemont","description":"im. \u015bw. Jana Paw\u0142a II","potentialAction":[{"@type":"SearchAction","target":{"@type":"EntryPoint","urlTemplate":"https:\/\/www.polschool.com\/en\/?s={search_term_string}"},"query-input":{"@type":"PropertyValueSpecification","valueRequired":true,"valueName":"search_term_string"}}],"inLanguage":"en-US"}]}},"_links":{"self":[{"href":"https:\/\/polschool.com\/en\/wp-json\/wp\/v2\/pages\/13165","targetHints":{"allow":["GET"]}}],"collection":[{"href":"https:\/\/polschool.com\/en\/wp-json\/wp\/v2\/pages"}],"about":[{"href":"https:\/\/polschool.com\/en\/wp-json\/wp\/v2\/types\/page"}],"author":[{"embeddable":true,"href":"https:\/\/polschool.com\/en\/wp-json\/wp\/v2\/users\/8"}],"replies":[{"embeddable":true,"href":"https:\/\/polschool.com\/en\/wp-json\/wp\/v2\/comments?post=13165"}],"version-history":[{"count":0,"href":"https:\/\/polschool.com\/en\/wp-json\/wp\/v2\/pages\/13165\/revisions"}],"wp:attachment":[{"href":"https:\/\/polschool.com\/en\/wp-json\/wp\/v2\/media?parent=13165"}],"curies":[{"name":"wp","href":"https:\/\/api.w.org\/{rel}","templated":true}]}}