{"id":13155,"date":"2021-11-26T14:18:14","date_gmt":"2021-11-26T20:18:14","guid":{"rendered":"https:\/\/www.polschool.com\/?page_id=13155"},"modified":"2021-11-26T14:27:02","modified_gmt":"2021-11-26T20:27:02","slug":"pani-patrycji-szyrzyna","status":"publish","type":"page","link":"https:\/\/polschool.com\/en\/pani-patrycji-szyrzyna\/","title":{"rendered":"Pani Patrycja Szyrzyna"},"content":{"rendered":"<p>Pochodz\u0119 z Oak Lawn, Illinois. Jestem absolwentk\u0105 Polskiej Szko\u0142y \u015bw. Jana Paw\u0142a II, w k\u00f3rej pracuje juz od 12 lat. Praca z dzie\u0107mi sprawia mi wiele rado\u015bci i satysfakcji. Uwielbiam patrze\u0107 jak dzieci si\u0119 rozwijaj\u0105, ucz\u0105, bawi\u0105, i \u015bpiewaj\u0105.<\/p>\n<p>Znak zodiaku: Strzelec<\/p>\n<p>Moja pasja: Gotowanie i pieczenie<\/p>\n<p>Ulubione motto: <em><strong>\u201e<\/strong><\/em><strong><em>Carpe Diem.<\/em><em>\u201d<\/em><\/strong><\/p>\n","protected":false},"excerpt":{"rendered":"<p>Pochodz\u0119 z Oak Lawn, Illinois. Jestem absolwentk\u0105 Polskiej Szko\u0142y \u015bw. Jana Paw\u0142a II, w k\u00f3rej pracuje juz od 12 lat. Praca z dzie\u0107mi sprawia mi wiele rado\u015bci i satysfakcji. Uwielbiam patrze\u0107 jak dzieci si\u0119 rozwijaj\u0105, ucz\u0105, bawi\u0105, i \u015bpiewaj\u0105. Znak zodiaku: Strzelec Moja pasja: Gotowanie i pieczenie Ulubione motto: \u201eCarpe Diem.\u201d<\/p>\n","protected":false},"author":8,"featured_media":0,"parent":0,"menu_order":28,"comment_status":"closed","ping_status":"closed","template":"","meta":{"footnotes":""},"class_list":["post-13155","page","type-page","status-publish","hentry","nodate","item-wrap"],"yoast_head":"<!-- This site is optimized with the Yoast SEO plugin v27.5 - https:\/\/yoast.com\/product\/yoast-seo-wordpress\/ -->\n<title>Pani Patrycja Szyrzyna - Polska Szko\u0142a w Lemont<\/title>\n<meta name=\"description\" content=\"Polska Szkola Lemont\" \/>\n<meta name=\"robots\" content=\"index, follow, max-snippet:-1, max-image-preview:large, max-video-preview:-1\" \/>\n<link rel=\"canonical\" href=\"https:\/\/polschool.com\/en\/pani-patrycji-szyrzyna\/\" \/>\n<meta property=\"og:locale\" content=\"en_US\" \/>\n<meta property=\"og:type\" content=\"article\" \/>\n<meta property=\"og:title\" content=\"Pani Patrycja Szyrzyna - Polska Szko\u0142a w Lemont\" \/>\n<meta property=\"og:description\" content=\"Polska Szkola Lemont\" \/>\n<meta property=\"og:url\" content=\"https:\/\/polschool.com\/en\/pani-patrycji-szyrzyna\/\" \/>\n<meta property=\"og:site_name\" content=\"Polska Szko\u0142a w Lemont\" \/>\n<meta property=\"article:publisher\" content=\"https:\/\/www.facebook.com\/pages\/category\/Elementary-School\/John-Paul-II-Polish-School-Polska-Szkola-im-Jana-Pawla-II-195616273803039\/\" \/>\n<meta property=\"article:modified_time\" content=\"2021-11-26T20:27:02+00:00\" \/>\n<meta name=\"twitter:card\" content=\"summary_large_image\" \/>\n<script type=\"application\/ld+json\" class=\"yoast-schema-graph\">{\"@context\":\"https:\\\/\\\/schema.org\",\"@graph\":[{\"@type\":\"WebPage\",\"@id\":\"https:\\\/\\\/polschool.com\\\/en\\\/pani-patrycji-szyrzyna\\\/\",\"url\":\"https:\\\/\\\/polschool.com\\\/en\\\/pani-patrycji-szyrzyna\\\/\",\"name\":\"Pani Patrycja Szyrzyna - Polska Szko\u0142a w Lemont\",\"isPartOf\":{\"@id\":\"https:\\\/\\\/www.polschool.com\\\/en\\\/#website\"},\"datePublished\":\"2021-11-26T20:18:14+00:00\",\"dateModified\":\"2021-11-26T20:27:02+00:00\",\"description\":\"Polska Szkola Lemont\",\"breadcrumb\":{\"@id\":\"https:\\\/\\\/polschool.com\\\/en\\\/pani-patrycji-szyrzyna\\\/#breadcrumb\"},\"inLanguage\":\"en-US\",\"potentialAction\":[{\"@type\":\"ReadAction\",\"target\":[\"https:\\\/\\\/polschool.com\\\/en\\\/pani-patrycji-szyrzyna\\\/\"]}]},{\"@type\":\"BreadcrumbList\",\"@id\":\"https:\\\/\\\/polschool.com\\\/en\\\/pani-patrycji-szyrzyna\\\/#breadcrumb\",\"itemListElement\":[{\"@type\":\"ListItem\",\"position\":1,\"name\":\"Home\",\"item\":\"https:\\\/\\\/polschool.com\\\/en\\\/\"},{\"@type\":\"ListItem\",\"position\":2,\"name\":\"Pani Patrycja Szyrzyna\"}]},{\"@type\":\"WebSite\",\"@id\":\"https:\\\/\\\/www.polschool.com\\\/en\\\/#website\",\"url\":\"https:\\\/\\\/www.polschool.com\\\/en\\\/\",\"name\":\"Polska Szko\u0142a w Lemont\",\"description\":\"im. \u015bw. Jana Paw\u0142a II\",\"potentialAction\":[{\"@type\":\"SearchAction\",\"target\":{\"@type\":\"EntryPoint\",\"urlTemplate\":\"https:\\\/\\\/www.polschool.com\\\/en\\\/?s={search_term_string}\"},\"query-input\":{\"@type\":\"PropertyValueSpecification\",\"valueRequired\":true,\"valueName\":\"search_term_string\"}}],\"inLanguage\":\"en-US\"}]}<\/script>\n<!-- \/ Yoast SEO plugin. -->","yoast_head_json":{"title":"Pani Patrycja Szyrzyna - Polska Szko\u0142a w Lemont","description":"Polska Szkola Lemont","robots":{"index":"index","follow":"follow","max-snippet":"max-snippet:-1","max-image-preview":"max-image-preview:large","max-video-preview":"max-video-preview:-1"},"canonical":"https:\/\/polschool.com\/en\/pani-patrycji-szyrzyna\/","og_locale":"en_US","og_type":"article","og_title":"Pani Patrycja Szyrzyna - Polska Szko\u0142a w Lemont","og_description":"Polska Szkola Lemont","og_url":"https:\/\/polschool.com\/en\/pani-patrycji-szyrzyna\/","og_site_name":"Polska Szko\u0142a w Lemont","article_publisher":"https:\/\/www.facebook.com\/pages\/category\/Elementary-School\/John-Paul-II-Polish-School-Polska-Szkola-im-Jana-Pawla-II-195616273803039\/","article_modified_time":"2021-11-26T20:27:02+00:00","twitter_card":"summary_large_image","schema":{"@context":"https:\/\/schema.org","@graph":[{"@type":"WebPage","@id":"https:\/\/polschool.com\/en\/pani-patrycji-szyrzyna\/","url":"https:\/\/polschool.com\/en\/pani-patrycji-szyrzyna\/","name":"Pani Patrycja Szyrzyna - Polska Szko\u0142a w Lemont","isPartOf":{"@id":"https:\/\/www.polschool.com\/en\/#website"},"datePublished":"2021-11-26T20:18:14+00:00","dateModified":"2021-11-26T20:27:02+00:00","description":"Polska Szkola Lemont","breadcrumb":{"@id":"https:\/\/polschool.com\/en\/pani-patrycji-szyrzyna\/#breadcrumb"},"inLanguage":"en-US","potentialAction":[{"@type":"ReadAction","target":["https:\/\/polschool.com\/en\/pani-patrycji-szyrzyna\/"]}]},{"@type":"BreadcrumbList","@id":"https:\/\/polschool.com\/en\/pani-patrycji-szyrzyna\/#breadcrumb","itemListElement":[{"@type":"ListItem","position":1,"name":"Home","item":"https:\/\/polschool.com\/en\/"},{"@type":"ListItem","position":2,"name":"Pani Patrycja Szyrzyna"}]},{"@type":"WebSite","@id":"https:\/\/www.polschool.com\/en\/#website","url":"https:\/\/www.polschool.com\/en\/","name":"Polska Szko\u0142a w Lemont","description":"im. \u015bw. Jana Paw\u0142a II","potentialAction":[{"@type":"SearchAction","target":{"@type":"EntryPoint","urlTemplate":"https:\/\/www.polschool.com\/en\/?s={search_term_string}"},"query-input":{"@type":"PropertyValueSpecification","valueRequired":true,"valueName":"search_term_string"}}],"inLanguage":"en-US"}]}},"_links":{"self":[{"href":"https:\/\/polschool.com\/en\/wp-json\/wp\/v2\/pages\/13155","targetHints":{"allow":["GET"]}}],"collection":[{"href":"https:\/\/polschool.com\/en\/wp-json\/wp\/v2\/pages"}],"about":[{"href":"https:\/\/polschool.com\/en\/wp-json\/wp\/v2\/types\/page"}],"author":[{"embeddable":true,"href":"https:\/\/polschool.com\/en\/wp-json\/wp\/v2\/users\/8"}],"replies":[{"embeddable":true,"href":"https:\/\/polschool.com\/en\/wp-json\/wp\/v2\/comments?post=13155"}],"version-history":[{"count":0,"href":"https:\/\/polschool.com\/en\/wp-json\/wp\/v2\/pages\/13155\/revisions"}],"wp:attachment":[{"href":"https:\/\/polschool.com\/en\/wp-json\/wp\/v2\/media?parent=13155"}],"curies":[{"name":"wp","href":"https:\/\/api.w.org\/{rel}","templated":true}]}}