{"id":109,"date":"2012-01-05T06:26:13","date_gmt":"2012-01-05T06:26:13","guid":{"rendered":"http:\/\/dev.polschool.com\/?page_id=109"},"modified":"2025-10-24T14:28:31","modified_gmt":"2025-10-24T19:28:31","slug":"faculty","status":"publish","type":"page","link":"https:\/\/polschool.com\/en\/about-us\/faculty\/","title":{"rendered":"Faculty"},"content":{"rendered":"<p>For more information about a teacher, please click their name.<\/p>\n<h4 style=\"color: #990000;\">\u00a0School Leadership<\/h4>\n<hr \/>\n<div class=\"one_half\">\n<img decoding=\"async\" class=\"alignleft\" src=\"https:\/\/polschool.com\/wp-content\/uploads\/2020\/01\/HSzyrzyna.jpg\" alt=\"Halina Szyrzyna\" width=\"100\" \/><br \/>\n<a href=\"https:\/\/www.polschool.com\/pani-halina-szyrzyna\/\"><strong>Halina Szyrzyna<\/strong><\/a><br \/>\nPrincipal<br \/>\n<a href=\"mailto:Principal@polschool.com\">Principal@polschool.com<\/a>\n<\/div>\n<div class=\"one_half last\">\n<img decoding=\"async\" class=\"alignleft\" src=\"https:\/\/polschool.com\/wp-content\/uploads\/2020\/01\/AWatkins.jpg\" alt=\"Anna Watkins\" width=\"100\" \/><br \/>\n<a href=\"https:\/\/www.polschool.com\/pani-anna-watkins\/\"><strong>Anna Watkins<\/strong><\/a><br \/>\nAssistant Principal<br \/>\n<a href=\"mailto:A.Watkins@polschool.com\">A.Watkins@polschool.com<\/a>\n<\/div>\n<div class=\"clear\"><\/div>\n<h4 style=\"color: #990000;\">Teachers<\/h4>\n<hr \/>\n<div class=\"one_half\">\n<img loading=\"lazy\" decoding=\"async\" class=\"alignleft\" src=\"https:\/\/polschool.com\/wp-content\/uploads\/2021\/03\/DSC_9784-GRAY-Retusz.jpg\" alt=\"Bo\u017cena Bednarczyk\" width=\"100\" height=\"123\" \/><br \/>\n<a href=\"https:\/\/www.polschool.com\/pani-bozena-bednarczyk\/\"><strong>Bo\u017cena Bednarczyk<\/strong><\/a><br \/>\n<em><u>Friday &#8211; Room 205<\/u><\/em><br \/>\nGrade 8\n<\/div>\n<div class=\"one_half last\">\n<img loading=\"lazy\" decoding=\"async\" class=\"alignleft\" src=\"https:\/\/polschool.com\/wp-content\/uploads\/2015\/01\/DobrzynieckiAlicja2.jpg\" alt=\"Alicja Dobrzyniecki\" width=\"100\" height=\"123\" \/><br \/>\n<strong>Alicja Dobrzyniecki<\/strong><br \/>\n<em><u>Saturday &#8211; Room 111<\/u><\/em><br \/>\nGrade 7\n<\/div>\n<div class=\"one_half\">\n<img loading=\"lazy\" decoding=\"async\" class=\"alignleft\" src=\"https:\/\/polschool.com\/wp-content\/uploads\/2020\/01\/AGal.jpg\" alt=\"Anna Ga\u0142\" width=\"100\" height=\"123\" \/><br \/>\n<a href=\"https:\/\/www.polschool.com\/pani-anna-mrozek-gal\/\"><strong>Anna Ga\u0142<\/strong><\/a><br \/>\n<em><u>Friday &#8211; Room 104<\/u><\/em><br \/>\nGrade 2<br \/>\n<em><u>Saturday &#8211; Room 104<\/u><\/em><br \/>\nGrade 2\n<\/div>\n<div class=\"one_half last\">\n<img loading=\"lazy\" decoding=\"async\" class=\"alignleft\" src=\"https:\/\/polschool.com\/wp-content\/uploads\/2022\/12\/Marian_Gal-png-1.png\" alt=\"Marian Ga\u0142\" width=\"100\" height=\"123\" \/><br \/>\n<strong>Marian Ga\u0142<\/strong><br \/>\n<em><u>Friday &#8211; Room 105<\/u><\/em><br \/>\nGrade 4b<br \/>\n<em><u>Saturday &#8211; Room 105<\/u><\/em><br \/>\nGrade 4\n<\/div>\n<div class=\"one_half\">\n<img loading=\"lazy\" decoding=\"async\" class=\"alignleft\" src=\"https:\/\/polschool.com\/wp-content\/uploads\/2023\/11\/DSC08817-GRAY-small-scaled.jpg\" alt=\"Maria Gasior\" width=\"100\" height=\"123\" \/><br \/>\n<strong>Maria Gasior<\/strong><br \/>\n<em><u>Friday &#8211; Room 108<\/u><\/em><br \/>\nGrade 4a\n<\/div>\n<div class=\"one_half last\">\n<img loading=\"lazy\" decoding=\"async\" class=\"alignleft\" src=\"https:\/\/polschool.com\/wp-content\/uploads\/2023\/09\/DSC_6543-small.png\" alt=\"Dominika G\u00f3rnikowski\" width=\"100\" height=\"123\" \/><br \/>\n<strong>Dominika G\u00f3rnikowski<\/strong><br \/>\n<em><u>Friday &#8211; Room 107<\/u><\/em><br \/>\nGrade 1<br \/>\n<em><u>Saturday &#8211; Room 203<\/u><\/em><br \/>\nClass 0\n<\/div>\n<div class=\"one_half\">\n<img decoding=\"async\" class=\"alignleft\" src=\"https:\/\/polschool.com\/wp-content\/uploads\/2020\/01\/MGornikowski.jpg\" alt=\"Monika G\u00f3rnikowski\" width=\"100\" \/><br \/>\n<a href=\"https:\/\/www.polschool.com\/pani-monika-gornikowski\/\"><strong>Monika G\u00f3rnikowski<\/strong><\/a><br \/>\n<em><u>Friday &#8211; Room 110<\/u><\/em><br \/>\nGrade 11<br \/>\n<em><u>Saturday &#8211; Room 110<\/u><\/em><br \/>\nGrade 8\n<\/div>\n<div class=\"one_half last\">\n<img decoding=\"async\" class=\"alignleft\" src=\"https:\/\/polschool.com\/wp-content\/uploads\/2016\/09\/P.-Dorota-Grzegorzewicz.jpg\" alt=\"Dorota Grzegorzewicz\" width=\"100\" \/><br \/>\n<a href=\"https:\/\/www.polschool.com\/pani-dorota-grzegorzewicz\/\"><strong>Dorota Grzegorzewicz<\/strong><\/a><br \/>\n<em><u>Friday &#8211; Room 200<\/u><\/em><br \/>\nGrade 10<br \/>\n<em><u>Saturday &#8211; Room 200<\/u><\/em><br \/>\nGrade 9\n<\/div>\n<div class=\"one_half\">\n<img decoding=\"async\" class=\"alignleft\" src=\"https:\/\/polschool.com\/wp-content\/uploads\/2025\/10\/Untitled-design-2.jpg\" alt=\"placeholder\" width=\"100\" \/><br \/>\n<strong>Anna Hudson\u00a0<\/strong><br \/>\n<em><u>Friday &#8211; Room 106<\/u><\/em><br \/>\nGrade 3<br \/>\n<em><u>Saturday &#8211; Room 103<\/u><\/em><br \/>\nBilingual\n<\/div>\n<div class=\"one_half last\">\n<img loading=\"lazy\" decoding=\"async\" class=\"alignleft\" src=\"https:\/\/polschool.com\/wp-content\/uploads\/2015\/01\/JezykBarbara2.jpg\" alt=\"Barbara Je\u017cyk\" width=\"100\" height=\"123\" \/><br \/>\n<a href=\"https:\/\/www.polschool.com\/pani-barbara-jezyk\/\"><strong>Barbara Je\u017cyk<\/strong><\/a><br \/>\n<em><u>Saturday &#8211; Room 108<\/u><\/em><br \/>\nGrade 3\n<\/div>\n<div class=\"one_half\">\n<img decoding=\"async\" class=\"alignleft\" src=\"https:\/\/polschool.com\/wp-content\/uploads\/2025\/10\/Untitled-design-1.jpg\" alt=\"placeholder\" width=\"100\" \/><br \/>\n<strong>Edyta Kapusta\u00a0<\/strong><br \/>\n<em><u>Friday &#8211; Room 103<\/u><\/em><br \/>\nGrade 6\n<\/div>\n<div class=\"one_half last\">\n<img loading=\"lazy\" decoding=\"async\" class=\"alignleft\" src=\"https:\/\/polschool.com\/wp-content\/uploads\/2020\/01\/MRadzik.jpg\" alt=\"Ma\u0142gorzata Radzik\" width=\"100\" height=\"123\" \/><br \/>\n<a href=\"https:\/\/www.polschool.com\/pani-malgorzata-radzik\/\"><strong>Ma\u0142gorzyta Radzik<\/strong><\/a><br \/>\n<em><u>Friday &#8211; Room 109<\/u><\/em><br \/>\nGrade 5<br \/>\n<em><u>Saturday &#8211; Room 109<\/u><\/em><br \/>\nGrade 5\n<\/div>\n<div class=\"one_half\">\n<img loading=\"lazy\" decoding=\"async\" class=\"alignleft\" src=\"https:\/\/polschool.com\/wp-content\/uploads\/2020\/01\/PSzyrzyna.jpg\" alt=\"\" width=\"100\" height=\"123\" \/><br \/>\n<a href=\"https:\/\/www.polschool.com\/pani-patrycji-szyrzyna\/\"><strong>Patrycja Szyrzyna<\/strong><\/a><br \/>\n<em><u>Friday &#8211; Room 203<\/u><\/em> Preschool and Class 0<br \/>\n<em><u>Saturday &#8211; Room 203<\/u><\/em> Preschool\n<\/div>\n<div class=\"one_half last\">\n<img decoding=\"async\" class=\"alignleft\" src=\"https:\/\/polschool.com\/wp-content\/uploads\/2020\/01\/AWatkins.jpg\" alt=\"\" width=\"100\" \/><br \/>\n<a href=\"https:\/\/www.polschool.com\/pani-anna-watkins\/\"><strong>Anna Watkins<\/strong><\/a><br \/>\nGrade 11 &#8211; Friday<br \/>\nGrades 9 &amp; 10 &#8211; Saturday\n<\/div>\n<div class=\"one_half\">\n<img loading=\"lazy\" decoding=\"async\" class=\"alignleft\" src=\"https:\/\/polschool.com\/wp-content\/uploads\/2021\/02\/Monika-Wiecek.jpg\" alt=\"Monika Wi\u0119cek\" width=\"100\" height=\"123\" \/><br \/>\n<a href=\"https:\/\/www.polschool.com\/pani-monika-wiecek\/\"><strong>Monika Wi\u0119cek<\/strong><\/a><br \/>\n<em><u>Friday &#8211; Room 111<\/u><\/em><br \/>\nGrade 7<br \/>\n<em><u>Saturday &#8211; Room 107<\/u><\/em><br \/>\nGrade 1\n<\/div>\n<div class=\"one_half last\">\n<img loading=\"lazy\" decoding=\"async\" class=\"alignleft\" src=\"https:\/\/polschool.com\/wp-content\/uploads\/2021\/09\/DSC_6510-BEST-GRAY-Retusz.jpg\" alt=\"Gra\u017cyna Witkowski\" width=\"100\" height=\"123\" \/><br \/>\n<a href=\"https:\/\/www.polschool.com\/pani-grazyna-witkowski\/\"><strong>Gra\u017cyna Witkowski<\/strong><\/a><br \/>\n<em><u>Saturday &#8211; Room 205<\/u><\/em><br \/>\nGrade 6\n<\/div>\n<div class=\"clear\"><\/div>\n","protected":false},"excerpt":{"rendered":"<p>For more information about a teacher, please click their name. \u00a0School Leadership Teachers<\/p>\n","protected":false},"author":11,"featured_media":0,"parent":37,"menu_order":58,"comment_status":"closed","ping_status":"closed","template":"","meta":{"footnotes":""},"class_list":["post-109","page","type-page","status-publish","hentry","nodate","item-wrap"],"yoast_head":"<!-- This site is optimized with the Yoast SEO plugin v27.4 - https:\/\/yoast.com\/product\/yoast-seo-wordpress\/ -->\n<title>Faculty - Polska Szko\u0142a w Lemont<\/title>\n<meta name=\"description\" content=\"Polska Szkola Lemont\" \/>\n<meta name=\"robots\" content=\"index, follow, max-snippet:-1, max-image-preview:large, max-video-preview:-1\" \/>\n<link rel=\"canonical\" href=\"https:\/\/polschool.com\/en\/about-us\/faculty\/\" \/>\n<meta property=\"og:locale\" content=\"en_US\" \/>\n<meta property=\"og:type\" content=\"article\" \/>\n<meta property=\"og:title\" content=\"Faculty - Polska Szko\u0142a w Lemont\" \/>\n<meta property=\"og:description\" content=\"Polska Szkola Lemont\" \/>\n<meta property=\"og:url\" content=\"https:\/\/polschool.com\/en\/about-us\/faculty\/\" \/>\n<meta property=\"og:site_name\" content=\"Polska Szko\u0142a w Lemont\" \/>\n<meta property=\"article:publisher\" content=\"https:\/\/www.facebook.com\/pages\/category\/Elementary-School\/John-Paul-II-Polish-School-Polska-Szkola-im-Jana-Pawla-II-195616273803039\/\" \/>\n<meta property=\"article:modified_time\" content=\"2025-10-24T19:28:31+00:00\" \/>\n<meta property=\"og:image\" content=\"https:\/\/polschool.com\/wp-content\/uploads\/2020\/01\/HSzyrzyna.jpg\" \/>\n<meta name=\"twitter:card\" content=\"summary_large_image\" \/>\n<meta name=\"twitter:label1\" content=\"Est. reading time\" \/>\n\t<meta name=\"twitter:data1\" content=\"5 minutes\" \/>\n<script type=\"application\/ld+json\" class=\"yoast-schema-graph\">{\"@context\":\"https:\\\/\\\/schema.org\",\"@graph\":[{\"@type\":\"WebPage\",\"@id\":\"https:\\\/\\\/polschool.com\\\/en\\\/about-us\\\/faculty\\\/\",\"url\":\"https:\\\/\\\/polschool.com\\\/en\\\/about-us\\\/faculty\\\/\",\"name\":\"Faculty - Polska Szko\u0142a w Lemont\",\"isPartOf\":{\"@id\":\"https:\\\/\\\/www.polschool.com\\\/en\\\/#website\"},\"primaryImageOfPage\":{\"@id\":\"https:\\\/\\\/polschool.com\\\/en\\\/about-us\\\/faculty\\\/#primaryimage\"},\"image\":{\"@id\":\"https:\\\/\\\/polschool.com\\\/en\\\/about-us\\\/faculty\\\/#primaryimage\"},\"thumbnailUrl\":\"https:\\\/\\\/polschool.com\\\/wp-content\\\/uploads\\\/2020\\\/01\\\/HSzyrzyna.jpg\",\"datePublished\":\"2012-01-05T06:26:13+00:00\",\"dateModified\":\"2025-10-24T19:28:31+00:00\",\"description\":\"Polska Szkola Lemont\",\"breadcrumb\":{\"@id\":\"https:\\\/\\\/polschool.com\\\/en\\\/about-us\\\/faculty\\\/#breadcrumb\"},\"inLanguage\":\"en-US\",\"potentialAction\":[{\"@type\":\"ReadAction\",\"target\":[\"https:\\\/\\\/polschool.com\\\/en\\\/about-us\\\/faculty\\\/\"]}]},{\"@type\":\"ImageObject\",\"inLanguage\":\"en-US\",\"@id\":\"https:\\\/\\\/polschool.com\\\/en\\\/about-us\\\/faculty\\\/#primaryimage\",\"url\":\"https:\\\/\\\/polschool.com\\\/wp-content\\\/uploads\\\/2020\\\/01\\\/HSzyrzyna.jpg\",\"contentUrl\":\"https:\\\/\\\/polschool.com\\\/wp-content\\\/uploads\\\/2020\\\/01\\\/HSzyrzyna.jpg\"},{\"@type\":\"BreadcrumbList\",\"@id\":\"https:\\\/\\\/polschool.com\\\/en\\\/about-us\\\/faculty\\\/#breadcrumb\",\"itemListElement\":[{\"@type\":\"ListItem\",\"position\":1,\"name\":\"Home\",\"item\":\"https:\\\/\\\/polschool.com\\\/en\\\/\"},{\"@type\":\"ListItem\",\"position\":2,\"name\":\"About\",\"item\":\"https:\\\/\\\/polschool.com\\\/en\\\/\"},{\"@type\":\"ListItem\",\"position\":3,\"name\":\"Faculty\"}]},{\"@type\":\"WebSite\",\"@id\":\"https:\\\/\\\/www.polschool.com\\\/en\\\/#website\",\"url\":\"https:\\\/\\\/www.polschool.com\\\/en\\\/\",\"name\":\"Polska Szko\u0142a w Lemont\",\"description\":\"im. \u015bw. Jana Paw\u0142a II\",\"potentialAction\":[{\"@type\":\"SearchAction\",\"target\":{\"@type\":\"EntryPoint\",\"urlTemplate\":\"https:\\\/\\\/www.polschool.com\\\/en\\\/?s={search_term_string}\"},\"query-input\":{\"@type\":\"PropertyValueSpecification\",\"valueRequired\":true,\"valueName\":\"search_term_string\"}}],\"inLanguage\":\"en-US\"}]}<\/script>\n<!-- \/ Yoast SEO plugin. -->","yoast_head_json":{"title":"Faculty - Polska Szko\u0142a w Lemont","description":"Polska Szkola Lemont","robots":{"index":"index","follow":"follow","max-snippet":"max-snippet:-1","max-image-preview":"max-image-preview:large","max-video-preview":"max-video-preview:-1"},"canonical":"https:\/\/polschool.com\/en\/about-us\/faculty\/","og_locale":"en_US","og_type":"article","og_title":"Faculty - Polska Szko\u0142a w Lemont","og_description":"Polska Szkola Lemont","og_url":"https:\/\/polschool.com\/en\/about-us\/faculty\/","og_site_name":"Polska Szko\u0142a w Lemont","article_publisher":"https:\/\/www.facebook.com\/pages\/category\/Elementary-School\/John-Paul-II-Polish-School-Polska-Szkola-im-Jana-Pawla-II-195616273803039\/","article_modified_time":"2025-10-24T19:28:31+00:00","og_image":[{"url":"https:\/\/polschool.com\/wp-content\/uploads\/2020\/01\/HSzyrzyna.jpg","type":"","width":"","height":""}],"twitter_card":"summary_large_image","twitter_misc":{"Est. reading time":"5 minutes"},"schema":{"@context":"https:\/\/schema.org","@graph":[{"@type":"WebPage","@id":"https:\/\/polschool.com\/en\/about-us\/faculty\/","url":"https:\/\/polschool.com\/en\/about-us\/faculty\/","name":"Faculty - Polska Szko\u0142a w Lemont","isPartOf":{"@id":"https:\/\/www.polschool.com\/en\/#website"},"primaryImageOfPage":{"@id":"https:\/\/polschool.com\/en\/about-us\/faculty\/#primaryimage"},"image":{"@id":"https:\/\/polschool.com\/en\/about-us\/faculty\/#primaryimage"},"thumbnailUrl":"https:\/\/polschool.com\/wp-content\/uploads\/2020\/01\/HSzyrzyna.jpg","datePublished":"2012-01-05T06:26:13+00:00","dateModified":"2025-10-24T19:28:31+00:00","description":"Polska Szkola Lemont","breadcrumb":{"@id":"https:\/\/polschool.com\/en\/about-us\/faculty\/#breadcrumb"},"inLanguage":"en-US","potentialAction":[{"@type":"ReadAction","target":["https:\/\/polschool.com\/en\/about-us\/faculty\/"]}]},{"@type":"ImageObject","inLanguage":"en-US","@id":"https:\/\/polschool.com\/en\/about-us\/faculty\/#primaryimage","url":"https:\/\/polschool.com\/wp-content\/uploads\/2020\/01\/HSzyrzyna.jpg","contentUrl":"https:\/\/polschool.com\/wp-content\/uploads\/2020\/01\/HSzyrzyna.jpg"},{"@type":"BreadcrumbList","@id":"https:\/\/polschool.com\/en\/about-us\/faculty\/#breadcrumb","itemListElement":[{"@type":"ListItem","position":1,"name":"Home","item":"https:\/\/polschool.com\/en\/"},{"@type":"ListItem","position":2,"name":"About","item":"https:\/\/polschool.com\/en\/"},{"@type":"ListItem","position":3,"name":"Faculty"}]},{"@type":"WebSite","@id":"https:\/\/www.polschool.com\/en\/#website","url":"https:\/\/www.polschool.com\/en\/","name":"Polska Szko\u0142a w Lemont","description":"im. \u015bw. Jana Paw\u0142a II","potentialAction":[{"@type":"SearchAction","target":{"@type":"EntryPoint","urlTemplate":"https:\/\/www.polschool.com\/en\/?s={search_term_string}"},"query-input":{"@type":"PropertyValueSpecification","valueRequired":true,"valueName":"search_term_string"}}],"inLanguage":"en-US"}]}},"_links":{"self":[{"href":"https:\/\/polschool.com\/en\/wp-json\/wp\/v2\/pages\/109","targetHints":{"allow":["GET"]}}],"collection":[{"href":"https:\/\/polschool.com\/en\/wp-json\/wp\/v2\/pages"}],"about":[{"href":"https:\/\/polschool.com\/en\/wp-json\/wp\/v2\/types\/page"}],"author":[{"embeddable":true,"href":"https:\/\/polschool.com\/en\/wp-json\/wp\/v2\/users\/11"}],"replies":[{"embeddable":true,"href":"https:\/\/polschool.com\/en\/wp-json\/wp\/v2\/comments?post=109"}],"version-history":[{"count":40,"href":"https:\/\/polschool.com\/en\/wp-json\/wp\/v2\/pages\/109\/revisions"}],"predecessor-version":[{"id":16399,"href":"https:\/\/polschool.com\/en\/wp-json\/wp\/v2\/pages\/109\/revisions\/16399"}],"up":[{"embeddable":true,"href":"https:\/\/polschool.com\/en\/wp-json\/wp\/v2\/pages\/37"}],"wp:attachment":[{"href":"https:\/\/polschool.com\/en\/wp-json\/wp\/v2\/media?parent=109"}],"curies":[{"name":"wp","href":"https:\/\/api.w.org\/{rel}","templated":true}]}}