{"id":106,"date":"2012-01-05T06:25:49","date_gmt":"2012-01-05T06:25:49","guid":{"rendered":"http:\/\/dev.polschool.com\/?page_id=106"},"modified":"2026-03-09T08:52:31","modified_gmt":"2026-03-09T13:52:31","slug":"school-board","status":"publish","type":"page","link":"https:\/\/polschool.com\/en\/about-us\/school-board\/","title":{"rendered":"School Board"},"content":{"rendered":"<div class=\"one_half\">\n<img loading=\"lazy\" decoding=\"async\" src=\"https:\/\/polschool.com\/wp-content\/uploads\/2021\/03\/DSC_6488-BEST-GRAY-Retusz.jpg\" alt=\"\" width=\"100\" height=\"149\" \/><br \/>\nGrzegorz Karkoszka<br \/>\nSchool&#8217;s President<br \/>\n<a href=\"mailto:president@polschool.com\">president@polschool.com<\/a>\n<\/div>\n<div class=\"one_half last\">\n<img loading=\"lazy\" decoding=\"async\" src=\"https:\/\/polschool.com\/wp-content\/uploads\/2025\/10\/Untitled-design.jpg\" alt=\"\" width=\"100\" height=\"149\" \/><br \/>\nSebastian Brzoza<br \/>\nVice Presdent<br \/>\n<a href=\"mailto:vicepresident@polschool.com\">vicepresident@polschool.com<\/a>\n<\/div>\n<div class=\"one_half\">\n<p><img loading=\"lazy\" decoding=\"async\" src=\"https:\/\/polschool.com\/wp-content\/uploads\/2024\/11\/MMalochleb.jpg\" alt=\"\" width=\"100\" height=\"149\" \/><br \/>\nMonika Malochleb<br \/>\nTreasurer<br \/>\n<a href=\"mailto:treasurer@polschool.com\">treasurer@polschool.com<\/a>\n<\/div>\n<div class=\"one_half last\">\n<img loading=\"lazy\" decoding=\"async\" src=\"https:\/\/polschool.com\/wp-content\/uploads\/2024\/05\/DSC09453-GRAY-scaled.jpg\" alt=\"\" width=\"100\" height=\"149\" \/><br \/>\nMaria Lasnicki<br \/>\nEvent Coordinator<br \/>\n<a href=\"mailto:eventcoordinator02@polschool.com\">eventcoordinator02@polschool.com<\/a>\n<\/div>\n<div class=\"clear\"><\/div>\n<div class=\"one_half\">\n<img loading=\"lazy\" decoding=\"async\" src=\"https:\/\/polschool.com\/wp-content\/uploads\/2026\/03\/KGaldyn-e1773064296889.jpg\" alt=\"\" width=\"100\" height=\"149\" \/><br \/>\nKatarzyna Galdyn<br \/>\nProtocol Secretary<br \/>\n<a href=\"mailto:secretary@polschool.com\">secretary@polschool.com<\/a>\n<\/div>\n<div class=\"one_half last\">\n<img loading=\"lazy\" decoding=\"async\" src=\"https:\/\/polschool.com\/wp-content\/uploads\/2026\/03\/Kamila-e1773018737286.jpg\" alt=\"\" width=\"100\" height=\"149\" \/><br \/>\nKamila Wiaderek<br \/>\nAdministrator<br \/>\n<a href=\"mailto:admin@polschool.com\">admin@polschool.com<\/a>\n<\/div>\n<div class=\"clear\"><\/div>\n<h4 style=\"color: #990000;\">The Audit Committee<\/h4>\n<div class=\"one_half\">\n<p>Artur G\u0142ogowski<\/p>\n<p>Micha\u0142 \u0141ochnicki<\/p>\n<p>Tomasz Blicharski<\/p>\n<p>&nbsp;<\/p>\n<p>&nbsp;<\/p>\n<\/div>\n<div class=\"one_half last\">\n<\/div>\n<div class=\"clear\"><\/div>\n<div class=\"clear\"><\/div>\n","protected":false},"excerpt":{"rendered":"<p>The Audit Committee<\/p>\n","protected":false},"author":11,"featured_media":0,"parent":37,"menu_order":60,"comment_status":"closed","ping_status":"closed","template":"","meta":{"footnotes":""},"class_list":["post-106","page","type-page","status-publish","hentry","nodate","item-wrap"],"yoast_head":"<!-- This site is optimized with the Yoast SEO plugin v27.6 - https:\/\/yoast.com\/product\/yoast-seo-wordpress\/ -->\n<title>School Board - Polska Szko\u0142a w Lemont<\/title>\n<meta name=\"description\" content=\"Polska Szkola Lemont\" \/>\n<meta name=\"robots\" content=\"index, follow, max-snippet:-1, max-image-preview:large, max-video-preview:-1\" \/>\n<link rel=\"canonical\" href=\"https:\/\/polschool.com\/en\/about-us\/school-board\/\" \/>\n<meta property=\"og:locale\" content=\"en_US\" \/>\n<meta property=\"og:type\" content=\"article\" \/>\n<meta property=\"og:title\" content=\"School Board - Polska Szko\u0142a w Lemont\" \/>\n<meta property=\"og:description\" content=\"Polska Szkola Lemont\" \/>\n<meta property=\"og:url\" content=\"https:\/\/polschool.com\/en\/about-us\/school-board\/\" \/>\n<meta property=\"og:site_name\" content=\"Polska Szko\u0142a w Lemont\" \/>\n<meta property=\"article:publisher\" content=\"https:\/\/www.facebook.com\/pages\/category\/Elementary-School\/John-Paul-II-Polish-School-Polska-Szkola-im-Jana-Pawla-II-195616273803039\/\" \/>\n<meta property=\"article:modified_time\" content=\"2026-03-09T13:52:31+00:00\" \/>\n<meta property=\"og:image\" content=\"https:\/\/polschool.com\/wp-content\/uploads\/2021\/03\/DSC_6488-BEST-GRAY-Retusz.jpg\" \/>\n<meta name=\"twitter:card\" content=\"summary_large_image\" \/>\n<meta name=\"twitter:label1\" content=\"Est. reading time\" \/>\n\t<meta name=\"twitter:data1\" content=\"2 minutes\" \/>\n<script type=\"application\/ld+json\" class=\"yoast-schema-graph\">{\"@context\":\"https:\\\/\\\/schema.org\",\"@graph\":[{\"@type\":\"WebPage\",\"@id\":\"https:\\\/\\\/polschool.com\\\/en\\\/about-us\\\/school-board\\\/\",\"url\":\"https:\\\/\\\/polschool.com\\\/en\\\/about-us\\\/school-board\\\/\",\"name\":\"School Board - Polska Szko\u0142a w Lemont\",\"isPartOf\":{\"@id\":\"https:\\\/\\\/www.polschool.com\\\/en\\\/#website\"},\"primaryImageOfPage\":{\"@id\":\"https:\\\/\\\/polschool.com\\\/en\\\/about-us\\\/school-board\\\/#primaryimage\"},\"image\":{\"@id\":\"https:\\\/\\\/polschool.com\\\/en\\\/about-us\\\/school-board\\\/#primaryimage\"},\"thumbnailUrl\":\"https:\\\/\\\/polschool.com\\\/wp-content\\\/uploads\\\/2021\\\/03\\\/DSC_6488-BEST-GRAY-Retusz.jpg\",\"datePublished\":\"2012-01-05T06:25:49+00:00\",\"dateModified\":\"2026-03-09T13:52:31+00:00\",\"description\":\"Polska Szkola Lemont\",\"breadcrumb\":{\"@id\":\"https:\\\/\\\/polschool.com\\\/en\\\/about-us\\\/school-board\\\/#breadcrumb\"},\"inLanguage\":\"en-US\",\"potentialAction\":[{\"@type\":\"ReadAction\",\"target\":[\"https:\\\/\\\/polschool.com\\\/en\\\/about-us\\\/school-board\\\/\"]}]},{\"@type\":\"ImageObject\",\"inLanguage\":\"en-US\",\"@id\":\"https:\\\/\\\/polschool.com\\\/en\\\/about-us\\\/school-board\\\/#primaryimage\",\"url\":\"https:\\\/\\\/polschool.com\\\/wp-content\\\/uploads\\\/2021\\\/03\\\/DSC_6488-BEST-GRAY-Retusz.jpg\",\"contentUrl\":\"https:\\\/\\\/polschool.com\\\/wp-content\\\/uploads\\\/2021\\\/03\\\/DSC_6488-BEST-GRAY-Retusz.jpg\"},{\"@type\":\"BreadcrumbList\",\"@id\":\"https:\\\/\\\/polschool.com\\\/en\\\/about-us\\\/school-board\\\/#breadcrumb\",\"itemListElement\":[{\"@type\":\"ListItem\",\"position\":1,\"name\":\"Home\",\"item\":\"https:\\\/\\\/polschool.com\\\/en\\\/\"},{\"@type\":\"ListItem\",\"position\":2,\"name\":\"About\",\"item\":\"https:\\\/\\\/polschool.com\\\/en\\\/\"},{\"@type\":\"ListItem\",\"position\":3,\"name\":\"School Board\"}]},{\"@type\":\"WebSite\",\"@id\":\"https:\\\/\\\/www.polschool.com\\\/en\\\/#website\",\"url\":\"https:\\\/\\\/www.polschool.com\\\/en\\\/\",\"name\":\"Polska Szko\u0142a w Lemont\",\"description\":\"im. \u015bw. Jana Paw\u0142a II\",\"potentialAction\":[{\"@type\":\"SearchAction\",\"target\":{\"@type\":\"EntryPoint\",\"urlTemplate\":\"https:\\\/\\\/www.polschool.com\\\/en\\\/?s={search_term_string}\"},\"query-input\":{\"@type\":\"PropertyValueSpecification\",\"valueRequired\":true,\"valueName\":\"search_term_string\"}}],\"inLanguage\":\"en-US\"}]}<\/script>\n<!-- \/ Yoast SEO plugin. -->","yoast_head_json":{"title":"School Board - Polska Szko\u0142a w Lemont","description":"Polska Szkola Lemont","robots":{"index":"index","follow":"follow","max-snippet":"max-snippet:-1","max-image-preview":"max-image-preview:large","max-video-preview":"max-video-preview:-1"},"canonical":"https:\/\/polschool.com\/en\/about-us\/school-board\/","og_locale":"en_US","og_type":"article","og_title":"School Board - Polska Szko\u0142a w Lemont","og_description":"Polska Szkola Lemont","og_url":"https:\/\/polschool.com\/en\/about-us\/school-board\/","og_site_name":"Polska Szko\u0142a w Lemont","article_publisher":"https:\/\/www.facebook.com\/pages\/category\/Elementary-School\/John-Paul-II-Polish-School-Polska-Szkola-im-Jana-Pawla-II-195616273803039\/","article_modified_time":"2026-03-09T13:52:31+00:00","og_image":[{"url":"https:\/\/polschool.com\/wp-content\/uploads\/2021\/03\/DSC_6488-BEST-GRAY-Retusz.jpg","type":"","width":"","height":""}],"twitter_card":"summary_large_image","twitter_misc":{"Est. reading time":"2 minutes"},"schema":{"@context":"https:\/\/schema.org","@graph":[{"@type":"WebPage","@id":"https:\/\/polschool.com\/en\/about-us\/school-board\/","url":"https:\/\/polschool.com\/en\/about-us\/school-board\/","name":"School Board - Polska Szko\u0142a w Lemont","isPartOf":{"@id":"https:\/\/www.polschool.com\/en\/#website"},"primaryImageOfPage":{"@id":"https:\/\/polschool.com\/en\/about-us\/school-board\/#primaryimage"},"image":{"@id":"https:\/\/polschool.com\/en\/about-us\/school-board\/#primaryimage"},"thumbnailUrl":"https:\/\/polschool.com\/wp-content\/uploads\/2021\/03\/DSC_6488-BEST-GRAY-Retusz.jpg","datePublished":"2012-01-05T06:25:49+00:00","dateModified":"2026-03-09T13:52:31+00:00","description":"Polska Szkola Lemont","breadcrumb":{"@id":"https:\/\/polschool.com\/en\/about-us\/school-board\/#breadcrumb"},"inLanguage":"en-US","potentialAction":[{"@type":"ReadAction","target":["https:\/\/polschool.com\/en\/about-us\/school-board\/"]}]},{"@type":"ImageObject","inLanguage":"en-US","@id":"https:\/\/polschool.com\/en\/about-us\/school-board\/#primaryimage","url":"https:\/\/polschool.com\/wp-content\/uploads\/2021\/03\/DSC_6488-BEST-GRAY-Retusz.jpg","contentUrl":"https:\/\/polschool.com\/wp-content\/uploads\/2021\/03\/DSC_6488-BEST-GRAY-Retusz.jpg"},{"@type":"BreadcrumbList","@id":"https:\/\/polschool.com\/en\/about-us\/school-board\/#breadcrumb","itemListElement":[{"@type":"ListItem","position":1,"name":"Home","item":"https:\/\/polschool.com\/en\/"},{"@type":"ListItem","position":2,"name":"About","item":"https:\/\/polschool.com\/en\/"},{"@type":"ListItem","position":3,"name":"School Board"}]},{"@type":"WebSite","@id":"https:\/\/www.polschool.com\/en\/#website","url":"https:\/\/www.polschool.com\/en\/","name":"Polska Szko\u0142a w Lemont","description":"im. \u015bw. Jana Paw\u0142a II","potentialAction":[{"@type":"SearchAction","target":{"@type":"EntryPoint","urlTemplate":"https:\/\/www.polschool.com\/en\/?s={search_term_string}"},"query-input":{"@type":"PropertyValueSpecification","valueRequired":true,"valueName":"search_term_string"}}],"inLanguage":"en-US"}]}},"_links":{"self":[{"href":"https:\/\/polschool.com\/en\/wp-json\/wp\/v2\/pages\/106","targetHints":{"allow":["GET"]}}],"collection":[{"href":"https:\/\/polschool.com\/en\/wp-json\/wp\/v2\/pages"}],"about":[{"href":"https:\/\/polschool.com\/en\/wp-json\/wp\/v2\/types\/page"}],"author":[{"embeddable":true,"href":"https:\/\/polschool.com\/en\/wp-json\/wp\/v2\/users\/11"}],"replies":[{"embeddable":true,"href":"https:\/\/polschool.com\/en\/wp-json\/wp\/v2\/comments?post=106"}],"version-history":[{"count":19,"href":"https:\/\/polschool.com\/en\/wp-json\/wp\/v2\/pages\/106\/revisions"}],"predecessor-version":[{"id":16609,"href":"https:\/\/polschool.com\/en\/wp-json\/wp\/v2\/pages\/106\/revisions\/16609"}],"up":[{"embeddable":true,"href":"https:\/\/polschool.com\/en\/wp-json\/wp\/v2\/pages\/37"}],"wp:attachment":[{"href":"https:\/\/polschool.com\/en\/wp-json\/wp\/v2\/media?parent=106"}],"curies":[{"name":"wp","href":"https:\/\/api.w.org\/{rel}","templated":true}]}}